{"id":9524,"date":"2023-05-11T15:53:10","date_gmt":"2023-05-11T20:53:10","guid":{"rendered":"https:\/\/utap.edu.co\/sitio\/?page_id=9524"},"modified":"2023-08-12T11:39:56","modified_gmt":"2023-08-12T16:39:56","slug":"infraestructura","status":"publish","type":"page","link":"https:\/\/utap.edu.co\/sitio\/infraestructura\/","title":{"rendered":"Infraestructura"},"content":{"rendered":"\n<p>\u00a0 <h1><strong>Infraestructura UTAP <\/strong><\/h1><\/p>\n\n\n\n<figure class=\"is-layout-flex wp-block-gallery-1 wp-block-gallery has-nested-images columns-3 is-cropped\">\n<figure class=\"wp-block-image size-large\"><a href=\"https:\/\/utap.edu.co\/sitio\/wp-content\/uploads\/2023\/08\/frontal-scaled.jpg\"><img decoding=\"async\" loading=\"lazy\" width=\"1024\" height=\"575\" data-id=\"17279\"  src=\"https:\/\/utap.edu.co\/sitio\/wp-content\/uploads\/2023\/08\/frontal-1024x575.jpg\" alt=\"\" class=\"wp-image-17279\" srcset=\"https:\/\/utap.edu.co\/sitio\/wp-content\/uploads\/2023\/08\/frontal-1024x575.jpg 1024w, https:\/\/utap.edu.co\/sitio\/wp-content\/uploads\/2023\/08\/frontal-768x431.jpg 768w, https:\/\/utap.edu.co\/sitio\/wp-content\/uploads\/2023\/08\/frontal-1536x863.jpg 1536w, https:\/\/utap.edu.co\/sitio\/wp-content\/uploads\/2023\/08\/frontal-2048x1150.jpg 2048w\" sizes=\"(max-width: 1024px) 100vw, 1024px\" \/><\/a><figcaption class=\"wp-element-caption\"><strong>FACHADA (VISTA FRONTAL)<\/strong><\/figcaption><\/figure>\n\n\n\n<figure class=\"wp-block-image size-large\"><a href=\"https:\/\/utap.edu.co\/sitio\/wp-content\/uploads\/2023\/08\/lateral.jpg\"><img decoding=\"async\" loading=\"lazy\" width=\"1024\" height=\"734\" data-id=\"17278\"  src=\"https:\/\/utap.edu.co\/sitio\/wp-content\/uploads\/2023\/08\/lateral-1024x734.jpg\" alt=\"\" class=\"wp-image-17278\" srcset=\"https:\/\/utap.edu.co\/sitio\/wp-content\/uploads\/2023\/08\/lateral-1024x734.jpg 1024w, https:\/\/utap.edu.co\/sitio\/wp-content\/uploads\/2023\/08\/lateral-768x550.jpg 768w, https:\/\/utap.edu.co\/sitio\/wp-content\/uploads\/2023\/08\/lateral-1536x1100.jpg 1536w, https:\/\/utap.edu.co\/sitio\/wp-content\/uploads\/2023\/08\/lateral-2048x1467.jpg 2048w\" sizes=\"(max-width: 1024px) 100vw, 1024px\" \/><\/a><figcaption class=\"wp-element-caption\"><strong>FACHADA (VISTA LATERAL)<\/strong><\/figcaption><\/figure>\n\n\n\n<figure class=\"wp-block-image size-large\"><a href=\"https:\/\/utap.edu.co\/sitio\/wp-content\/uploads\/2023\/05\/PASILLO-2-SEGUNDO-PISO.jpg\"><img decoding=\"async\" loading=\"lazy\" width=\"1024\" height=\"763\" data-id=\"16346\"  src=\"https:\/\/utap.edu.co\/sitio\/wp-content\/uploads\/2023\/05\/PASILLO-2-SEGUNDO-PISO-1024x763.jpg\" alt=\"\" class=\"wp-image-16346\" srcset=\"https:\/\/utap.edu.co\/sitio\/wp-content\/uploads\/2023\/05\/PASILLO-2-SEGUNDO-PISO-1024x763.jpg 1024w, https:\/\/utap.edu.co\/sitio\/wp-content\/uploads\/2023\/05\/PASILLO-2-SEGUNDO-PISO-768x572.jpg 768w, https:\/\/utap.edu.co\/sitio\/wp-content\/uploads\/2023\/05\/PASILLO-2-SEGUNDO-PISO-1536x1144.jpg 1536w, https:\/\/utap.edu.co\/sitio\/wp-content\/uploads\/2023\/05\/PASILLO-2-SEGUNDO-PISO.jpg 1983w\" sizes=\"(max-width: 1024px) 100vw, 1024px\" \/><\/a><figcaption class=\"wp-element-caption\"><strong>PASILLO 2 &#8211; SEGUNDO PISO<\/strong><\/figcaption><\/figure>\n\n\n\n<figure class=\"wp-block-image size-large\"><a href=\"https:\/\/utap.edu.co\/sitio\/wp-content\/uploads\/2023\/05\/PASILLO-1-SEGUNDO-PISO-scaled.jpg\"><img decoding=\"async\" loading=\"lazy\" width=\"1024\" height=\"683\" data-id=\"16354\"  src=\"https:\/\/utap.edu.co\/sitio\/wp-content\/uploads\/2023\/05\/PASILLO-1-SEGUNDO-PISO-1024x683.jpg\" alt=\"\" class=\"wp-image-16354\" srcset=\"https:\/\/utap.edu.co\/sitio\/wp-content\/uploads\/2023\/05\/PASILLO-1-SEGUNDO-PISO-1024x683.jpg 1024w, https:\/\/utap.edu.co\/sitio\/wp-content\/uploads\/2023\/05\/PASILLO-1-SEGUNDO-PISO-768x512.jpg 768w, https:\/\/utap.edu.co\/sitio\/wp-content\/uploads\/2023\/05\/PASILLO-1-SEGUNDO-PISO-600x400.jpg 600w, https:\/\/utap.edu.co\/sitio\/wp-content\/uploads\/2023\/05\/PASILLO-1-SEGUNDO-PISO-1536x1024.jpg 1536w, https:\/\/utap.edu.co\/sitio\/wp-content\/uploads\/2023\/05\/PASILLO-1-SEGUNDO-PISO-2048x1365.jpg 2048w, https:\/\/utap.edu.co\/sitio\/wp-content\/uploads\/2023\/05\/PASILLO-1-SEGUNDO-PISO-272x182.jpg 272w\" sizes=\"(max-width: 1024px) 100vw, 1024px\" \/><\/a><figcaption class=\"wp-element-caption\"><strong>PASILLO 1 &#8211; SEGUNDO PISO<\/strong><\/figcaption><\/figure>\n\n\n\n<figure class=\"wp-block-image size-large\"><a href=\"https:\/\/utap.edu.co\/sitio\/wp-content\/uploads\/2023\/05\/AUDITORIO-scaled.jpg\"><img decoding=\"async\" loading=\"lazy\" width=\"1024\" height=\"683\" data-id=\"16349\"  src=\"https:\/\/utap.edu.co\/sitio\/wp-content\/uploads\/2023\/05\/AUDITORIO-1024x683.jpg\" alt=\"\" class=\"wp-image-16349\" srcset=\"https:\/\/utap.edu.co\/sitio\/wp-content\/uploads\/2023\/05\/AUDITORIO-1024x683.jpg 1024w, https:\/\/utap.edu.co\/sitio\/wp-content\/uploads\/2023\/05\/AUDITORIO-768x512.jpg 768w, https:\/\/utap.edu.co\/sitio\/wp-content\/uploads\/2023\/05\/AUDITORIO-600x400.jpg 600w, https:\/\/utap.edu.co\/sitio\/wp-content\/uploads\/2023\/05\/AUDITORIO-1536x1024.jpg 1536w, https:\/\/utap.edu.co\/sitio\/wp-content\/uploads\/2023\/05\/AUDITORIO-2048x1365.jpg 2048w, https:\/\/utap.edu.co\/sitio\/wp-content\/uploads\/2023\/05\/AUDITORIO-272x182.jpg 272w\" sizes=\"(max-width: 1024px) 100vw, 1024px\" \/><\/a><figcaption class=\"wp-element-caption\"><strong>AUDITORIO<\/strong><\/figcaption><\/figure>\n\n\n\n<figure class=\"wp-block-image size-large\"><a href=\"https:\/\/utap.edu.co\/sitio\/wp-content\/uploads\/2023\/05\/AULA-DE-CLASES-scaled.jpg\"><img decoding=\"async\" loading=\"lazy\" width=\"1024\" height=\"683\" data-id=\"16347\"  src=\"https:\/\/utap.edu.co\/sitio\/wp-content\/uploads\/2023\/05\/AULA-DE-CLASES-1024x683.jpg\" alt=\"\" class=\"wp-image-16347\" srcset=\"https:\/\/utap.edu.co\/sitio\/wp-content\/uploads\/2023\/05\/AULA-DE-CLASES-1024x683.jpg 1024w, https:\/\/utap.edu.co\/sitio\/wp-content\/uploads\/2023\/05\/AULA-DE-CLASES-768x512.jpg 768w, https:\/\/utap.edu.co\/sitio\/wp-content\/uploads\/2023\/05\/AULA-DE-CLASES-600x400.jpg 600w, https:\/\/utap.edu.co\/sitio\/wp-content\/uploads\/2023\/05\/AULA-DE-CLASES-1536x1024.jpg 1536w, https:\/\/utap.edu.co\/sitio\/wp-content\/uploads\/2023\/05\/AULA-DE-CLASES-2048x1365.jpg 2048w, https:\/\/utap.edu.co\/sitio\/wp-content\/uploads\/2023\/05\/AULA-DE-CLASES-272x182.jpg 272w\" sizes=\"(max-width: 1024px) 100vw, 1024px\" \/><\/a><figcaption class=\"wp-element-caption\"><strong>AULA DE CLASES<\/strong><\/figcaption><\/figure>\n\n\n\n<figure class=\"wp-block-image size-large\"><a href=\"https:\/\/utap.edu.co\/sitio\/wp-content\/uploads\/2023\/05\/EMISORA-scaled.jpg\"><img decoding=\"async\" loading=\"lazy\" width=\"1024\" height=\"683\" data-id=\"16352\"  src=\"https:\/\/utap.edu.co\/sitio\/wp-content\/uploads\/2023\/05\/EMISORA-1024x683.jpg\" alt=\"\" class=\"wp-image-16352\" srcset=\"https:\/\/utap.edu.co\/sitio\/wp-content\/uploads\/2023\/05\/EMISORA-1024x683.jpg 1024w, https:\/\/utap.edu.co\/sitio\/wp-content\/uploads\/2023\/05\/EMISORA-768x512.jpg 768w, https:\/\/utap.edu.co\/sitio\/wp-content\/uploads\/2023\/05\/EMISORA-600x400.jpg 600w, https:\/\/utap.edu.co\/sitio\/wp-content\/uploads\/2023\/05\/EMISORA-1536x1024.jpg 1536w, https:\/\/utap.edu.co\/sitio\/wp-content\/uploads\/2023\/05\/EMISORA-2048x1365.jpg 2048w, https:\/\/utap.edu.co\/sitio\/wp-content\/uploads\/2023\/05\/EMISORA-272x182.jpg 272w\" sizes=\"(max-width: 1024px) 100vw, 1024px\" \/><\/a><figcaption class=\"wp-element-caption\"><strong>EMISORA<\/strong><\/figcaption><\/figure>\n\n\n\n<figure class=\"wp-block-image size-large\"><a href=\"https:\/\/utap.edu.co\/sitio\/wp-content\/uploads\/2023\/05\/PASILLO-1-TERCER-PISO-scaled.jpg\"><img decoding=\"async\" loading=\"lazy\" width=\"1024\" height=\"683\" data-id=\"16356\"  src=\"https:\/\/utap.edu.co\/sitio\/wp-content\/uploads\/2023\/05\/PASILLO-1-TERCER-PISO-1024x683.jpg\" alt=\"\" class=\"wp-image-16356\" srcset=\"https:\/\/utap.edu.co\/sitio\/wp-content\/uploads\/2023\/05\/PASILLO-1-TERCER-PISO-1024x683.jpg 1024w, https:\/\/utap.edu.co\/sitio\/wp-content\/uploads\/2023\/05\/PASILLO-1-TERCER-PISO-768x512.jpg 768w, https:\/\/utap.edu.co\/sitio\/wp-content\/uploads\/2023\/05\/PASILLO-1-TERCER-PISO-600x400.jpg 600w, https:\/\/utap.edu.co\/sitio\/wp-content\/uploads\/2023\/05\/PASILLO-1-TERCER-PISO-1536x1024.jpg 1536w, https:\/\/utap.edu.co\/sitio\/wp-content\/uploads\/2023\/05\/PASILLO-1-TERCER-PISO-2048x1365.jpg 2048w, https:\/\/utap.edu.co\/sitio\/wp-content\/uploads\/2023\/05\/PASILLO-1-TERCER-PISO-272x182.jpg 272w\" sizes=\"(max-width: 1024px) 100vw, 1024px\" \/><\/a><figcaption class=\"wp-element-caption\"><strong>PASILLO 1 &#8211; TERCER PISO<\/strong><\/figcaption><\/figure>\n\n\n\n<figure class=\"wp-block-image size-large\"><a href=\"https:\/\/utap.edu.co\/sitio\/wp-content\/uploads\/2023\/05\/PASILLO-EXTERIOR-scaled.jpg\"><img decoding=\"async\" loading=\"lazy\" width=\"1024\" height=\"683\" data-id=\"16358\"  src=\"https:\/\/utap.edu.co\/sitio\/wp-content\/uploads\/2023\/05\/PASILLO-EXTERIOR-1024x683.jpg\" alt=\"\" class=\"wp-image-16358\" srcset=\"https:\/\/utap.edu.co\/sitio\/wp-content\/uploads\/2023\/05\/PASILLO-EXTERIOR-1024x683.jpg 1024w, https:\/\/utap.edu.co\/sitio\/wp-content\/uploads\/2023\/05\/PASILLO-EXTERIOR-768x512.jpg 768w, https:\/\/utap.edu.co\/sitio\/wp-content\/uploads\/2023\/05\/PASILLO-EXTERIOR-600x400.jpg 600w, https:\/\/utap.edu.co\/sitio\/wp-content\/uploads\/2023\/05\/PASILLO-EXTERIOR-1536x1024.jpg 1536w, https:\/\/utap.edu.co\/sitio\/wp-content\/uploads\/2023\/05\/PASILLO-EXTERIOR-2048x1365.jpg 2048w, https:\/\/utap.edu.co\/sitio\/wp-content\/uploads\/2023\/05\/PASILLO-EXTERIOR-272x182.jpg 272w\" sizes=\"(max-width: 1024px) 100vw, 1024px\" \/><\/a><figcaption class=\"wp-element-caption\"><strong>PASILLO EXTERIOR<\/strong><\/figcaption><\/figure>\n\n\n\n<figure class=\"wp-block-image size-large\"><a href=\"https:\/\/utap.edu.co\/sitio\/wp-content\/uploads\/2023\/05\/PASILLO-INTERNO-TERCER-PISO-scaled.jpg\"><img decoding=\"async\" loading=\"lazy\" width=\"1024\" height=\"683\" data-id=\"16348\"  src=\"https:\/\/utap.edu.co\/sitio\/wp-content\/uploads\/2023\/05\/PASILLO-INTERNO-TERCER-PISO-1024x683.jpg\" alt=\"\" class=\"wp-image-16348\" srcset=\"https:\/\/utap.edu.co\/sitio\/wp-content\/uploads\/2023\/05\/PASILLO-INTERNO-TERCER-PISO-1024x683.jpg 1024w, https:\/\/utap.edu.co\/sitio\/wp-content\/uploads\/2023\/05\/PASILLO-INTERNO-TERCER-PISO-768x512.jpg 768w, https:\/\/utap.edu.co\/sitio\/wp-content\/uploads\/2023\/05\/PASILLO-INTERNO-TERCER-PISO-600x400.jpg 600w, https:\/\/utap.edu.co\/sitio\/wp-content\/uploads\/2023\/05\/PASILLO-INTERNO-TERCER-PISO-1536x1024.jpg 1536w, https:\/\/utap.edu.co\/sitio\/wp-content\/uploads\/2023\/05\/PASILLO-INTERNO-TERCER-PISO-2048x1365.jpg 2048w, https:\/\/utap.edu.co\/sitio\/wp-content\/uploads\/2023\/05\/PASILLO-INTERNO-TERCER-PISO-272x182.jpg 272w\" sizes=\"(max-width: 1024px) 100vw, 1024px\" \/><\/a><figcaption class=\"wp-element-caption\"><strong>PASILLO INTERNO &#8211; TERCER PISO<\/strong><\/figcaption><\/figure>\n\n\n\n<figure class=\"wp-block-image size-large\"><a href=\"https:\/\/utap.edu.co\/sitio\/wp-content\/uploads\/2023\/05\/SALA-DE-COMPUTO-scaled.jpg\"><img decoding=\"async\" loading=\"lazy\" width=\"1024\" height=\"683\" data-id=\"16357\"  src=\"https:\/\/utap.edu.co\/sitio\/wp-content\/uploads\/2023\/05\/SALA-DE-COMPUTO-1024x683.jpg\" alt=\"\" class=\"wp-image-16357\" srcset=\"https:\/\/utap.edu.co\/sitio\/wp-content\/uploads\/2023\/05\/SALA-DE-COMPUTO-1024x683.jpg 1024w, https:\/\/utap.edu.co\/sitio\/wp-content\/uploads\/2023\/05\/SALA-DE-COMPUTO-768x512.jpg 768w, https:\/\/utap.edu.co\/sitio\/wp-content\/uploads\/2023\/05\/SALA-DE-COMPUTO-600x400.jpg 600w, https:\/\/utap.edu.co\/sitio\/wp-content\/uploads\/2023\/05\/SALA-DE-COMPUTO-1536x1024.jpg 1536w, https:\/\/utap.edu.co\/sitio\/wp-content\/uploads\/2023\/05\/SALA-DE-COMPUTO-2048x1365.jpg 2048w, https:\/\/utap.edu.co\/sitio\/wp-content\/uploads\/2023\/05\/SALA-DE-COMPUTO-272x182.jpg 272w\" sizes=\"(max-width: 1024px) 100vw, 1024px\" \/><\/a><figcaption class=\"wp-element-caption\"><strong>SALA DE C\u00d3MPUTO<\/strong><\/figcaption><\/figure>\n\n\n\n<figure class=\"wp-block-image size-large\"><a href=\"https:\/\/utap.edu.co\/sitio\/wp-content\/uploads\/2023\/05\/SALA-MAC-scaled.jpg\"><img decoding=\"async\" loading=\"lazy\" width=\"1024\" height=\"683\" data-id=\"16355\"  src=\"https:\/\/utap.edu.co\/sitio\/wp-content\/uploads\/2023\/05\/SALA-MAC-1024x683.jpg\" alt=\"\" class=\"wp-image-16355\" srcset=\"https:\/\/utap.edu.co\/sitio\/wp-content\/uploads\/2023\/05\/SALA-MAC-1024x683.jpg 1024w, https:\/\/utap.edu.co\/sitio\/wp-content\/uploads\/2023\/05\/SALA-MAC-768x512.jpg 768w, https:\/\/utap.edu.co\/sitio\/wp-content\/uploads\/2023\/05\/SALA-MAC-600x400.jpg 600w, https:\/\/utap.edu.co\/sitio\/wp-content\/uploads\/2023\/05\/SALA-MAC-1536x1024.jpg 1536w, https:\/\/utap.edu.co\/sitio\/wp-content\/uploads\/2023\/05\/SALA-MAC-2048x1365.jpg 2048w, https:\/\/utap.edu.co\/sitio\/wp-content\/uploads\/2023\/05\/SALA-MAC-272x182.jpg 272w\" sizes=\"(max-width: 1024px) 100vw, 1024px\" \/><\/a><figcaption class=\"wp-element-caption\"><strong>SALA MAC<\/strong><\/figcaption><\/figure>\n\n\n\n<figure class=\"wp-block-image size-large\"><a href=\"https:\/\/utap.edu.co\/sitio\/wp-content\/uploads\/2023\/05\/SALO-DE-CLASES-scaled.jpg\"><img decoding=\"async\" loading=\"lazy\" width=\"1024\" height=\"683\" data-id=\"16350\"  src=\"https:\/\/utap.edu.co\/sitio\/wp-content\/uploads\/2023\/05\/SALO-DE-CLASES-1024x683.jpg\" alt=\"\" class=\"wp-image-16350\" srcset=\"https:\/\/utap.edu.co\/sitio\/wp-content\/uploads\/2023\/05\/SALO-DE-CLASES-1024x683.jpg 1024w, https:\/\/utap.edu.co\/sitio\/wp-content\/uploads\/2023\/05\/SALO-DE-CLASES-768x512.jpg 768w, https:\/\/utap.edu.co\/sitio\/wp-content\/uploads\/2023\/05\/SALO-DE-CLASES-600x400.jpg 600w, https:\/\/utap.edu.co\/sitio\/wp-content\/uploads\/2023\/05\/SALO-DE-CLASES-1536x1024.jpg 1536w, https:\/\/utap.edu.co\/sitio\/wp-content\/uploads\/2023\/05\/SALO-DE-CLASES-2048x1365.jpg 2048w, https:\/\/utap.edu.co\/sitio\/wp-content\/uploads\/2023\/05\/SALO-DE-CLASES-272x182.jpg 272w\" sizes=\"(max-width: 1024px) 100vw, 1024px\" \/><\/a><figcaption class=\"wp-element-caption\"><strong>SAL\u00d3N DE CLASES<\/strong><\/figcaption><\/figure>\n\n\n\n<figure class=\"wp-block-image size-large\"><a href=\"https:\/\/utap.edu.co\/sitio\/wp-content\/uploads\/2023\/05\/SALON-DE-FOTOGRAFIA-scaled.jpg\"><img decoding=\"async\" loading=\"lazy\" width=\"1024\" height=\"683\" data-id=\"16353\"  src=\"https:\/\/utap.edu.co\/sitio\/wp-content\/uploads\/2023\/05\/SALON-DE-FOTOGRAFIA-1024x683.jpg\" alt=\"\" class=\"wp-image-16353\" srcset=\"https:\/\/utap.edu.co\/sitio\/wp-content\/uploads\/2023\/05\/SALON-DE-FOTOGRAFIA-1024x683.jpg 1024w, https:\/\/utap.edu.co\/sitio\/wp-content\/uploads\/2023\/05\/SALON-DE-FOTOGRAFIA-768x512.jpg 768w, https:\/\/utap.edu.co\/sitio\/wp-content\/uploads\/2023\/05\/SALON-DE-FOTOGRAFIA-600x400.jpg 600w, https:\/\/utap.edu.co\/sitio\/wp-content\/uploads\/2023\/05\/SALON-DE-FOTOGRAFIA-1536x1024.jpg 1536w, https:\/\/utap.edu.co\/sitio\/wp-content\/uploads\/2023\/05\/SALON-DE-FOTOGRAFIA-2048x1365.jpg 2048w, https:\/\/utap.edu.co\/sitio\/wp-content\/uploads\/2023\/05\/SALON-DE-FOTOGRAFIA-272x182.jpg 272w\" sizes=\"(max-width: 1024px) 100vw, 1024px\" \/><\/a><figcaption class=\"wp-element-caption\"><strong>SAL\u00d3N DE FOTOGRAF\u00cdA<\/strong><\/figcaption><\/figure>\n\n\n\n<figure class=\"wp-block-image size-large\"><a href=\"https:\/\/utap.edu.co\/sitio\/wp-content\/uploads\/2023\/05\/PARQUEADERO-scaled.jpg\"><img decoding=\"async\" loading=\"lazy\" width=\"1024\" height=\"683\" data-id=\"16351\"  src=\"https:\/\/utap.edu.co\/sitio\/wp-content\/uploads\/2023\/05\/PARQUEADERO-1024x683.jpg\" alt=\"\" class=\"wp-image-16351\" srcset=\"https:\/\/utap.edu.co\/sitio\/wp-content\/uploads\/2023\/05\/PARQUEADERO-1024x683.jpg 1024w, https:\/\/utap.edu.co\/sitio\/wp-content\/uploads\/2023\/05\/PARQUEADERO-768x512.jpg 768w, https:\/\/utap.edu.co\/sitio\/wp-content\/uploads\/2023\/05\/PARQUEADERO-600x400.jpg 600w, https:\/\/utap.edu.co\/sitio\/wp-content\/uploads\/2023\/05\/PARQUEADERO-1536x1024.jpg 1536w, https:\/\/utap.edu.co\/sitio\/wp-content\/uploads\/2023\/05\/PARQUEADERO-2048x1365.jpg 2048w, https:\/\/utap.edu.co\/sitio\/wp-content\/uploads\/2023\/05\/PARQUEADERO-272x182.jpg 272w\" sizes=\"(max-width: 1024px) 100vw, 1024px\" \/><\/a><figcaption class=\"wp-element-caption\"><strong>PARQUEADERO<\/strong><\/figcaption><\/figure>\n<\/figure>\n","protected":false},"excerpt":{"rendered":"<p>\u00a0 Infraestructura UTAP<\/p>\n","protected":false},"author":1,"featured_media":0,"parent":0,"menu_order":0,"comment_status":"closed","ping_status":"closed","template":"","meta":{"_joinchat":[]},"wf_page_folders":[],"yoast_head":"<!-- This site is optimized with the Yoast SEO plugin v21.1 - https:\/\/yoast.com\/wordpress\/plugins\/seo\/ -->\n<title>Infraestructura - UTAP<\/title>\n<meta name=\"robots\" content=\"index, follow, max-snippet:-1, max-image-preview:large, max-video-preview:-1\" \/>\n<link rel=\"canonical\" href=\"https:\/\/utap.edu.co\/sitio\/infraestructura\/\" \/>\n<meta property=\"og:locale\" content=\"es_ES\" \/>\n<meta property=\"og:type\" content=\"article\" \/>\n<meta property=\"og:title\" content=\"Infraestructura - UTAP\" \/>\n<meta property=\"og:description\" content=\"\u00a0 Infraestructura UTAP\" \/>\n<meta property=\"og:url\" content=\"https:\/\/utap.edu.co\/sitio\/infraestructura\/\" \/>\n<meta property=\"og:site_name\" content=\"UTAP\" \/>\n<meta property=\"article:publisher\" content=\"https:\/\/www.facebook.com\/UTAPCALI\/\" \/>\n<meta property=\"article:modified_time\" content=\"2023-08-12T16:39:56+00:00\" \/>\n<meta property=\"og:image\" content=\"https:\/\/utap.edu.co\/sitio\/wp-content\/uploads\/2023\/08\/frontal-1024x575.jpg\" \/>\n<meta name=\"twitter:card\" content=\"summary_large_image\" \/>\n<script type=\"application\/ld+json\" class=\"yoast-schema-graph\">{\"@context\":\"https:\/\/schema.org\",\"@graph\":[{\"@type\":\"WebPage\",\"@id\":\"https:\/\/utap.edu.co\/sitio\/infraestructura\/\",\"url\":\"https:\/\/utap.edu.co\/sitio\/infraestructura\/\",\"name\":\"Infraestructura - UTAP\",\"isPartOf\":{\"@id\":\"https:\/\/utap.edu.co\/sitio\/#website\"},\"datePublished\":\"2023-05-11T20:53:10+00:00\",\"dateModified\":\"2023-08-12T16:39:56+00:00\",\"breadcrumb\":{\"@id\":\"https:\/\/utap.edu.co\/sitio\/infraestructura\/#breadcrumb\"},\"inLanguage\":\"es\",\"potentialAction\":[{\"@type\":\"ReadAction\",\"target\":[\"https:\/\/utap.edu.co\/sitio\/infraestructura\/\"]}]},{\"@type\":\"BreadcrumbList\",\"@id\":\"https:\/\/utap.edu.co\/sitio\/infraestructura\/#breadcrumb\",\"itemListElement\":[{\"@type\":\"ListItem\",\"position\":1,\"name\":\"Home\",\"item\":\"https:\/\/utap.edu.co\/sitio\/\"},{\"@type\":\"ListItem\",\"position\":2,\"name\":\"Infraestructura\"}]},{\"@type\":\"WebSite\",\"@id\":\"https:\/\/utap.edu.co\/sitio\/#website\",\"url\":\"https:\/\/utap.edu.co\/sitio\/\",\"name\":\"UTAP\",\"description\":\"Educaci\u00f3n Superior con Sentido Social\",\"publisher\":{\"@id\":\"https:\/\/utap.edu.co\/sitio\/#organization\"},\"potentialAction\":[{\"@type\":\"SearchAction\",\"target\":{\"@type\":\"EntryPoint\",\"urlTemplate\":\"https:\/\/utap.edu.co\/sitio\/?s={search_term_string}\"},\"query-input\":\"required name=search_term_string\"}],\"inLanguage\":\"es\"},{\"@type\":\"Organization\",\"@id\":\"https:\/\/utap.edu.co\/sitio\/#organization\",\"name\":\"Tecnol\u00f3gica Aut\u00f3noma del Pacifico\",\"url\":\"https:\/\/utap.edu.co\/sitio\/\",\"logo\":{\"@type\":\"ImageObject\",\"inLanguage\":\"es\",\"@id\":\"https:\/\/utap.edu.co\/sitio\/#\/schema\/logo\/image\/\",\"url\":\"https:\/\/utap.edu.co\/sitio\/wp-content\/uploads\/2023\/11\/Mesa-de-trabajo-1logo.png\",\"contentUrl\":\"https:\/\/utap.edu.co\/sitio\/wp-content\/uploads\/2023\/11\/Mesa-de-trabajo-1logo.png\",\"width\":401,\"height\":86,\"caption\":\"Tecnol\u00f3gica Aut\u00f3noma del Pacifico\"},\"image\":{\"@id\":\"https:\/\/utap.edu.co\/sitio\/#\/schema\/logo\/image\/\"},\"sameAs\":[\"https:\/\/www.facebook.com\/UTAPCALI\/\",\"https:\/\/www.instagram.com\/utapcali\/\",\"https:\/\/www.linkedin.com\/company\/tecnol\u00f3gica-aut\u00f3noma-del-pac\u00edfico\",\"https:\/\/www.youtube.com\/channel\/UCdh4_tECdrEEptoOuW_lo8Q\/\"]}]}<\/script>\n<!-- \/ Yoast SEO plugin. -->","yoast_head_json":{"title":"Infraestructura - UTAP","robots":{"index":"index","follow":"follow","max-snippet":"max-snippet:-1","max-image-preview":"max-image-preview:large","max-video-preview":"max-video-preview:-1"},"canonical":"https:\/\/utap.edu.co\/sitio\/infraestructura\/","og_locale":"es_ES","og_type":"article","og_title":"Infraestructura - UTAP","og_description":"\u00a0 Infraestructura UTAP","og_url":"https:\/\/utap.edu.co\/sitio\/infraestructura\/","og_site_name":"UTAP","article_publisher":"https:\/\/www.facebook.com\/UTAPCALI\/","article_modified_time":"2023-08-12T16:39:56+00:00","og_image":[{"url":"https:\/\/utap.edu.co\/sitio\/wp-content\/uploads\/2023\/08\/frontal-1024x575.jpg"}],"twitter_card":"summary_large_image","schema":{"@context":"https:\/\/schema.org","@graph":[{"@type":"WebPage","@id":"https:\/\/utap.edu.co\/sitio\/infraestructura\/","url":"https:\/\/utap.edu.co\/sitio\/infraestructura\/","name":"Infraestructura - UTAP","isPartOf":{"@id":"https:\/\/utap.edu.co\/sitio\/#website"},"datePublished":"2023-05-11T20:53:10+00:00","dateModified":"2023-08-12T16:39:56+00:00","breadcrumb":{"@id":"https:\/\/utap.edu.co\/sitio\/infraestructura\/#breadcrumb"},"inLanguage":"es","potentialAction":[{"@type":"ReadAction","target":["https:\/\/utap.edu.co\/sitio\/infraestructura\/"]}]},{"@type":"BreadcrumbList","@id":"https:\/\/utap.edu.co\/sitio\/infraestructura\/#breadcrumb","itemListElement":[{"@type":"ListItem","position":1,"name":"Home","item":"https:\/\/utap.edu.co\/sitio\/"},{"@type":"ListItem","position":2,"name":"Infraestructura"}]},{"@type":"WebSite","@id":"https:\/\/utap.edu.co\/sitio\/#website","url":"https:\/\/utap.edu.co\/sitio\/","name":"UTAP","description":"Educaci\u00f3n Superior con Sentido Social","publisher":{"@id":"https:\/\/utap.edu.co\/sitio\/#organization"},"potentialAction":[{"@type":"SearchAction","target":{"@type":"EntryPoint","urlTemplate":"https:\/\/utap.edu.co\/sitio\/?s={search_term_string}"},"query-input":"required name=search_term_string"}],"inLanguage":"es"},{"@type":"Organization","@id":"https:\/\/utap.edu.co\/sitio\/#organization","name":"Tecnol\u00f3gica Aut\u00f3noma del Pacifico","url":"https:\/\/utap.edu.co\/sitio\/","logo":{"@type":"ImageObject","inLanguage":"es","@id":"https:\/\/utap.edu.co\/sitio\/#\/schema\/logo\/image\/","url":"https:\/\/utap.edu.co\/sitio\/wp-content\/uploads\/2023\/11\/Mesa-de-trabajo-1logo.png","contentUrl":"https:\/\/utap.edu.co\/sitio\/wp-content\/uploads\/2023\/11\/Mesa-de-trabajo-1logo.png","width":401,"height":86,"caption":"Tecnol\u00f3gica Aut\u00f3noma del Pacifico"},"image":{"@id":"https:\/\/utap.edu.co\/sitio\/#\/schema\/logo\/image\/"},"sameAs":["https:\/\/www.facebook.com\/UTAPCALI\/","https:\/\/www.instagram.com\/utapcali\/","https:\/\/www.linkedin.com\/company\/tecnol\u00f3gica-aut\u00f3noma-del-pac\u00edfico","https:\/\/www.youtube.com\/channel\/UCdh4_tECdrEEptoOuW_lo8Q\/"]}]}},"_links":{"self":[{"href":"https:\/\/utap.edu.co\/sitio\/wp-json\/wp\/v2\/pages\/9524"}],"collection":[{"href":"https:\/\/utap.edu.co\/sitio\/wp-json\/wp\/v2\/pages"}],"about":[{"href":"https:\/\/utap.edu.co\/sitio\/wp-json\/wp\/v2\/types\/page"}],"author":[{"embeddable":true,"href":"https:\/\/utap.edu.co\/sitio\/wp-json\/wp\/v2\/users\/1"}],"replies":[{"embeddable":true,"href":"https:\/\/utap.edu.co\/sitio\/wp-json\/wp\/v2\/comments?post=9524"}],"version-history":[{"count":0,"href":"https:\/\/utap.edu.co\/sitio\/wp-json\/wp\/v2\/pages\/9524\/revisions"}],"wp:attachment":[{"href":"https:\/\/utap.edu.co\/sitio\/wp-json\/wp\/v2\/media?parent=9524"}],"wp:term":[{"taxonomy":"wf_page_folders","embeddable":true,"href":"https:\/\/utap.edu.co\/sitio\/wp-json\/wp\/v2\/wf_page_folders?post=9524"}],"curies":[{"name":"wp","href":"https:\/\/api.w.org\/{rel}","templated":true}]}}