{"id":4360,"date":"2019-10-12T19:40:53","date_gmt":"2019-10-12T19:40:53","guid":{"rendered":"https:\/\/utap.edu.co\/sitio\/?page_id=4360"},"modified":"2024-03-07T16:40:11","modified_gmt":"2024-03-07T21:40:11","slug":"gestion-humana","status":"publish","type":"page","link":"https:\/\/utap.edu.co\/sitio\/gestion-humana\/","title":{"rendered":"Gesti\u00f3n Humana"},"content":{"rendered":"<div id=\"pl-4360\"  class=\"panel-layout\" ><div id=\"pg-4360-0\"  class=\"panel-grid panel-no-style\" ><div id=\"pgc-4360-0-0\"  class=\"panel-grid-cell\" ><div id=\"panel-4360-0-0-0\" class=\"so-panel widget widget_sow-image panel-first-child panel-last-child\" data-index=\"0\" ><div\n\t\t\t\n\t\t\tclass=\"so-widget-sow-image so-widget-sow-image-default-c4f6304fc136-4360\"\n\t\t\t\n\t\t>\n<div class=\"sow-image-container\">\n\t\t<img \n\tsrc=\"https:\/\/utap.edu.co\/sitio\/wp-content\/uploads\/2022\/03\/BANNER-GESTION-HUMANA.jpg\" width=\"1635\" height=\"512\" srcset=\"https:\/\/utap.edu.co\/sitio\/wp-content\/uploads\/2022\/03\/BANNER-GESTION-HUMANA.jpg 1635w, https:\/\/utap.edu.co\/sitio\/wp-content\/uploads\/2022\/03\/BANNER-GESTION-HUMANA-1024x321.jpg 1024w, https:\/\/utap.edu.co\/sitio\/wp-content\/uploads\/2022\/03\/BANNER-GESTION-HUMANA-768x240.jpg 768w, https:\/\/utap.edu.co\/sitio\/wp-content\/uploads\/2022\/03\/BANNER-GESTION-HUMANA-1536x481.jpg 1536w\" sizes=\"(max-width: 1635px) 100vw, 1635px\" alt=\"\" loading=\"lazy\" \t\tclass=\"so-widget-image\"\/>\n\t<\/div>\n\n<\/div><\/div><\/div><\/div><div id=\"pg-4360-1\"  class=\"panel-grid panel-has-style\" ><div class=\"panel-row-style panel-row-style-for-4360-1\" ><div id=\"pgc-4360-1-0\"  class=\"panel-grid-cell\" ><div id=\"panel-4360-1-0-0\" class=\"so-panel widget widget_text panel-first-child panel-last-child\" data-index=\"1\" >\t\t\t<div class=\"textwidget\"><h1><strong>Gesti\u00f3n Humana<\/strong><\/h1>\n<p><a href=\"https:\/\/utap.edu.co\/sitio\/acta-de-reuniones\/\">*Acta Reuniones<\/a><br \/>\n&nbsp;<br \/>\n<a href=\"https:\/\/utap.edu.co\/sitio\/cumplimiento-actividades\/\">*Cumplimiento Actividades<\/a><br \/>\n&nbsp;<br \/>\n<a href=\"https:\/\/utap.edu.co\/sitio\/encuesta-satisfaccion-capacitaciones\/\">*Encuesta Satisfacci\u00f3n Capacitaciones<\/a><br \/>\n&nbsp;<br \/>\n<a href=\"https:\/\/utap.edu.co\/sitio\/evaluacion-competencia-desempeno\/\">*Evaluaci\u00f3n Competencias Desempe\u00f1o<\/a><br \/>\n&nbsp;<br \/>\n<a href=\"https:\/\/utap.edu.co\/sitio\/evaluacion-eficacia-capacitacion\/\">*Evaluaci\u00f3n Eficacia Capacitaci\u00f3n<\/a><br \/>\n&nbsp;<br \/>\n<a href=\"https:\/\/utap.edu.co\/sitio\/hoja-de-vida-institucional\/\">*Hoja de Vida Institucional<\/a><br \/>\n&nbsp;<br \/>\n<a href=\"https:\/\/utap.edu.co\/sitio\/descripcion-y-perfil-cargos\/\">*Descripci\u00f3n y Perfil Cargos<\/a><br \/>\n&nbsp;<br \/>\n<a href=\"https:\/\/utap.edu.co\/sitio\/plan-maestro-capacitacion\/\">*Plan Maestro Capacitaci\u00f3n<\/a><br \/>\n&nbsp;<br \/>\n<a href=\"https:\/\/utap.edu.co\/sitio\/reglamento-interno-de-trabajo-gestion-humana\/\">*Reglamento Interno de Trabajo\u00a0<\/a><br \/>\n&nbsp;<br \/>\n<a href=\"https:\/\/utap.edu.co\/sitio\/reporte-permiso-ausencia-laboral\/\">*Reporte Permiso Ausencia Laboral<\/a><br \/>\n&nbsp;<br \/>\n<a href=\"https:\/\/utap.edu.co\/sitio\/requisitos-vinculacion\/\">*Requisitos Vinculaci\u00f3n<\/a><br \/>\n&nbsp;<br \/>\n<a href=\"https:\/\/utap.edu.co\/sitio\/ruta-induccion\/\">*Ruta Inducci\u00f3n<\/a><br \/>\n&nbsp;<br \/>\n<a href=\"https:\/\/utap.edu.co\/sitio\/seleccion-de-personal\/\">*Selecci\u00f3n de Personal<\/a><br \/>\n&nbsp;<br \/>\n<a href=\"https:\/\/utap.edu.co\/sitio\/solicitud-necesidades-capacitacion\/\">*Solicitud Necesidades Capacitaci\u00f3n<\/a><br \/>\n&nbsp;<br \/>\n<a href=\"https:\/\/utap.edu.co\/sitio\/solicitud-de-vacante\/\">*Solicitud de Vacante<\/a><br \/>\n&nbsp;<br \/>\n<a href=\"https:\/\/utap.edu.co\/sitio\/seleccion-de-candidato\/\">*Selecci\u00f3n de Candidato<\/a><br \/>\n&nbsp;<br \/>\n<a href=\"https:\/\/utap.edu.co\/sitio\/novedades-para-nomina\/\">*Novedades para N\u00f3mina<\/a><\/p>\n<\/div>\n\t\t<\/div><\/div><div id=\"pgc-4360-1-1\"  class=\"panel-grid-cell\" ><div id=\"panel-4360-1-1-0\" class=\"so-panel widget widget_text panel-first-child\" data-index=\"2\" >\t\t\t<div class=\"textwidget\"><h2><strong>POL\u00cdTICA DE CONTRATACI\u00d3N <\/strong><\/h2>\n<\/div>\n\t\t<\/div><div id=\"panel-4360-1-1-1\" class=\"widget_text so-panel widget widget_custom_html panel-last-child\" data-index=\"3\" ><div class=\"textwidget custom-html-widget\"><div class=\"wp-block-file\" style=\"padding: 20px\"><object class=\"wp-block-file__embed\" data=\"https:\/\/utap.edu.co\/sitio\/wp-content\/uploads\/2022\/04\/POLITICA-DE-CONTRATACION-TALENTO-HUMANO.pdf\" type=\"application\/pdf\" style=\"width:100%;height:600px\" aria-label=\"Incrustado de POLITICA DE CONTRATACI\u00d3N.\"><\/object>\n\n\t<a id=\"btn_descargar_formato\" class=\"wpdm-download-link download-on-click btn btn-primary \" rel=\"nofollow\" href=\"#\" data-downloadurl=\"https:\/\/utap.edu.co\/sitio\/wp-content\/uploads\/2022\/04\/POLITICA-DE-CONTRATACION-TALENTO-HUMANO.pdf\">Descargar<\/a>\n\n<\/div>\n<\/div><\/div><\/div><\/div><\/div><\/div>","protected":false},"excerpt":{"rendered":"<p>Gesti\u00f3n Humana *Acta Reuniones &nbsp; *Cumplimiento Actividades &nbsp; *Encuesta Satisfacci\u00f3n Capacitaciones &nbsp; *Evaluaci\u00f3n Competencias Desempe\u00f1o &nbsp; *Evaluaci\u00f3n Eficacia Capacitaci\u00f3n &nbsp; *Hoja de Vida Institucional &nbsp;&hellip;<\/p>\n","protected":false},"author":1,"featured_media":0,"parent":0,"menu_order":0,"comment_status":"closed","ping_status":"closed","template":"","meta":{"_joinchat":[]},"wf_page_folders":[99],"yoast_head":"<!-- This site is optimized with the Yoast SEO plugin v21.1 - https:\/\/yoast.com\/wordpress\/plugins\/seo\/ -->\n<title>Gesti\u00f3n Humana - UTAP<\/title>\n<meta name=\"robots\" content=\"index, follow, max-snippet:-1, max-image-preview:large, max-video-preview:-1\" \/>\n<link rel=\"canonical\" href=\"https:\/\/utap.edu.co\/sitio\/gestion-humana\/\" \/>\n<meta property=\"og:locale\" content=\"es_ES\" \/>\n<meta property=\"og:type\" content=\"article\" \/>\n<meta property=\"og:title\" content=\"Gesti\u00f3n Humana - UTAP\" \/>\n<meta property=\"og:description\" content=\"Gesti\u00f3n Humana *Acta Reuniones &nbsp; *Cumplimiento Actividades &nbsp; *Encuesta Satisfacci\u00f3n Capacitaciones &nbsp; *Evaluaci\u00f3n Competencias Desempe\u00f1o &nbsp; *Evaluaci\u00f3n Eficacia Capacitaci\u00f3n &nbsp; *Hoja de Vida Institucional &nbsp;&hellip;\" \/>\n<meta property=\"og:url\" content=\"https:\/\/utap.edu.co\/sitio\/gestion-humana\/\" \/>\n<meta property=\"og:site_name\" content=\"UTAP\" \/>\n<meta property=\"article:publisher\" content=\"https:\/\/www.facebook.com\/UTAPCALI\/\" \/>\n<meta property=\"article:modified_time\" content=\"2024-03-07T21:40:11+00:00\" \/>\n<meta name=\"twitter:card\" content=\"summary_large_image\" \/>\n<meta name=\"twitter:label1\" content=\"Tiempo de lectura\" \/>\n\t<meta name=\"twitter:data1\" content=\"1 minuto\" \/>\n<script type=\"application\/ld+json\" class=\"yoast-schema-graph\">{\"@context\":\"https:\/\/schema.org\",\"@graph\":[{\"@type\":\"WebPage\",\"@id\":\"https:\/\/utap.edu.co\/sitio\/gestion-humana\/\",\"url\":\"https:\/\/utap.edu.co\/sitio\/gestion-humana\/\",\"name\":\"Gesti\u00f3n Humana - UTAP\",\"isPartOf\":{\"@id\":\"https:\/\/utap.edu.co\/sitio\/#website\"},\"datePublished\":\"2019-10-12T19:40:53+00:00\",\"dateModified\":\"2024-03-07T21:40:11+00:00\",\"breadcrumb\":{\"@id\":\"https:\/\/utap.edu.co\/sitio\/gestion-humana\/#breadcrumb\"},\"inLanguage\":\"es\",\"potentialAction\":[{\"@type\":\"ReadAction\",\"target\":[\"https:\/\/utap.edu.co\/sitio\/gestion-humana\/\"]}]},{\"@type\":\"BreadcrumbList\",\"@id\":\"https:\/\/utap.edu.co\/sitio\/gestion-humana\/#breadcrumb\",\"itemListElement\":[{\"@type\":\"ListItem\",\"position\":1,\"name\":\"Home\",\"item\":\"https:\/\/utap.edu.co\/sitio\/\"},{\"@type\":\"ListItem\",\"position\":2,\"name\":\"Gesti\u00f3n Humana\"}]},{\"@type\":\"WebSite\",\"@id\":\"https:\/\/utap.edu.co\/sitio\/#website\",\"url\":\"https:\/\/utap.edu.co\/sitio\/\",\"name\":\"UTAP\",\"description\":\"Educaci\u00f3n Superior con Sentido Social\",\"publisher\":{\"@id\":\"https:\/\/utap.edu.co\/sitio\/#organization\"},\"potentialAction\":[{\"@type\":\"SearchAction\",\"target\":{\"@type\":\"EntryPoint\",\"urlTemplate\":\"https:\/\/utap.edu.co\/sitio\/?s={search_term_string}\"},\"query-input\":\"required name=search_term_string\"}],\"inLanguage\":\"es\"},{\"@type\":\"Organization\",\"@id\":\"https:\/\/utap.edu.co\/sitio\/#organization\",\"name\":\"Tecnol\u00f3gica Aut\u00f3noma del Pacifico\",\"url\":\"https:\/\/utap.edu.co\/sitio\/\",\"logo\":{\"@type\":\"ImageObject\",\"inLanguage\":\"es\",\"@id\":\"https:\/\/utap.edu.co\/sitio\/#\/schema\/logo\/image\/\",\"url\":\"https:\/\/utap.edu.co\/sitio\/wp-content\/uploads\/2023\/11\/Mesa-de-trabajo-1logo.png\",\"contentUrl\":\"https:\/\/utap.edu.co\/sitio\/wp-content\/uploads\/2023\/11\/Mesa-de-trabajo-1logo.png\",\"width\":401,\"height\":86,\"caption\":\"Tecnol\u00f3gica Aut\u00f3noma del Pacifico\"},\"image\":{\"@id\":\"https:\/\/utap.edu.co\/sitio\/#\/schema\/logo\/image\/\"},\"sameAs\":[\"https:\/\/www.facebook.com\/UTAPCALI\/\",\"https:\/\/www.instagram.com\/utapcali\/\",\"https:\/\/www.linkedin.com\/company\/tecnol\u00f3gica-aut\u00f3noma-del-pac\u00edfico\",\"https:\/\/www.youtube.com\/channel\/UCdh4_tECdrEEptoOuW_lo8Q\/\"]}]}<\/script>\n<!-- \/ Yoast SEO plugin. -->","yoast_head_json":{"title":"Gesti\u00f3n Humana - UTAP","robots":{"index":"index","follow":"follow","max-snippet":"max-snippet:-1","max-image-preview":"max-image-preview:large","max-video-preview":"max-video-preview:-1"},"canonical":"https:\/\/utap.edu.co\/sitio\/gestion-humana\/","og_locale":"es_ES","og_type":"article","og_title":"Gesti\u00f3n Humana - UTAP","og_description":"Gesti\u00f3n Humana *Acta Reuniones &nbsp; *Cumplimiento Actividades &nbsp; *Encuesta Satisfacci\u00f3n Capacitaciones &nbsp; *Evaluaci\u00f3n Competencias Desempe\u00f1o &nbsp; *Evaluaci\u00f3n Eficacia Capacitaci\u00f3n &nbsp; *Hoja de Vida Institucional &nbsp;&hellip;","og_url":"https:\/\/utap.edu.co\/sitio\/gestion-humana\/","og_site_name":"UTAP","article_publisher":"https:\/\/www.facebook.com\/UTAPCALI\/","article_modified_time":"2024-03-07T21:40:11+00:00","twitter_card":"summary_large_image","twitter_misc":{"Tiempo de lectura":"1 minuto"},"schema":{"@context":"https:\/\/schema.org","@graph":[{"@type":"WebPage","@id":"https:\/\/utap.edu.co\/sitio\/gestion-humana\/","url":"https:\/\/utap.edu.co\/sitio\/gestion-humana\/","name":"Gesti\u00f3n Humana - UTAP","isPartOf":{"@id":"https:\/\/utap.edu.co\/sitio\/#website"},"datePublished":"2019-10-12T19:40:53+00:00","dateModified":"2024-03-07T21:40:11+00:00","breadcrumb":{"@id":"https:\/\/utap.edu.co\/sitio\/gestion-humana\/#breadcrumb"},"inLanguage":"es","potentialAction":[{"@type":"ReadAction","target":["https:\/\/utap.edu.co\/sitio\/gestion-humana\/"]}]},{"@type":"BreadcrumbList","@id":"https:\/\/utap.edu.co\/sitio\/gestion-humana\/#breadcrumb","itemListElement":[{"@type":"ListItem","position":1,"name":"Home","item":"https:\/\/utap.edu.co\/sitio\/"},{"@type":"ListItem","position":2,"name":"Gesti\u00f3n Humana"}]},{"@type":"WebSite","@id":"https:\/\/utap.edu.co\/sitio\/#website","url":"https:\/\/utap.edu.co\/sitio\/","name":"UTAP","description":"Educaci\u00f3n Superior con Sentido Social","publisher":{"@id":"https:\/\/utap.edu.co\/sitio\/#organization"},"potentialAction":[{"@type":"SearchAction","target":{"@type":"EntryPoint","urlTemplate":"https:\/\/utap.edu.co\/sitio\/?s={search_term_string}"},"query-input":"required name=search_term_string"}],"inLanguage":"es"},{"@type":"Organization","@id":"https:\/\/utap.edu.co\/sitio\/#organization","name":"Tecnol\u00f3gica Aut\u00f3noma del Pacifico","url":"https:\/\/utap.edu.co\/sitio\/","logo":{"@type":"ImageObject","inLanguage":"es","@id":"https:\/\/utap.edu.co\/sitio\/#\/schema\/logo\/image\/","url":"https:\/\/utap.edu.co\/sitio\/wp-content\/uploads\/2023\/11\/Mesa-de-trabajo-1logo.png","contentUrl":"https:\/\/utap.edu.co\/sitio\/wp-content\/uploads\/2023\/11\/Mesa-de-trabajo-1logo.png","width":401,"height":86,"caption":"Tecnol\u00f3gica Aut\u00f3noma del Pacifico"},"image":{"@id":"https:\/\/utap.edu.co\/sitio\/#\/schema\/logo\/image\/"},"sameAs":["https:\/\/www.facebook.com\/UTAPCALI\/","https:\/\/www.instagram.com\/utapcali\/","https:\/\/www.linkedin.com\/company\/tecnol\u00f3gica-aut\u00f3noma-del-pac\u00edfico","https:\/\/www.youtube.com\/channel\/UCdh4_tECdrEEptoOuW_lo8Q\/"]}]}},"_links":{"self":[{"href":"https:\/\/utap.edu.co\/sitio\/wp-json\/wp\/v2\/pages\/4360"}],"collection":[{"href":"https:\/\/utap.edu.co\/sitio\/wp-json\/wp\/v2\/pages"}],"about":[{"href":"https:\/\/utap.edu.co\/sitio\/wp-json\/wp\/v2\/types\/page"}],"author":[{"embeddable":true,"href":"https:\/\/utap.edu.co\/sitio\/wp-json\/wp\/v2\/users\/1"}],"replies":[{"embeddable":true,"href":"https:\/\/utap.edu.co\/sitio\/wp-json\/wp\/v2\/comments?post=4360"}],"version-history":[{"count":0,"href":"https:\/\/utap.edu.co\/sitio\/wp-json\/wp\/v2\/pages\/4360\/revisions"}],"wp:attachment":[{"href":"https:\/\/utap.edu.co\/sitio\/wp-json\/wp\/v2\/media?parent=4360"}],"wp:term":[{"taxonomy":"wf_page_folders","embeddable":true,"href":"https:\/\/utap.edu.co\/sitio\/wp-json\/wp\/v2\/wf_page_folders?post=4360"}],"curies":[{"name":"wp","href":"https:\/\/api.w.org\/{rel}","templated":true}]}}