{"id":4070,"date":"2019-10-03T00:38:06","date_gmt":"2019-10-03T00:38:06","guid":{"rendered":"https:\/\/162.241.175.74\/sitio\/?page_id=4070"},"modified":"2022-04-20T09:35:10","modified_gmt":"2022-04-20T14:35:10","slug":"autoevaluacion","status":"publish","type":"page","link":"https:\/\/utap.edu.co\/sitio\/autoevaluacion\/","title":{"rendered":"Autoevaluacion"},"content":{"rendered":"<div id=\"pl-4070\"  class=\"panel-layout\" ><div id=\"pg-4070-0\"  class=\"panel-grid panel-no-style\" ><div id=\"pgc-4070-0-0\"  class=\"panel-grid-cell\" ><div id=\"panel-4070-0-0-0\" class=\"so-panel widget widget_sow-image panel-first-child panel-last-child\" data-index=\"0\" ><div\n\t\t\t\n\t\t\tclass=\"so-widget-sow-image so-widget-sow-image-default-c4f6304fc136-4070\"\n\t\t\t\n\t\t>\n<div class=\"sow-image-container\">\n\t\t<img \n\tsrc=\"https:\/\/utap.edu.co\/sitio\/wp-content\/uploads\/2021\/12\/AUTOEVALUACION_Mesa-de-trabajo-1.png\" width=\"3511\" height=\"1042\" srcset=\"https:\/\/utap.edu.co\/sitio\/wp-content\/uploads\/2021\/12\/AUTOEVALUACION_Mesa-de-trabajo-1.png 3511w, https:\/\/utap.edu.co\/sitio\/wp-content\/uploads\/2021\/12\/AUTOEVALUACION_Mesa-de-trabajo-1-1024x304.png 1024w, https:\/\/utap.edu.co\/sitio\/wp-content\/uploads\/2021\/12\/AUTOEVALUACION_Mesa-de-trabajo-1-768x228.png 768w, https:\/\/utap.edu.co\/sitio\/wp-content\/uploads\/2021\/12\/AUTOEVALUACION_Mesa-de-trabajo-1-1536x456.png 1536w, https:\/\/utap.edu.co\/sitio\/wp-content\/uploads\/2021\/12\/AUTOEVALUACION_Mesa-de-trabajo-1-2048x608.png 2048w\" sizes=\"(max-width: 3511px) 100vw, 3511px\" title=\"AUTOEVALUACI\u00d3N_Mesa de trabajo 1\" alt=\"\" loading=\"lazy\" \t\tclass=\"so-widget-image\"\/>\n\t<\/div>\n\n<\/div><\/div><\/div><\/div><div id=\"pg-4070-1\"  class=\"panel-grid panel-no-style\" ><div id=\"pgc-4070-1-0\"  class=\"panel-grid-cell\" ><div id=\"panel-4070-1-0-0\" class=\"so-panel widget widget_text panel-first-child panel-last-child\" data-index=\"1\" >\t\t\t<div class=\"textwidget\"><div align=\"center\">\n<h2><b>UNA\u00a0VISI\u00d3N\u00a0HACIA LA EXCELENCIA<\/b><\/h2>\n<\/div>\n<p>&nbsp;<\/p>\n<p>La Fundaci\u00f3n Tecnol\u00f3gica Aut\u00f3noma del Pac\u00edfico, concibe al proceso de auto-evaluaci\u00f3n institucional como un pilar fundamental en el mejoramiento continuo con miras a la Excelencia y se expresa como la gesti\u00f3n orientada a la evaluaci\u00f3n con transparencia del desarrollo de la calidad a trav\u00e9s de la Autonom\u00eda Institucional por el logro de los objetivos misionales y Plan de Desarrollo Quinquenal. Dicho ejercicio permite observar y medir todos los procesos y la sinergia entre las diferentes estructuras organizacionales, por lo que podr\u00e1n participar activamente todos los miembros de la Instituci\u00f3n.<\/p>\n<\/div>\n\t\t<\/div><\/div><div id=\"pgc-4070-1-1\"  class=\"panel-grid-cell\" ><div id=\"panel-4070-1-1-0\" class=\"so-panel widget widget_text panel-first-child panel-last-child\" data-index=\"2\" >\t\t\t<div class=\"textwidget\"><h2><b>INGRESO AUTOEVALUACI\u00d3N:<br \/>\n<\/b><\/h2>\n<ul>\n<li><a href=\"https:\/\/docs.google.com\/forms\/d\/e\/1FAIpQLSeqajNe7ROq-2ecefQozqCyBTZQA-sNoXBx9kcX3Qanj11N-w\/viewform\">Estudiantes<\/a><\/li>\n<li><a href=\"https:\/\/docs.google.com\/forms\/d\/e\/1FAIpQLScimBjZJiGv0nEhegwgHfwG88ucMBNQAviO3KABqcanQq4tHg\/viewform?c=0&amp;w=1\">Egresados<\/a><\/li>\n<li><a href=\"https:\/\/docs.google.com\/forms\/d\/e\/1FAIpQLScTzPwEIXQ0QCZ-FI_jUDc6Xx00zlfpbIox6Un1T0zjKM6h7g\/viewform?c=0&amp;w=1\">Empresarios<\/a><\/li>\n<li><a href=\"https:\/\/docs.google.com\/forms\/d\/e\/1FAIpQLScUlutSI4tnyvxdMmn6WbC_VA2pJV3dSs8dlJIdQ7boFrkjtw\/viewform\">Administrativos<\/a><\/li>\n<li><a href=\"https:\/\/docs.google.com\/forms\/d\/e\/1FAIpQLSdcWomFtRe4VDcOIekBb8_oD8zvI1of3v8RUZQtVYbSmAF7Dw\/viewform\">Profesores<\/a><\/li>\n<\/ul>\n<p>&nbsp;<\/p>\n<\/div>\n\t\t<\/div><\/div><\/div><div id=\"pg-4070-2\"  class=\"panel-grid panel-no-style\" ><div id=\"pgc-4070-2-0\"  class=\"panel-grid-cell\" ><div id=\"panel-4070-2-0-0\" class=\"so-panel widget widget_sow-slider panel-first-child panel-last-child\" data-index=\"3\" ><div\n\t\t\t\n\t\t\tclass=\"so-widget-sow-slider so-widget-sow-slider-default-6d39609536fd-4070\"\n\t\t\t\n\t\t>\t\t\t\t<div class=\"sow-slider-base\" style=\"display: none\" tabindex=\"0\">\n\t\t\t\t\t<ul\n\t\t\t\t\tclass=\"sow-slider-images\"\n\t\t\t\t\tdata-settings=\"{&quot;pagination&quot;:true,&quot;speed&quot;:800,&quot;timeout&quot;:8000,&quot;paused&quot;:false,&quot;pause_on_hover&quot;:false,&quot;swipe&quot;:true,&quot;nav_always_show_desktop&quot;:&quot;&quot;,&quot;nav_always_show_mobile&quot;:&quot;&quot;,&quot;breakpoint&quot;:&quot;780px&quot;,&quot;unmute&quot;:false,&quot;anchor&quot;:null}\"\n\t\t\t\t\t\t\t\t\t\tdata-anchor-id=\"\"\n\t\t\t\t><\/ul>\t\t\t\t<ol class=\"sow-slider-pagination\">\n\t\t\t\t\t\t\t\t\t<\/ol>\n\n\t\t\t\t<div class=\"sow-slide-nav sow-slide-nav-next\">\n\t\t\t\t\t<a href=\"#\" data-goto=\"next\" aria-label=\"diapositiva siguiente\" data-action=\"next\">\n\t\t\t\t\t\t<em class=\"sow-sld-icon-thin-right\"><\/em>\n\t\t\t\t\t<\/a>\n\t\t\t\t<\/div>\n\n\t\t\t\t<div class=\"sow-slide-nav sow-slide-nav-prev\">\n\t\t\t\t\t<a href=\"#\" data-goto=\"previous\" aria-label=\"diapositiva anterior\" data-action=\"prev\">\n\t\t\t\t\t\t<em class=\"sow-sld-icon-thin-left\"><\/em>\n\t\t\t\t\t<\/a>\n\t\t\t\t<\/div>\n\t\t\t\t<\/div><\/div><\/div><\/div><\/div><div id=\"pg-4070-3\"  class=\"panel-grid panel-no-style\" ><div id=\"pgc-4070-3-0\"  class=\"panel-grid-cell\" ><div id=\"panel-4070-3-0-0\" class=\"so-panel widget widget_text panel-first-child panel-last-child\" data-index=\"4\" >\t\t\t<div class=\"textwidget\"><div align=\"left\">\n<div align=\"left\">\n<h2><strong>MODELO DE\u00a0GESTI\u00d3N<\/strong><\/h2>\n<\/div>\n<p>Se establece un Modelo de Gesti\u00f3n el cual formula sus lineamientos a trav\u00e9s del modelo de autoevaluaci\u00f3n institucional que en forma sistem\u00e1tica y din\u00e1mica prioriza las debilidades y amenazas de nuestro sistema organizacional. La gesti\u00f3n se la enfoca desde la perspectiva Estrat\u00e9gica, Operativa, de Evaluaci\u00f3n y de Mejoramiento en consideraci\u00f3n al ciclo de mejoramiento y calidad continua. El modelo de gesti\u00f3n integral que aplica la Fundaci\u00f3n tecnol\u00f3gica Aut\u00f3noma del Pac\u00edfico parte de un proceso de Auto evaluaci\u00f3n permanente, establece cuatro directrices :<\/p>\n<p>&nbsp;<\/p>\n<p><strong>La Gesti\u00f3n Estrat\u00e9gica Institucional que se orienta a la<\/strong><br \/>\n<strong>La Gesti\u00f3n Operativa<\/strong><br \/>\n<strong>Gesti\u00f3n de Evaluaci\u00f3n<\/strong><br \/>\n<strong>Gesti\u00f3n de Mejoramiento<\/strong><\/p>\n<\/div>\n<ul>\n<li><a class=\"gde-link\" href=\"https:\/\/docs.google.com\/viewerng\/viewer?url=http:\/\/www.utap.edu.co\/images\/Documentos\/informe+autoevaluacion+TERCER+proceso.pdf\">Nuestros Resultados<\/a><\/li>\n<li><a class=\"gde-link\" href=\"https:\/\/docs.google.com\/viewerng\/viewer?url=http:\/\/www.utap.edu.co\/images\/Documentos\/Plan+de+desarrollo+quinquenal+FTAP.pdf\">Plan de Mejoramiento Institucional<\/a><\/li>\n<\/ul>\n<\/div>\n\t\t<\/div><\/div><div id=\"pgc-4070-3-1\"  class=\"panel-grid-cell\" ><div id=\"panel-4070-3-1-0\" class=\"so-panel widget widget_text panel-first-child\" data-index=\"5\" >\t\t\t<div class=\"textwidget\"><p>POLITICA DE AUTOEVALUACI\u00d3N<\/p>\n<\/div>\n\t\t<\/div><div id=\"panel-4070-3-1-1\" class=\"widget_text so-panel widget widget_custom_html panel-last-child\" data-index=\"6\" ><div class=\"textwidget custom-html-widget\"><div class=\"wp-block-file\" style=\"padding: 20px\"><object class=\"wp-block-file__embed\" data=\"https:\/\/utap.edu.co\/sitio\/wp-content\/uploads\/2022\/04\/POLITICA-DE-AUTOEVALUACION.pdf\" type=\"application\/pdf\" style=\"width:100%;height:600px\" aria-label=\"Incrustado de POLITICA DE AUTOEVALUACION.\"><\/object><a id=\"wp-block-file--media-9fc04e30-1c7c-4050-b8cb-2b7176672e9f\" href=\"https:\/\/utap.edu.co\/sitio\/wp-content\/uploads\/2022\/04\/POLITICA-DE-AUTOEVALUACION.pdf\">POLITICA DE AUTOEVALUACI\u00d3N<\/a><a href=\"https:\/\/utap.edu.co\/sitio\/wp-content\/uploads\/2022\/04\/POLITICA-DE-AUTOEVALUACION.pdf\" class=\"wp-block-file__button\" download aria-describedby=\"wp-block-file--media-9fc04e30-1c7c-4050-b8cb-2b7176672e9f\">Descarga<\/a><\/div><\/div><\/div><\/div><\/div><\/div>","protected":false},"excerpt":{"rendered":"<p>UNA\u00a0VISI\u00d3N\u00a0HACIA LA EXCELENCIA &nbsp; La Fundaci\u00f3n Tecnol\u00f3gica Aut\u00f3noma del Pac\u00edfico, concibe al proceso de auto-evaluaci\u00f3n institucional como un pilar fundamental en el mejoramiento continuo con&hellip;<\/p>\n","protected":false},"author":1,"featured_media":0,"parent":0,"menu_order":0,"comment_status":"closed","ping_status":"closed","template":"","meta":{"_joinchat":[]},"wf_page_folders":[119],"yoast_head":"<!-- This site is optimized with the Yoast SEO plugin v21.1 - https:\/\/yoast.com\/wordpress\/plugins\/seo\/ -->\n<title>Autoevaluacion - UTAP<\/title>\n<meta name=\"robots\" content=\"index, follow, max-snippet:-1, max-image-preview:large, max-video-preview:-1\" \/>\n<link rel=\"canonical\" href=\"https:\/\/utap.edu.co\/sitio\/autoevaluacion\/\" \/>\n<meta property=\"og:locale\" content=\"es_ES\" \/>\n<meta property=\"og:type\" content=\"article\" \/>\n<meta property=\"og:title\" content=\"Autoevaluacion - UTAP\" \/>\n<meta property=\"og:description\" content=\"UNA\u00a0VISI\u00d3N\u00a0HACIA LA EXCELENCIA &nbsp; La Fundaci\u00f3n Tecnol\u00f3gica Aut\u00f3noma del Pac\u00edfico, concibe al proceso de auto-evaluaci\u00f3n institucional como un pilar fundamental en el mejoramiento continuo con&hellip;\" \/>\n<meta property=\"og:url\" content=\"https:\/\/utap.edu.co\/sitio\/autoevaluacion\/\" \/>\n<meta property=\"og:site_name\" content=\"UTAP\" \/>\n<meta property=\"article:publisher\" content=\"https:\/\/www.facebook.com\/UTAPCALI\/\" \/>\n<meta property=\"article:modified_time\" content=\"2022-04-20T14:35:10+00:00\" \/>\n<meta name=\"twitter:card\" content=\"summary_large_image\" \/>\n<meta name=\"twitter:label1\" content=\"Tiempo de lectura\" \/>\n\t<meta name=\"twitter:data1\" content=\"1 minuto\" \/>\n<script type=\"application\/ld+json\" class=\"yoast-schema-graph\">{\"@context\":\"https:\/\/schema.org\",\"@graph\":[{\"@type\":\"WebPage\",\"@id\":\"https:\/\/utap.edu.co\/sitio\/autoevaluacion\/\",\"url\":\"https:\/\/utap.edu.co\/sitio\/autoevaluacion\/\",\"name\":\"Autoevaluacion - UTAP\",\"isPartOf\":{\"@id\":\"https:\/\/utap.edu.co\/sitio\/#website\"},\"datePublished\":\"2019-10-03T00:38:06+00:00\",\"dateModified\":\"2022-04-20T14:35:10+00:00\",\"breadcrumb\":{\"@id\":\"https:\/\/utap.edu.co\/sitio\/autoevaluacion\/#breadcrumb\"},\"inLanguage\":\"es\",\"potentialAction\":[{\"@type\":\"ReadAction\",\"target\":[\"https:\/\/utap.edu.co\/sitio\/autoevaluacion\/\"]}]},{\"@type\":\"BreadcrumbList\",\"@id\":\"https:\/\/utap.edu.co\/sitio\/autoevaluacion\/#breadcrumb\",\"itemListElement\":[{\"@type\":\"ListItem\",\"position\":1,\"name\":\"Home\",\"item\":\"https:\/\/utap.edu.co\/sitio\/\"},{\"@type\":\"ListItem\",\"position\":2,\"name\":\"Autoevaluacion\"}]},{\"@type\":\"WebSite\",\"@id\":\"https:\/\/utap.edu.co\/sitio\/#website\",\"url\":\"https:\/\/utap.edu.co\/sitio\/\",\"name\":\"UTAP\",\"description\":\"Educaci\u00f3n Superior con Sentido Social\",\"publisher\":{\"@id\":\"https:\/\/utap.edu.co\/sitio\/#organization\"},\"potentialAction\":[{\"@type\":\"SearchAction\",\"target\":{\"@type\":\"EntryPoint\",\"urlTemplate\":\"https:\/\/utap.edu.co\/sitio\/?s={search_term_string}\"},\"query-input\":\"required name=search_term_string\"}],\"inLanguage\":\"es\"},{\"@type\":\"Organization\",\"@id\":\"https:\/\/utap.edu.co\/sitio\/#organization\",\"name\":\"Tecnol\u00f3gica Aut\u00f3noma del Pacifico\",\"url\":\"https:\/\/utap.edu.co\/sitio\/\",\"logo\":{\"@type\":\"ImageObject\",\"inLanguage\":\"es\",\"@id\":\"https:\/\/utap.edu.co\/sitio\/#\/schema\/logo\/image\/\",\"url\":\"https:\/\/utap.edu.co\/sitio\/wp-content\/uploads\/2023\/11\/Mesa-de-trabajo-1logo.png\",\"contentUrl\":\"https:\/\/utap.edu.co\/sitio\/wp-content\/uploads\/2023\/11\/Mesa-de-trabajo-1logo.png\",\"width\":401,\"height\":86,\"caption\":\"Tecnol\u00f3gica Aut\u00f3noma del Pacifico\"},\"image\":{\"@id\":\"https:\/\/utap.edu.co\/sitio\/#\/schema\/logo\/image\/\"},\"sameAs\":[\"https:\/\/www.facebook.com\/UTAPCALI\/\",\"https:\/\/www.instagram.com\/utapcali\/\",\"https:\/\/www.linkedin.com\/company\/tecnol\u00f3gica-aut\u00f3noma-del-pac\u00edfico\",\"https:\/\/www.youtube.com\/channel\/UCdh4_tECdrEEptoOuW_lo8Q\/\"]}]}<\/script>\n<!-- \/ Yoast SEO plugin. -->","yoast_head_json":{"title":"Autoevaluacion - UTAP","robots":{"index":"index","follow":"follow","max-snippet":"max-snippet:-1","max-image-preview":"max-image-preview:large","max-video-preview":"max-video-preview:-1"},"canonical":"https:\/\/utap.edu.co\/sitio\/autoevaluacion\/","og_locale":"es_ES","og_type":"article","og_title":"Autoevaluacion - UTAP","og_description":"UNA\u00a0VISI\u00d3N\u00a0HACIA LA EXCELENCIA &nbsp; La Fundaci\u00f3n Tecnol\u00f3gica Aut\u00f3noma del Pac\u00edfico, concibe al proceso de auto-evaluaci\u00f3n institucional como un pilar fundamental en el mejoramiento continuo con&hellip;","og_url":"https:\/\/utap.edu.co\/sitio\/autoevaluacion\/","og_site_name":"UTAP","article_publisher":"https:\/\/www.facebook.com\/UTAPCALI\/","article_modified_time":"2022-04-20T14:35:10+00:00","twitter_card":"summary_large_image","twitter_misc":{"Tiempo de lectura":"1 minuto"},"schema":{"@context":"https:\/\/schema.org","@graph":[{"@type":"WebPage","@id":"https:\/\/utap.edu.co\/sitio\/autoevaluacion\/","url":"https:\/\/utap.edu.co\/sitio\/autoevaluacion\/","name":"Autoevaluacion - UTAP","isPartOf":{"@id":"https:\/\/utap.edu.co\/sitio\/#website"},"datePublished":"2019-10-03T00:38:06+00:00","dateModified":"2022-04-20T14:35:10+00:00","breadcrumb":{"@id":"https:\/\/utap.edu.co\/sitio\/autoevaluacion\/#breadcrumb"},"inLanguage":"es","potentialAction":[{"@type":"ReadAction","target":["https:\/\/utap.edu.co\/sitio\/autoevaluacion\/"]}]},{"@type":"BreadcrumbList","@id":"https:\/\/utap.edu.co\/sitio\/autoevaluacion\/#breadcrumb","itemListElement":[{"@type":"ListItem","position":1,"name":"Home","item":"https:\/\/utap.edu.co\/sitio\/"},{"@type":"ListItem","position":2,"name":"Autoevaluacion"}]},{"@type":"WebSite","@id":"https:\/\/utap.edu.co\/sitio\/#website","url":"https:\/\/utap.edu.co\/sitio\/","name":"UTAP","description":"Educaci\u00f3n Superior con Sentido Social","publisher":{"@id":"https:\/\/utap.edu.co\/sitio\/#organization"},"potentialAction":[{"@type":"SearchAction","target":{"@type":"EntryPoint","urlTemplate":"https:\/\/utap.edu.co\/sitio\/?s={search_term_string}"},"query-input":"required name=search_term_string"}],"inLanguage":"es"},{"@type":"Organization","@id":"https:\/\/utap.edu.co\/sitio\/#organization","name":"Tecnol\u00f3gica Aut\u00f3noma del Pacifico","url":"https:\/\/utap.edu.co\/sitio\/","logo":{"@type":"ImageObject","inLanguage":"es","@id":"https:\/\/utap.edu.co\/sitio\/#\/schema\/logo\/image\/","url":"https:\/\/utap.edu.co\/sitio\/wp-content\/uploads\/2023\/11\/Mesa-de-trabajo-1logo.png","contentUrl":"https:\/\/utap.edu.co\/sitio\/wp-content\/uploads\/2023\/11\/Mesa-de-trabajo-1logo.png","width":401,"height":86,"caption":"Tecnol\u00f3gica Aut\u00f3noma del Pacifico"},"image":{"@id":"https:\/\/utap.edu.co\/sitio\/#\/schema\/logo\/image\/"},"sameAs":["https:\/\/www.facebook.com\/UTAPCALI\/","https:\/\/www.instagram.com\/utapcali\/","https:\/\/www.linkedin.com\/company\/tecnol\u00f3gica-aut\u00f3noma-del-pac\u00edfico","https:\/\/www.youtube.com\/channel\/UCdh4_tECdrEEptoOuW_lo8Q\/"]}]}},"_links":{"self":[{"href":"https:\/\/utap.edu.co\/sitio\/wp-json\/wp\/v2\/pages\/4070"}],"collection":[{"href":"https:\/\/utap.edu.co\/sitio\/wp-json\/wp\/v2\/pages"}],"about":[{"href":"https:\/\/utap.edu.co\/sitio\/wp-json\/wp\/v2\/types\/page"}],"author":[{"embeddable":true,"href":"https:\/\/utap.edu.co\/sitio\/wp-json\/wp\/v2\/users\/1"}],"replies":[{"embeddable":true,"href":"https:\/\/utap.edu.co\/sitio\/wp-json\/wp\/v2\/comments?post=4070"}],"version-history":[{"count":0,"href":"https:\/\/utap.edu.co\/sitio\/wp-json\/wp\/v2\/pages\/4070\/revisions"}],"wp:attachment":[{"href":"https:\/\/utap.edu.co\/sitio\/wp-json\/wp\/v2\/media?parent=4070"}],"wp:term":[{"taxonomy":"wf_page_folders","embeddable":true,"href":"https:\/\/utap.edu.co\/sitio\/wp-json\/wp\/v2\/wf_page_folders?post=4070"}],"curies":[{"name":"wp","href":"https:\/\/api.w.org\/{rel}","templated":true}]}}