{"id":4009,"date":"2019-09-17T14:15:16","date_gmt":"2019-09-17T14:15:16","guid":{"rendered":"https:\/\/162.241.175.74\/sitio\/?page_id=4009"},"modified":"2026-04-09T11:09:20","modified_gmt":"2026-04-09T16:09:20","slug":"biblioteca","status":"publish","type":"page","link":"https:\/\/utap.edu.co\/sitio\/biblioteca\/","title":{"rendered":"Biblioteca"},"content":{"rendered":"\n<p><\/p>\n\n\n\n<p><\/p>\n\n\n<div id=\"pl-gb4009-69f7687e6a38c\"  class=\"panel-layout wp-block-siteorigin-panels-layout-block\" ><div id=\"pg-gb4009-69f7687e6a38c-0\"  class=\"panel-grid panel-no-style\" ><div id=\"pgc-gb4009-69f7687e6a38c-0-0\"  class=\"panel-grid-cell\" ><div id=\"panel-gb4009-69f7687e6a38c-0-0-0\" class=\"so-panel widget widget_metaslider_widget panel-first-child panel-last-child\" data-index=\"0\" ><div id=\"metaslider-id-4742\" style=\"width: 100%; margin: 0 auto;\" class=\"ml-slider-3-107-0 metaslider metaslider-flex metaslider-4742 ml-slider has-dots-nav ms-theme-cubic\" role=\"region\" aria-label=\"Biblioteca\" data-height=\"500\" data-width=\"1686\">\n    <div id=\"metaslider_container_4742\">\n        <div id=\"metaslider_4742\">\n            <ul class='slides'>\n                <li style=\"display: block; width: 100%;\" class=\"slide-9575 ms-image \" aria-roledescription=\"slide\" data-date=\"2021-08-18 16:40:37\" data-filename=\"BANNER-1686x500.jpg\" data-slide-type=\"image\"><img decoding=\"async\" loading=\"lazy\" src=\"https:\/\/utap.edu.co\/sitio\/wp-content\/uploads\/2021\/09\/BANNER-1686x500.jpg\" height=\"500\" width=\"1686\" alt=\"\" class=\"slider-4742 slide-9575 msDefaultImage\" title=\"BANNER\" \/><\/li>\n                <li style=\"display: none; width: 100%;\" class=\"slide-5354 ms-image \" aria-roledescription=\"slide\" data-date=\"2020-03-14 15:11:04\" data-filename=\"BANNER-encuesta-1686x500.jpg\" data-slide-type=\"image\"><a href=\"https:\/\/docs.google.com\/forms\/d\/e\/1FAIpQLSccp-DCNqmzgf453xo_SlrMszU-jmylY73UwVBwKpQqBUe2ew\/viewform?usp=header\" target=\"_blank\" aria-label=\"Ver detalles de la diapositiva\" class=\"metaslider_image_link\"><img decoding=\"async\" loading=\"lazy\" src=\"https:\/\/utap.edu.co\/sitio\/wp-content\/uploads\/2021\/09\/BANNER-encuesta-1686x500.jpg\" height=\"500\" width=\"1686\" alt=\"\" class=\"slider-4742 slide-5354 msDefaultImage\" title=\"BANNER-encuesta\" \/><\/a><\/li>\n            <\/ul>\n        <\/div>\n        \n    <\/div>\n<\/div><\/div><\/div><\/div><div id=\"pg-gb4009-69f7687e6a38c-1\"  class=\"panel-grid panel-no-style\" ><div id=\"pgc-gb4009-69f7687e6a38c-1-0\"  class=\"panel-grid-cell\" ><div id=\"panel-gb4009-69f7687e6a38c-1-0-0\" class=\"widget_text so-panel widget widget_custom_html panel-first-child panel-last-child\" data-index=\"1\" ><div class=\"textwidget custom-html-widget\"><!--<center>\n\t<a href=\"https:\/\/elibro.net\/es\/lc\/utap\/inicio\/\"><img decoding=\"async\" loading=\"lazy\" src=\"https:\/\/elibro.com\/img\/logos\/elibro@2x.png\" alt=\"HTML tutorial\" width=\"300\" height=\"400\">\n\t<\/a>\n<\/center>--><\/div><\/div><\/div><\/div><div id=\"pg-gb4009-69f7687e6a38c-2\"  class=\"panel-grid panel-no-style\" ><div id=\"pgc-gb4009-69f7687e6a38c-2-0\"  class=\"panel-grid-cell\" ><div id=\"panel-gb4009-69f7687e6a38c-2-0-0\" class=\"widget_text so-panel widget widget_custom_html panel-first-child panel-last-child\" data-index=\"2\" ><div class=\"textwidget custom-html-widget\"><!--<center><iframe loading=\"lazy\" width=\"560\" height=\"315\" src=\"https:\/\/www.youtube.com\/embed\/yiCDCjKOVq0?si=rsNsLA7-Cmpady_D\" title=\"YouTube video player\" frameborder=\"0\" allow=\"accelerometer; autoplay; clipboard-write; encrypted-media; gyroscope; picture-in-picture; web-share\" referrerpolicy=\"strict-origin-when-cross-origin\" allowfullscreen><\/iframe><\/center>\n&nbsp;--><\/div><\/div><\/div><div id=\"pgc-gb4009-69f7687e6a38c-2-1\"  class=\"panel-grid-cell\" ><div id=\"panel-gb4009-69f7687e6a38c-2-1-0\" class=\"widget_text so-panel widget widget_custom_html panel-first-child panel-last-child\" data-index=\"3\" ><div class=\"textwidget custom-html-widget\"><!--<center><iframe loading=\"lazy\" width=\"560\" height=\"315\" src=\"https:\/\/www.youtube.com\/embed\/r3A_vxlwzeY?si=M12RErY2S8qtaKz9\" title=\"YouTube video player\" frameborder=\"0\" allow=\"accelerometer; autoplay; clipboard-write; encrypted-media; gyroscope; picture-in-picture; web-share\" referrerpolicy=\"strict-origin-when-cross-origin\" allowfullscreen><\/iframe><\/center>\n&nbsp;--><\/div><\/div><\/div><\/div><div id=\"pg-gb4009-69f7687e6a38c-3\"  class=\"panel-grid panel-no-style\" ><div id=\"pgc-gb4009-69f7687e6a38c-3-0\"  class=\"panel-grid-cell\" ><div id=\"panel-gb4009-69f7687e6a38c-3-0-0\" class=\"so-panel widget widget_text panel-first-child\" data-index=\"4\" >\t\t\t<div class=\"textwidget\"><p>&nbsp;<\/p>\n<h2 style=\"text-align: center;\"><strong>Bibliotecas de acceso libre<\/strong><\/p>\n<h2>\n<\/div>\n\t\t<\/div><div id=\"panel-gb4009-69f7687e6a38c-3-0-1\" class=\"widget_text so-panel widget widget_custom_html panel-last-child\" data-index=\"5\" ><div class=\"widget_text panel-widget-style panel-widget-style-for-gb4009-69f7687e6a38c-3-0-1\" ><div class=\"textwidget custom-html-widget\">\n<table>\n<tbody>\n<tr>\n\t<td><a href=\"https:\/\/www.ellibrototal.com\/ltotal\/\"><img decoding=\"async\" class=\"logoBib\" src=\"https:\/\/utap.edu.co\/sitio\/wp-content\/uploads\/2025\/02\/EL-LIBRO-TOTAL.png\"><\/a>\n\t<\/td>\n  <td>La Fundaci\u00f3n El Libro Total, es una entidad sin \u00e1nimo de lucro especializada en la sistematizaci\u00f3n de procesos para diversas organizaciones en Colombia. La biblioteca El Libro Total es el proyecto principal de la Fundaci\u00f3n, dedicado a la recuperaci\u00f3n, conservaci\u00f3n, difusi\u00f3n y valorizaci\u00f3n del patrimonio cultural universal.<\/td>\n\t\n\t<td><a href=\"http:\/\/arxiv.org\/\"><img decoding=\"async\" class=\"logoBib\" src=\"https:\/\/utap.edu.co\/sitio\/wp-content\/uploads\/2025\/02\/ARXIV.png\"><\/a><\/td>\n  <td>Servicio de distribuci\u00f3n gratuita y un archivo de acceso abierto para casi 2,4 millones de art\u00edculos acad\u00e9micos en los campos de la f\u00edsica, las matem\u00e1ticas, la inform\u00e1tica, la biolog\u00eda cuantitativa, las finanzas cuantitativas, la estad\u00edstica, la ingenier\u00eda el\u00e9ctrica y la ciencia de sistemas, y la econom\u00eda.<\/td>\n<\/tr>\n\t\n<tr>\n\t<td><a href=\"https:\/\/scielo.org\/es\/\"><img decoding=\"async\" class=\"logoBib\" src=\"https:\/\/utap.edu.co\/sitio\/wp-content\/uploads\/2025\/02\/SCIELO.png\"><\/a><\/td>\n  <td>SciELO &#8211; Scientific Electronic Library Online Es una biblioteca electr\u00f3nica que cubre una colecci\u00f3n selecta de revistas cient\u00edficas de todas las \u00e1reas del conocimiento.<\/td>\n\t\n\t<td><a href=\"https:\/\/dialnet.unirioja.es\/\"><img decoding=\"async\" class=\"logoBib\" src=\"https:\/\/utap.edu.co\/sitio\/wp-content\/uploads\/2025\/02\/dialnet-05.png\"><\/a><\/td>\n  <td>Portal de difusi\u00f3n de la producci\u00f3n cient\u00edfica hispana.<\/td>\n<\/tr>\n\t\t\n<tr>\n\t<td><a href=\"https:\/\/www.cervantesvirtual.com\/\"><img decoding=\"async\" class=\"logoBib\" src=\"https:\/\/utap.edu.co\/sitio\/wp-content\/uploads\/2025\/02\/FBV-MIGUEL-DE-CERVANTES.png\"><\/a> <\/td>\n  <td>La Biblioteca Virtual Miguel de Cervantes se constituye como\u00a0Centro de Humanidades Digitales en la Universidad de Alicante Literatura y lengua.<\/td>\n\t\n\t<td><a href=\"https:\/\/sites.google.com\/view\/bibliotecadca\"><img decoding=\"async\" class=\"logoBib\" src=\"https:\/\/utap.edu.co\/sitio\/wp-content\/uploads\/2025\/02\/BEDCA.png\"><\/a><\/td>\n  <td>Dialnet es uno de los mayores portales bibliogr\u00e1ficos del mundo, cuyo principal cometido es dar mayor visibilidad a la literatura cient\u00edfica hispana.<\/td>\n<\/tr>\t\n<\/tbody>\n<\/table><\/div><\/div><\/div><\/div><\/div><div id=\"pg-gb4009-69f7687e6a38c-4\"  class=\"panel-grid panel-no-style\" ><div id=\"pgc-gb4009-69f7687e6a38c-4-0\"  class=\"panel-grid-cell\" ><div id=\"panel-gb4009-69f7687e6a38c-4-0-0\" class=\"so-panel widget widget_sow-image panel-first-child panel-last-child\" data-index=\"6\" ><div\n\t\t\t\n\t\t\tclass=\"so-widget-sow-image so-widget-sow-image-default-c67d20f9f743-4009\"\n\t\t\t\n\t\t>\n<div class=\"sow-image-container\">\n\t\t\t<a href=\"https:\/\/utap.edu.co\/sitio\/biblioteca_catalogo\/\"\n\t\t\t\t\t>\n\t\t\t<img \n\tsrc=\"https:\/\/utap.edu.co\/sitio\/wp-content\/uploads\/2023\/01\/Logo-horizontal-azul-e1673887647346.png\" width=\"566\" height=\"217\" sizes=\"(max-width: 566px) 100vw, 566px\" title=\"Logo horizontal azul\" alt=\"\" loading=\"lazy\" \t\tclass=\"so-widget-image\"\/>\n\t\t\t<\/a><\/div>\n\n<\/div><\/div><\/div><div id=\"pgc-gb4009-69f7687e6a38c-4-1\"  class=\"panel-grid-cell\" ><div id=\"panel-gb4009-69f7687e6a38c-4-1-0\" class=\"so-panel widget widget_text panel-first-child panel-last-child\" data-index=\"7\" >\t\t\t<div class=\"textwidget\"><p>&nbsp;<br \/>\n&nbsp;<\/p>\n<p><strong>Biblioteca UTAP Online<\/strong><\/p>\n<p>Ahora ya puedes consultar online los libros que se encuentran en la Biblioteca UTAP mediante nuestro nuevo sistema. Tambi\u00e9n puedes consultar trabajos de grado.<\/p>\n<\/div>\n\t\t<\/div><\/div><\/div><div id=\"pg-gb4009-69f7687e6a38c-5\"  class=\"panel-grid panel-no-style\" ><div id=\"pgc-gb4009-69f7687e6a38c-5-0\"  class=\"panel-grid-cell\" ><div id=\"panel-gb4009-69f7687e6a38c-5-0-0\" class=\"widget_text so-panel widget widget_custom_html panel-first-child panel-last-child\" data-index=\"8\" ><div class=\"textwidget custom-html-widget\"><\/div><\/div><\/div><\/div><div id=\"pg-gb4009-69f7687e6a38c-6\"  class=\"panel-grid panel-no-style\" ><div id=\"pgc-gb4009-69f7687e6a38c-6-0\"  class=\"panel-grid-cell panel-grid-cell-empty\" ><\/div><div id=\"pgc-gb4009-69f7687e6a38c-6-1\"  class=\"panel-grid-cell\" ><div id=\"panel-gb4009-69f7687e6a38c-6-1-0\" class=\"so-panel widget widget_text panel-first-child panel-last-child\" data-index=\"9\" >\t\t\t<div class=\"textwidget\"><h1><strong>De Inter\u00e9s:<\/strong><\/h1>\n<h2 style=\"text-align: left;\">Horarios de Atenci\u00f3n<\/h2>\n<ul>\n<li>Lunes a Viernes: 11:30 am\u00a0a\u00a012:30 m\u00a0 &#8211;\u00a0\u00a01 pm a 8 pm<\/li>\n<li>S\u00e1bados: 8 am a 12 m<\/li>\n<\/ul>\n<h2 style=\"text-align: left;\">Contacto<\/h2>\n<p style=\"text-align: left;\">Tel: 387 6230 \u00a0\u2013\u00a0 Ext. 114<\/p>\n<p style=\"text-align: left;\">Facebook: Biblioteca Tecnol\u00f3gica Aut\u00f3noma del Pacifico<\/p>\n<p style=\"text-align: left;\">Email:\u00a0<a href=\"mailto:biblioteca@utap.edu.co\">biblioteca@utap.edu.co<\/a><\/p>\n<\/div>\n\t\t<\/div><\/div><div id=\"pgc-gb4009-69f7687e6a38c-6-2\"  class=\"panel-grid-cell panel-grid-cell-mobile-last\" ><div id=\"panel-gb4009-69f7687e6a38c-6-2-0\" class=\"so-panel widget widget_text panel-first-child panel-last-child\" data-index=\"10\" >\t\t\t<div class=\"textwidget\"><h1><strong>Servicios Bibliotecarios<\/strong><\/h1>\n<ol>\n<li style=\"text-align: left;\"><strong>Consulta y pr\u00e9stamo de las colecciones:<\/strong>&nbsp;Pr\u00e9stamo interno y Externo<\/li>\n<li style=\"text-align: left;\"><strong>Consulta en bibliotecas virtuales<\/strong><\/li>\n<li style=\"text-align: left;\"><strong>Informaci\u00f3n general y bibliogr\u00e1fica<\/strong><\/li>\n<li style=\"text-align: left;\"><strong>Pr\u00e9stamo de equipos de c\u00f3mputo:<\/strong>&nbsp;trabajos y consulta web<\/li>\n<li style=\"text-align: left;\"><strong>Capacitaci\u00f3n y formaci\u00f3n de usuarios en servicios bibliotecarios<\/strong><\/li>\n<li style=\"text-align: left;\"><strong>Servicio de referencia personal y virtual<\/strong><\/li>\n<\/ol>\n<\/div>\n\t\t<\/div><\/div><div id=\"pgc-gb4009-69f7687e6a38c-6-3\"  class=\"panel-grid-cell panel-grid-cell-empty\" ><\/div><\/div><div id=\"pg-gb4009-69f7687e6a38c-7\"  class=\"panel-grid panel-no-style\" ><div id=\"pgc-gb4009-69f7687e6a38c-7-0\"  class=\"panel-grid-cell\" ><div id=\"panel-gb4009-69f7687e6a38c-7-0-0\" class=\"so-panel widget widget_text panel-first-child\" data-index=\"11\" >\t\t\t<div class=\"textwidget\"><h1 style=\"text-align: center;\">Qui\u00e9nes Somos<\/h1>\n<p style=\"text-align: center;\">La Biblioteca es una dependencia del \u00e1rea acad\u00e9mica, y &nbsp;tiene como prop\u00f3sito fortalecer y apoyar los procesos de ense\u00f1anza, aprendizaje e investigaci\u00f3n de los Usuarios, por medio de los recursos de informaci\u00f3n disponibles en sus colecciones y servicios propios de este espacio que se prestan a la comunidad Usuaria e Institucional.<\/p>\n<\/div>\n\t\t<\/div><div id=\"panel-gb4009-69f7687e6a38c-7-0-1\" class=\"so-panel widget widget_text\" data-index=\"12\" >\t\t\t<div class=\"textwidget\"><h1 style=\"text-align: center;\">Misi\u00f3n<\/h1>\n<p style=\"text-align: center;\">Apoyar el proceso acad\u00e9mico y cultural de la comunidad usuaria, fortaleciendo los programas curriculares y el crecimiento&nbsp; cognoscitivo, a&nbsp; trav\u00e9s&nbsp; de&nbsp; recursos&nbsp; y&nbsp; servicios&nbsp; de&nbsp; informaci\u00f3n&nbsp; con&nbsp; calidad y eficiencia, fortaleciendo el v\u00ednculo con la academia, la investigaci\u00f3n y la cultura.<\/p>\n<p style=\"text-align: center;\">La misi\u00f3n de nuestra Biblioteca est\u00e1 ligada a la finalidad de la educaci\u00f3n con sentido social&nbsp; por la cual trabaja nuestra instituci\u00f3n.<\/p>\n<\/div>\n\t\t<\/div><div id=\"panel-gb4009-69f7687e6a38c-7-0-2\" class=\"widget_text so-panel widget widget_custom_html\" data-index=\"13\" ><div class=\"textwidget custom-html-widget\"><h1 style=\"text-align: center;\">Personal<\/h1>\n<table class=\" aligncenter\" width=\"814\">\n<tbody>\n<tr>\n<td>&nbsp; Dir. Biblioteca<\/td>\n<td>Emilcen Mu\u00f1oz<\/td>\n<td>&nbsp;Bibliotec\u00f3loga<\/td>\n<\/tr>\n<\/tbody>\n<\/table><\/div><\/div><div id=\"panel-gb4009-69f7687e6a38c-7-0-3\" class=\"widget_text so-panel widget widget_custom_html panel-last-child\" data-index=\"14\" ><div class=\"textwidget custom-html-widget\"><ul>\n<li>&nbsp;<a href=\"https:\/\/utap.edu.co\/sitio\/manual-de-consulta-en-la-base-de-datos-biblioteca-2\/\">Manual de consulta en la base de datos \u2013 Biblioteca<\/a><\/li>\n<li>&nbsp;<a href=\"https:\/\/utap.edu.co\/sitio\/manual_biblio\/\">Manual&nbsp; general&nbsp; de Biblioteca<\/a><\/li>\n<li><a href=\"https:\/\/utap.edu.co\/sitio\/reglamento_biblioteca\/\">Reglamento<\/a><\/li>\n<\/ul><\/div><\/div><\/div><\/div><\/div>","protected":false},"excerpt":{"rendered":"","protected":false},"author":1,"featured_media":0,"parent":0,"menu_order":0,"comment_status":"closed","ping_status":"closed","template":"","meta":{"_joinchat":[]},"wf_page_folders":[91],"yoast_head":"<!-- This site is optimized with the Yoast SEO plugin v21.1 - https:\/\/yoast.com\/wordpress\/plugins\/seo\/ -->\n<title>Biblioteca - UTAP<\/title>\n<meta name=\"robots\" content=\"index, follow, max-snippet:-1, max-image-preview:large, max-video-preview:-1\" \/>\n<link rel=\"canonical\" href=\"https:\/\/utap.edu.co\/sitio\/biblioteca\/\" \/>\n<meta property=\"og:locale\" content=\"es_ES\" \/>\n<meta property=\"og:type\" content=\"article\" \/>\n<meta property=\"og:title\" content=\"Biblioteca - UTAP\" \/>\n<meta property=\"og:url\" content=\"https:\/\/utap.edu.co\/sitio\/biblioteca\/\" \/>\n<meta property=\"og:site_name\" content=\"UTAP\" \/>\n<meta property=\"article:publisher\" content=\"https:\/\/www.facebook.com\/UTAPCALI\/\" \/>\n<meta property=\"article:modified_time\" content=\"2026-04-09T16:09:20+00:00\" \/>\n<meta name=\"twitter:card\" content=\"summary_large_image\" \/>\n<meta name=\"twitter:label1\" content=\"Tiempo de lectura\" \/>\n\t<meta name=\"twitter:data1\" content=\"5 minutos\" \/>\n<script type=\"application\/ld+json\" class=\"yoast-schema-graph\">{\"@context\":\"https:\/\/schema.org\",\"@graph\":[{\"@type\":\"WebPage\",\"@id\":\"https:\/\/utap.edu.co\/sitio\/biblioteca\/\",\"url\":\"https:\/\/utap.edu.co\/sitio\/biblioteca\/\",\"name\":\"Biblioteca - UTAP\",\"isPartOf\":{\"@id\":\"https:\/\/utap.edu.co\/sitio\/#website\"},\"datePublished\":\"2019-09-17T14:15:16+00:00\",\"dateModified\":\"2026-04-09T16:09:20+00:00\",\"breadcrumb\":{\"@id\":\"https:\/\/utap.edu.co\/sitio\/biblioteca\/#breadcrumb\"},\"inLanguage\":\"es\",\"potentialAction\":[{\"@type\":\"ReadAction\",\"target\":[\"https:\/\/utap.edu.co\/sitio\/biblioteca\/\"]}]},{\"@type\":\"BreadcrumbList\",\"@id\":\"https:\/\/utap.edu.co\/sitio\/biblioteca\/#breadcrumb\",\"itemListElement\":[{\"@type\":\"ListItem\",\"position\":1,\"name\":\"Home\",\"item\":\"https:\/\/utap.edu.co\/sitio\/\"},{\"@type\":\"ListItem\",\"position\":2,\"name\":\"Biblioteca\"}]},{\"@type\":\"WebSite\",\"@id\":\"https:\/\/utap.edu.co\/sitio\/#website\",\"url\":\"https:\/\/utap.edu.co\/sitio\/\",\"name\":\"UTAP\",\"description\":\"Educaci\u00f3n Superior con Sentido Social\",\"publisher\":{\"@id\":\"https:\/\/utap.edu.co\/sitio\/#organization\"},\"potentialAction\":[{\"@type\":\"SearchAction\",\"target\":{\"@type\":\"EntryPoint\",\"urlTemplate\":\"https:\/\/utap.edu.co\/sitio\/?s={search_term_string}\"},\"query-input\":\"required name=search_term_string\"}],\"inLanguage\":\"es\"},{\"@type\":\"Organization\",\"@id\":\"https:\/\/utap.edu.co\/sitio\/#organization\",\"name\":\"Tecnol\u00f3gica Aut\u00f3noma del Pacifico\",\"url\":\"https:\/\/utap.edu.co\/sitio\/\",\"logo\":{\"@type\":\"ImageObject\",\"inLanguage\":\"es\",\"@id\":\"https:\/\/utap.edu.co\/sitio\/#\/schema\/logo\/image\/\",\"url\":\"https:\/\/utap.edu.co\/sitio\/wp-content\/uploads\/2023\/11\/Mesa-de-trabajo-1logo.png\",\"contentUrl\":\"https:\/\/utap.edu.co\/sitio\/wp-content\/uploads\/2023\/11\/Mesa-de-trabajo-1logo.png\",\"width\":401,\"height\":86,\"caption\":\"Tecnol\u00f3gica Aut\u00f3noma del Pacifico\"},\"image\":{\"@id\":\"https:\/\/utap.edu.co\/sitio\/#\/schema\/logo\/image\/\"},\"sameAs\":[\"https:\/\/www.facebook.com\/UTAPCALI\/\",\"https:\/\/www.instagram.com\/utapcali\/\",\"https:\/\/www.linkedin.com\/company\/tecnol\u00f3gica-aut\u00f3noma-del-pac\u00edfico\",\"https:\/\/www.youtube.com\/channel\/UCdh4_tECdrEEptoOuW_lo8Q\/\"]}]}<\/script>\n<!-- \/ Yoast SEO plugin. -->","yoast_head_json":{"title":"Biblioteca - UTAP","robots":{"index":"index","follow":"follow","max-snippet":"max-snippet:-1","max-image-preview":"max-image-preview:large","max-video-preview":"max-video-preview:-1"},"canonical":"https:\/\/utap.edu.co\/sitio\/biblioteca\/","og_locale":"es_ES","og_type":"article","og_title":"Biblioteca - UTAP","og_url":"https:\/\/utap.edu.co\/sitio\/biblioteca\/","og_site_name":"UTAP","article_publisher":"https:\/\/www.facebook.com\/UTAPCALI\/","article_modified_time":"2026-04-09T16:09:20+00:00","twitter_card":"summary_large_image","twitter_misc":{"Tiempo de lectura":"5 minutos"},"schema":{"@context":"https:\/\/schema.org","@graph":[{"@type":"WebPage","@id":"https:\/\/utap.edu.co\/sitio\/biblioteca\/","url":"https:\/\/utap.edu.co\/sitio\/biblioteca\/","name":"Biblioteca - UTAP","isPartOf":{"@id":"https:\/\/utap.edu.co\/sitio\/#website"},"datePublished":"2019-09-17T14:15:16+00:00","dateModified":"2026-04-09T16:09:20+00:00","breadcrumb":{"@id":"https:\/\/utap.edu.co\/sitio\/biblioteca\/#breadcrumb"},"inLanguage":"es","potentialAction":[{"@type":"ReadAction","target":["https:\/\/utap.edu.co\/sitio\/biblioteca\/"]}]},{"@type":"BreadcrumbList","@id":"https:\/\/utap.edu.co\/sitio\/biblioteca\/#breadcrumb","itemListElement":[{"@type":"ListItem","position":1,"name":"Home","item":"https:\/\/utap.edu.co\/sitio\/"},{"@type":"ListItem","position":2,"name":"Biblioteca"}]},{"@type":"WebSite","@id":"https:\/\/utap.edu.co\/sitio\/#website","url":"https:\/\/utap.edu.co\/sitio\/","name":"UTAP","description":"Educaci\u00f3n Superior con Sentido Social","publisher":{"@id":"https:\/\/utap.edu.co\/sitio\/#organization"},"potentialAction":[{"@type":"SearchAction","target":{"@type":"EntryPoint","urlTemplate":"https:\/\/utap.edu.co\/sitio\/?s={search_term_string}"},"query-input":"required name=search_term_string"}],"inLanguage":"es"},{"@type":"Organization","@id":"https:\/\/utap.edu.co\/sitio\/#organization","name":"Tecnol\u00f3gica Aut\u00f3noma del Pacifico","url":"https:\/\/utap.edu.co\/sitio\/","logo":{"@type":"ImageObject","inLanguage":"es","@id":"https:\/\/utap.edu.co\/sitio\/#\/schema\/logo\/image\/","url":"https:\/\/utap.edu.co\/sitio\/wp-content\/uploads\/2023\/11\/Mesa-de-trabajo-1logo.png","contentUrl":"https:\/\/utap.edu.co\/sitio\/wp-content\/uploads\/2023\/11\/Mesa-de-trabajo-1logo.png","width":401,"height":86,"caption":"Tecnol\u00f3gica Aut\u00f3noma del Pacifico"},"image":{"@id":"https:\/\/utap.edu.co\/sitio\/#\/schema\/logo\/image\/"},"sameAs":["https:\/\/www.facebook.com\/UTAPCALI\/","https:\/\/www.instagram.com\/utapcali\/","https:\/\/www.linkedin.com\/company\/tecnol\u00f3gica-aut\u00f3noma-del-pac\u00edfico","https:\/\/www.youtube.com\/channel\/UCdh4_tECdrEEptoOuW_lo8Q\/"]}]}},"_links":{"self":[{"href":"https:\/\/utap.edu.co\/sitio\/wp-json\/wp\/v2\/pages\/4009"}],"collection":[{"href":"https:\/\/utap.edu.co\/sitio\/wp-json\/wp\/v2\/pages"}],"about":[{"href":"https:\/\/utap.edu.co\/sitio\/wp-json\/wp\/v2\/types\/page"}],"author":[{"embeddable":true,"href":"https:\/\/utap.edu.co\/sitio\/wp-json\/wp\/v2\/users\/1"}],"replies":[{"embeddable":true,"href":"https:\/\/utap.edu.co\/sitio\/wp-json\/wp\/v2\/comments?post=4009"}],"version-history":[{"count":0,"href":"https:\/\/utap.edu.co\/sitio\/wp-json\/wp\/v2\/pages\/4009\/revisions"}],"wp:attachment":[{"href":"https:\/\/utap.edu.co\/sitio\/wp-json\/wp\/v2\/media?parent=4009"}],"wp:term":[{"taxonomy":"wf_page_folders","embeddable":true,"href":"https:\/\/utap.edu.co\/sitio\/wp-json\/wp\/v2\/wf_page_folders?post=4009"}],"curies":[{"name":"wp","href":"https:\/\/api.w.org\/{rel}","templated":true}]}}