{"id":3993,"date":"2019-09-17T14:15:16","date_gmt":"2019-09-17T14:15:16","guid":{"rendered":"https:\/\/162.241.175.74\/sitio\/?page_id=3993"},"modified":"2024-02-27T17:15:58","modified_gmt":"2024-02-27T22:15:58","slug":"historia-nosotros","status":"publish","type":"page","link":"https:\/\/utap.edu.co\/sitio\/historia-nosotros\/","title":{"rendered":"HISTORIA (nosotros)"},"content":{"rendered":"<div id=\"pl-gb3993-69e88a18bca64\"  class=\"panel-layout\" ><div id=\"pg-gb3993-69e88a18bca64-0\"  class=\"panel-grid panel-no-style\" ><div id=\"pgc-gb3993-69e88a18bca64-0-0\"  class=\"panel-grid-cell\" ><div id=\"panel-gb3993-69e88a18bca64-0-0-0\" class=\"so-panel widget widget_text panel-first-child panel-last-child\" data-index=\"0\" >\t\t\t<div class=\"textwidget\"><h1 style=\"text-align: center; margin-top:30px;\"><strong>NUESTRA HISTORIA<\/strong><\/h1>\n<p style=\"text-align: justify; line-height: 150%; color:black;\">Hacia el a\u00f1o de 1989, con el respaldo de la Fundaci\u00f3n Hispanoam\u00e9rica y con la participaci\u00f3n de los miembros fundadores, se tom\u00f3 la decisi\u00f3n de crear una instituci\u00f3n de educaci\u00f3n superior, la cual, brindar\u00eda la posibilidad a la comunidad Vallecaucana a ingresar y realizar programas de pregrado de la parte tecnol\u00f3gica. Es as\u00ed, como se constituy\u00f3 la asamblea y mediante escritura de diciembre de 2009 se formaliz\u00f3; fue nombrado como representante legal Vicente Piazuelo Morer, quien adelant\u00f3, ante el\u00a0 ICFES, los tr\u00e1mites pertinentes de acuerdo\u00a0 a la ley 80 de Educaci\u00f3n Superior. Hacia febrero del a\u00f1o 1990, el ICFES, aprueba el estudio de factibilidad econ\u00f3mica y presupuestal, lo mismo que el\u00a0 proyecto de creaci\u00f3n de la fundaci\u00f3n.<br \/>\n<br \/>\nEn octubre de 1991, el\u00a0 ICFES, encargado de regular la educaci\u00f3n superior, concede la Personer\u00eda Jur\u00eddica mediante Resoluci\u00f3n 10436\u00a0 a la Fundaci\u00f3n Instituto Tecnol\u00f3gico Hispanoam\u00e9ricano. Las directivas de la fundaci\u00f3n, inmediatamente, solicitan al ICFES la aprobaci\u00f3n de los programas de Tecnolog\u00eda en Construcci\u00f3n y Tecnolog\u00eda en Mercadeo y Ventas. Es as\u00ed, como una vez cumplidos los requisitos en el mes de septiembre del a\u00f1o de 1992, fue aprobado el programa de Tecnolog\u00eda en Construcci\u00f3n y a inicios del a\u00f1o de 1993, se dio la resoluci\u00f3n para las Tecnolog\u00edas en Administraci\u00f3n y Finanzas, Comercio y Negocios Internacionales, Gesti\u00f3n Ambiental y Sistemas de Informaci\u00f3n.<br \/>\n<br \/>\nA mediados del a\u00f1o 2004, la instituci\u00f3n, ten\u00eda algunos problemas de orden administrativo y financiero, y se toma la decisi\u00f3n por parte del Representante Legal Licenciado, \u00c1ngel Mozo Calvo, de nombrar Vicerrector Acad\u00e9mico, al Ing. Ren\u00e9 Mart\u00ednez Prieto, quien acertadamente, inicio procesos de reingenier\u00eda y realiz\u00f3 tramites de alianzas institucionales que fortalecieron la instituci\u00f3n. Es as\u00ed, como en septiembre de 2004, es nombrado como Rector y Representante Legal, al Ing. Ren\u00e9 Mart\u00ednez Prieto.<br \/>\n<br \/>\nPara el a\u00f1o 2005, por medio de alianza administrativa, la fundaci\u00f3n se fusiona con la Tecnol\u00f3gica Aut\u00f3noma del Pac\u00edfico, instituci\u00f3n de educaci\u00f3n que hab\u00eda sido creada en el a\u00f1o 2000, la cual, hace una donaci\u00f3n de todos sus activos y la fundaci\u00f3n adopta el nombre de Fundaci\u00f3n Tecnol\u00f3gica Aut\u00f3noma del Pacifico, inmediatamente, la administraci\u00f3n dirigida por el\u00a0 Ing. Ren\u00e9 Mart\u00ednez Prieto, solicita al Ministerio de Educaci\u00f3n Nacional,\u00a0 la aprobaci\u00f3n de registros calificados para los programas que se encontraban vigentes a\u00a0 saber, Construcci\u00f3n, Gesti\u00f3n Ambiental, Administraci\u00f3n y Finanzas, Mercadeo y Ventas y Sistemas de Informaci\u00f3n, de igual manera tambi\u00e9n solicit\u00f3, la Expedici\u00f3n de Resoluci\u00f3n para la forma estatutaria que conten\u00eda el cambio de Raz\u00f3n Social y ampliaci\u00f3n de la cobertura en la educaci\u00f3n, sin cambiar la Misi\u00f3n y\u00a0 la Visi\u00f3n Institucional, y el\u00a0 fin social para el cual fue creada la fundaci\u00f3n.<br \/>\n<br \/>\nEn septiembre de 2005 y mediante resoluci\u00f3n 3877 el Ministerio de Educaci\u00f3n Nacional aprueba la reforma estatutaria, y es as\u00ed, como\u00a0 se direcciona la instituci\u00f3n hacia los procesos de calidad y registros calificados que han posicionado a la Fundaci\u00f3n Tecnol\u00f3gica Aut\u00f3noma del Pac\u00edfico como una de las mejores en el Valle del Cauca.<\/p>\n<\/div>\n\t\t<\/div><\/div><\/div><\/div>","protected":false},"excerpt":{"rendered":"<p>NUESTRA HISTORIA Hacia el a\u00f1o de 1989, con el respaldo de la Fundaci\u00f3n Hispanoam\u00e9rica y con la participaci\u00f3n de los miembros fundadores, se tom\u00f3 la&hellip;<\/p>\n","protected":false},"author":1,"featured_media":0,"parent":0,"menu_order":0,"comment_status":"closed","ping_status":"closed","template":"","meta":{"_joinchat":[]},"wf_page_folders":[91],"yoast_head":"<!-- This site is optimized with the Yoast SEO plugin v21.1 - https:\/\/yoast.com\/wordpress\/plugins\/seo\/ -->\n<title>HISTORIA (nosotros) - UTAP<\/title>\n<meta name=\"robots\" content=\"index, follow, max-snippet:-1, max-image-preview:large, max-video-preview:-1\" \/>\n<link rel=\"canonical\" href=\"https:\/\/utap.edu.co\/sitio\/historia-nosotros\/\" \/>\n<meta property=\"og:locale\" content=\"es_ES\" \/>\n<meta property=\"og:type\" content=\"article\" \/>\n<meta property=\"og:title\" content=\"HISTORIA (nosotros) - UTAP\" \/>\n<meta property=\"og:description\" content=\"NUESTRA HISTORIA Hacia el a\u00f1o de 1989, con el respaldo de la Fundaci\u00f3n Hispanoam\u00e9rica y con la participaci\u00f3n de los miembros fundadores, se tom\u00f3 la&hellip;\" \/>\n<meta property=\"og:url\" content=\"https:\/\/utap.edu.co\/sitio\/historia-nosotros\/\" \/>\n<meta property=\"og:site_name\" content=\"UTAP\" \/>\n<meta property=\"article:publisher\" content=\"https:\/\/www.facebook.com\/UTAPCALI\/\" \/>\n<meta property=\"article:modified_time\" content=\"2024-02-27T22:15:58+00:00\" \/>\n<meta name=\"twitter:card\" content=\"summary_large_image\" \/>\n<meta name=\"twitter:label1\" content=\"Tiempo de lectura\" \/>\n\t<meta name=\"twitter:data1\" content=\"3 minutos\" \/>\n<script type=\"application\/ld+json\" class=\"yoast-schema-graph\">{\"@context\":\"https:\/\/schema.org\",\"@graph\":[{\"@type\":\"WebPage\",\"@id\":\"https:\/\/utap.edu.co\/sitio\/historia-nosotros\/\",\"url\":\"https:\/\/utap.edu.co\/sitio\/historia-nosotros\/\",\"name\":\"HISTORIA (nosotros) - UTAP\",\"isPartOf\":{\"@id\":\"https:\/\/utap.edu.co\/sitio\/#website\"},\"datePublished\":\"2019-09-17T14:15:16+00:00\",\"dateModified\":\"2024-02-27T22:15:58+00:00\",\"breadcrumb\":{\"@id\":\"https:\/\/utap.edu.co\/sitio\/historia-nosotros\/#breadcrumb\"},\"inLanguage\":\"es\",\"potentialAction\":[{\"@type\":\"ReadAction\",\"target\":[\"https:\/\/utap.edu.co\/sitio\/historia-nosotros\/\"]}]},{\"@type\":\"BreadcrumbList\",\"@id\":\"https:\/\/utap.edu.co\/sitio\/historia-nosotros\/#breadcrumb\",\"itemListElement\":[{\"@type\":\"ListItem\",\"position\":1,\"name\":\"Home\",\"item\":\"https:\/\/utap.edu.co\/sitio\/\"},{\"@type\":\"ListItem\",\"position\":2,\"name\":\"HISTORIA (nosotros)\"}]},{\"@type\":\"WebSite\",\"@id\":\"https:\/\/utap.edu.co\/sitio\/#website\",\"url\":\"https:\/\/utap.edu.co\/sitio\/\",\"name\":\"UTAP\",\"description\":\"Educaci\u00f3n Superior con Sentido Social\",\"publisher\":{\"@id\":\"https:\/\/utap.edu.co\/sitio\/#organization\"},\"potentialAction\":[{\"@type\":\"SearchAction\",\"target\":{\"@type\":\"EntryPoint\",\"urlTemplate\":\"https:\/\/utap.edu.co\/sitio\/?s={search_term_string}\"},\"query-input\":\"required name=search_term_string\"}],\"inLanguage\":\"es\"},{\"@type\":\"Organization\",\"@id\":\"https:\/\/utap.edu.co\/sitio\/#organization\",\"name\":\"Tecnol\u00f3gica Aut\u00f3noma del Pacifico\",\"url\":\"https:\/\/utap.edu.co\/sitio\/\",\"logo\":{\"@type\":\"ImageObject\",\"inLanguage\":\"es\",\"@id\":\"https:\/\/utap.edu.co\/sitio\/#\/schema\/logo\/image\/\",\"url\":\"https:\/\/utap.edu.co\/sitio\/wp-content\/uploads\/2023\/11\/Mesa-de-trabajo-1logo.png\",\"contentUrl\":\"https:\/\/utap.edu.co\/sitio\/wp-content\/uploads\/2023\/11\/Mesa-de-trabajo-1logo.png\",\"width\":401,\"height\":86,\"caption\":\"Tecnol\u00f3gica Aut\u00f3noma del Pacifico\"},\"image\":{\"@id\":\"https:\/\/utap.edu.co\/sitio\/#\/schema\/logo\/image\/\"},\"sameAs\":[\"https:\/\/www.facebook.com\/UTAPCALI\/\",\"https:\/\/www.instagram.com\/utapcali\/\",\"https:\/\/www.linkedin.com\/company\/tecnol\u00f3gica-aut\u00f3noma-del-pac\u00edfico\",\"https:\/\/www.youtube.com\/channel\/UCdh4_tECdrEEptoOuW_lo8Q\/\"]}]}<\/script>\n<!-- \/ Yoast SEO plugin. -->","yoast_head_json":{"title":"HISTORIA (nosotros) - UTAP","robots":{"index":"index","follow":"follow","max-snippet":"max-snippet:-1","max-image-preview":"max-image-preview:large","max-video-preview":"max-video-preview:-1"},"canonical":"https:\/\/utap.edu.co\/sitio\/historia-nosotros\/","og_locale":"es_ES","og_type":"article","og_title":"HISTORIA (nosotros) - UTAP","og_description":"NUESTRA HISTORIA Hacia el a\u00f1o de 1989, con el respaldo de la Fundaci\u00f3n Hispanoam\u00e9rica y con la participaci\u00f3n de los miembros fundadores, se tom\u00f3 la&hellip;","og_url":"https:\/\/utap.edu.co\/sitio\/historia-nosotros\/","og_site_name":"UTAP","article_publisher":"https:\/\/www.facebook.com\/UTAPCALI\/","article_modified_time":"2024-02-27T22:15:58+00:00","twitter_card":"summary_large_image","twitter_misc":{"Tiempo de lectura":"3 minutos"},"schema":{"@context":"https:\/\/schema.org","@graph":[{"@type":"WebPage","@id":"https:\/\/utap.edu.co\/sitio\/historia-nosotros\/","url":"https:\/\/utap.edu.co\/sitio\/historia-nosotros\/","name":"HISTORIA (nosotros) - UTAP","isPartOf":{"@id":"https:\/\/utap.edu.co\/sitio\/#website"},"datePublished":"2019-09-17T14:15:16+00:00","dateModified":"2024-02-27T22:15:58+00:00","breadcrumb":{"@id":"https:\/\/utap.edu.co\/sitio\/historia-nosotros\/#breadcrumb"},"inLanguage":"es","potentialAction":[{"@type":"ReadAction","target":["https:\/\/utap.edu.co\/sitio\/historia-nosotros\/"]}]},{"@type":"BreadcrumbList","@id":"https:\/\/utap.edu.co\/sitio\/historia-nosotros\/#breadcrumb","itemListElement":[{"@type":"ListItem","position":1,"name":"Home","item":"https:\/\/utap.edu.co\/sitio\/"},{"@type":"ListItem","position":2,"name":"HISTORIA (nosotros)"}]},{"@type":"WebSite","@id":"https:\/\/utap.edu.co\/sitio\/#website","url":"https:\/\/utap.edu.co\/sitio\/","name":"UTAP","description":"Educaci\u00f3n Superior con Sentido Social","publisher":{"@id":"https:\/\/utap.edu.co\/sitio\/#organization"},"potentialAction":[{"@type":"SearchAction","target":{"@type":"EntryPoint","urlTemplate":"https:\/\/utap.edu.co\/sitio\/?s={search_term_string}"},"query-input":"required name=search_term_string"}],"inLanguage":"es"},{"@type":"Organization","@id":"https:\/\/utap.edu.co\/sitio\/#organization","name":"Tecnol\u00f3gica Aut\u00f3noma del Pacifico","url":"https:\/\/utap.edu.co\/sitio\/","logo":{"@type":"ImageObject","inLanguage":"es","@id":"https:\/\/utap.edu.co\/sitio\/#\/schema\/logo\/image\/","url":"https:\/\/utap.edu.co\/sitio\/wp-content\/uploads\/2023\/11\/Mesa-de-trabajo-1logo.png","contentUrl":"https:\/\/utap.edu.co\/sitio\/wp-content\/uploads\/2023\/11\/Mesa-de-trabajo-1logo.png","width":401,"height":86,"caption":"Tecnol\u00f3gica Aut\u00f3noma del Pacifico"},"image":{"@id":"https:\/\/utap.edu.co\/sitio\/#\/schema\/logo\/image\/"},"sameAs":["https:\/\/www.facebook.com\/UTAPCALI\/","https:\/\/www.instagram.com\/utapcali\/","https:\/\/www.linkedin.com\/company\/tecnol\u00f3gica-aut\u00f3noma-del-pac\u00edfico","https:\/\/www.youtube.com\/channel\/UCdh4_tECdrEEptoOuW_lo8Q\/"]}]}},"_links":{"self":[{"href":"https:\/\/utap.edu.co\/sitio\/wp-json\/wp\/v2\/pages\/3993"}],"collection":[{"href":"https:\/\/utap.edu.co\/sitio\/wp-json\/wp\/v2\/pages"}],"about":[{"href":"https:\/\/utap.edu.co\/sitio\/wp-json\/wp\/v2\/types\/page"}],"author":[{"embeddable":true,"href":"https:\/\/utap.edu.co\/sitio\/wp-json\/wp\/v2\/users\/1"}],"replies":[{"embeddable":true,"href":"https:\/\/utap.edu.co\/sitio\/wp-json\/wp\/v2\/comments?post=3993"}],"version-history":[{"count":0,"href":"https:\/\/utap.edu.co\/sitio\/wp-json\/wp\/v2\/pages\/3993\/revisions"}],"wp:attachment":[{"href":"https:\/\/utap.edu.co\/sitio\/wp-json\/wp\/v2\/media?parent=3993"}],"wp:term":[{"taxonomy":"wf_page_folders","embeddable":true,"href":"https:\/\/utap.edu.co\/sitio\/wp-json\/wp\/v2\/wf_page_folders?post=3993"}],"curies":[{"name":"wp","href":"https:\/\/api.w.org\/{rel}","templated":true}]}}