{"id":3970,"date":"2019-09-17T14:15:16","date_gmt":"2019-09-17T14:15:16","guid":{"rendered":"https:\/\/162.241.175.74\/sitio\/?page_id=3970"},"modified":"2019-10-16T16:28:38","modified_gmt":"2019-10-16T16:28:38","slug":"politica-investigacion","status":"publish","type":"page","link":"https:\/\/utap.edu.co\/sitio\/politica-investigacion\/","title":{"rendered":"Pol\u00edtica"},"content":{"rendered":"<div id=\"pl-gb3970-69ebe337140a8\"  class=\"panel-layout\" ><div id=\"pg-gb3970-69ebe337140a8-0\"  class=\"panel-grid panel-no-style\" ><div id=\"pgc-gb3970-69ebe337140a8-0-0\"  class=\"panel-grid-cell\" ><div id=\"panel-gb3970-69ebe337140a8-0-0-0\" class=\"so-panel widget widget_text panel-first-child panel-last-child\" data-index=\"0\" >\t\t\t<div class=\"textwidget\"><h1><strong>Pol\u00edtica<\/strong><\/h1>\n<\/div>\n\t\t<\/div><\/div><\/div><div id=\"pg-gb3970-69ebe337140a8-1\"  class=\"panel-grid panel-no-style\" ><div id=\"pgc-gb3970-69ebe337140a8-1-0\"  class=\"panel-grid-cell\" ><div id=\"panel-gb3970-69ebe337140a8-1-0-0\" class=\"so-panel widget widget_text panel-first-child panel-last-child\" data-index=\"1\" >\t\t\t<div class=\"textwidget\"><p>\u201cLa pol\u00edtica de Investigaci\u00f3n Desarrollo e Innovaci\u00f3n, se funde en la creaci\u00f3n, afianzamiento y fortalecimiento del proceso investigativo a trav\u00e9s de la DIRECCI\u00d3N DE INVESTIGACI\u00d3N Y PROYECTOS de la TECNOL\u00d3GICA AUT\u00d3NOMA DEL PACIFICO, mediada por los centros, grupos y semilleros de investigaci\u00f3n, permitiendo garantizar productos indagativos de calidad y pertinencia social\u201d. CENTRO DE INVESTIGACI\u00d3N TECNOL\u00d3GICA AUT\u00d3NOMA DEL PACIFICO (CITAP) debe constituir un escenario flexible y abierto a las interacciones con las otras actividades institucionales, as\u00ed como a las necesidades y demandas de actores sociales y productivos externos a la Instituci\u00f3n.<\/p>\n<p>Basados en lo anterior se hace necesario el fomento y consolidaci\u00f3n de una cultura que comprenda tanto la normatividad, la direcci\u00f3n, los grupos de investigadores y sus l\u00edneas de investigaci\u00f3n, los proyectos, su socializaci\u00f3n y divulgaci\u00f3n, as\u00ed como su financiaci\u00f3n y facilite a los actores de la investigaci\u00f3n el desarrollo de sus actividades. Estructura que buscar\u00e1 siempre el dominio sobre teor\u00edas, m\u00e9todos y problemas de investigaci\u00f3n que tienda siempre a exaltar los niveles de calidad, complejidad y rigor de las investigaciones.<\/p>\n<p>Con el adecuado y oportuno fomento de esta cultura investigativa se espera que la UTAP logre consolidar un sistema de investigaci\u00f3n caracterizado por:<\/p>\n<ul>\n<li>Pol\u00edtica de desarrollo y estabilidad de proyectos, programas, l\u00edneas, grupos, centros y redes de investigaci\u00f3n.<\/li>\n<li>\u00a0Estatuto de Propiedad Intelectual que responde a las necesidades del<br \/>\ndesarrollo de la investigaci\u00f3n en la Instituci\u00f3n.<\/li>\n<li>Vincular docentes de tiempo completo con formaci\u00f3n y experiencia<br \/>\nnecesaria para desarrollar actividades de investigaci\u00f3n.<\/li>\n<li>Agenda acad\u00e9mica de los docentes con un balance adecuado entre investigaci\u00f3n, docencia, asesor\u00eda acad\u00e9mica, extensi\u00f3n y labores administrativas.<\/li>\n<li>Promover en los docentes el esp\u00edritu investigativo, desarrollando procesos de formaci\u00f3n y sensibilizaci\u00f3n.<\/li>\n<li>Laboratorios, instrumentos, recursos bibliogr\u00e1ficos, recursos inform\u00e1ticos adecuados y suficientes para el desarrollo de las actividades de investigaci\u00f3n de los grupos.<\/li>\n<li>Presupuesto adecuado y suficiente para el desarrollo de las actividades de investigaci\u00f3n de los grupos, compuesto de recursos propios y de recursos provenientes de fuentes externas tales como agencias financiadoras de ciencia y tecnolog\u00eda nacionales e internacionales, empresas, gremios de la producci\u00f3n, entre otros.<\/li>\n<li>Est\u00edmulos definidos para la actividad y producci\u00f3n de resultados de investigaci\u00f3n de los docentes y estudiantes.<\/li>\n<li>Promover la publicaci\u00f3n de libros, revistas o art\u00edculos derivados de procesos de investigaci\u00f3n.<\/li>\n<li>Convocatorias internas anuales para el desarrollo de proyectos de investigaci\u00f3n.<\/li>\n<li>Los investigadores deben mantener actualizado sus respectivos Cvlac y Gruplac<\/li>\n<li>Sistema de informaci\u00f3n y seguimiento de la investigaci\u00f3n<\/li>\n<li>Grupos de investigaci\u00f3n reconocidos y clasificados por Colciencias.<\/li>\n<li>Promover el fomento y desarrollo de la investigaci\u00f3n bajo el marco acad\u00e9mico y administrativo establecido<\/li>\n<li>Programa de semilleros de investigaci\u00f3n y de j\u00f3venes investigadores trabajando en el marco de los grupos reconocidos y a los cuales se les otorga alguna financiaci\u00f3n para el desarrollo de sus \u201cproyectos semilla\u201d.<\/li>\n<li>Consolidaci\u00f3n de relaciones Instituci\u00f3n \u2013 sector externo (p\u00fablico y privado)<\/li>\n<li>Generaci\u00f3n y transferencia de resultados de investigaci\u00f3n seg\u00fan de entorno y contexto.<\/li>\n<\/ul>\n<\/div>\n\t\t<\/div><\/div><\/div><\/div>","protected":false},"excerpt":{"rendered":"<p>Pol\u00edtica \u201cLa pol\u00edtica de Investigaci\u00f3n Desarrollo e Innovaci\u00f3n, se funde en la creaci\u00f3n, afianzamiento y fortalecimiento del proceso investigativo a trav\u00e9s de la DIRECCI\u00d3N DE&hellip;<\/p>\n","protected":false},"author":1,"featured_media":0,"parent":0,"menu_order":0,"comment_status":"closed","ping_status":"closed","template":"","meta":{"_joinchat":[]},"wf_page_folders":[91],"yoast_head":"<!-- This site is optimized with the Yoast SEO plugin v21.1 - https:\/\/yoast.com\/wordpress\/plugins\/seo\/ -->\n<title>Pol\u00edtica - UTAP<\/title>\n<meta name=\"robots\" content=\"index, follow, max-snippet:-1, max-image-preview:large, max-video-preview:-1\" \/>\n<link rel=\"canonical\" href=\"https:\/\/utap.edu.co\/sitio\/politica-investigacion\/\" \/>\n<meta property=\"og:locale\" content=\"es_ES\" \/>\n<meta property=\"og:type\" content=\"article\" \/>\n<meta property=\"og:title\" content=\"Pol\u00edtica - UTAP\" \/>\n<meta property=\"og:description\" content=\"Pol\u00edtica \u201cLa pol\u00edtica de Investigaci\u00f3n Desarrollo e Innovaci\u00f3n, se funde en la creaci\u00f3n, afianzamiento y fortalecimiento del proceso investigativo a trav\u00e9s de la DIRECCI\u00d3N DE&hellip;\" \/>\n<meta property=\"og:url\" content=\"https:\/\/utap.edu.co\/sitio\/politica-investigacion\/\" \/>\n<meta property=\"og:site_name\" content=\"UTAP\" \/>\n<meta property=\"article:publisher\" content=\"https:\/\/www.facebook.com\/UTAPCALI\/\" \/>\n<meta property=\"article:modified_time\" content=\"2019-10-16T16:28:38+00:00\" \/>\n<meta name=\"twitter:card\" content=\"summary_large_image\" \/>\n<script type=\"application\/ld+json\" class=\"yoast-schema-graph\">{\"@context\":\"https:\/\/schema.org\",\"@graph\":[{\"@type\":\"WebPage\",\"@id\":\"https:\/\/utap.edu.co\/sitio\/politica-investigacion\/\",\"url\":\"https:\/\/utap.edu.co\/sitio\/politica-investigacion\/\",\"name\":\"Pol\u00edtica - UTAP\",\"isPartOf\":{\"@id\":\"https:\/\/utap.edu.co\/sitio\/#website\"},\"datePublished\":\"2019-09-17T14:15:16+00:00\",\"dateModified\":\"2019-10-16T16:28:38+00:00\",\"breadcrumb\":{\"@id\":\"https:\/\/utap.edu.co\/sitio\/politica-investigacion\/#breadcrumb\"},\"inLanguage\":\"es\",\"potentialAction\":[{\"@type\":\"ReadAction\",\"target\":[\"https:\/\/utap.edu.co\/sitio\/politica-investigacion\/\"]}]},{\"@type\":\"BreadcrumbList\",\"@id\":\"https:\/\/utap.edu.co\/sitio\/politica-investigacion\/#breadcrumb\",\"itemListElement\":[{\"@type\":\"ListItem\",\"position\":1,\"name\":\"Home\",\"item\":\"https:\/\/utap.edu.co\/sitio\/\"},{\"@type\":\"ListItem\",\"position\":2,\"name\":\"Pol\u00edtica\"}]},{\"@type\":\"WebSite\",\"@id\":\"https:\/\/utap.edu.co\/sitio\/#website\",\"url\":\"https:\/\/utap.edu.co\/sitio\/\",\"name\":\"UTAP\",\"description\":\"Educaci\u00f3n Superior con Sentido Social\",\"publisher\":{\"@id\":\"https:\/\/utap.edu.co\/sitio\/#organization\"},\"potentialAction\":[{\"@type\":\"SearchAction\",\"target\":{\"@type\":\"EntryPoint\",\"urlTemplate\":\"https:\/\/utap.edu.co\/sitio\/?s={search_term_string}\"},\"query-input\":\"required name=search_term_string\"}],\"inLanguage\":\"es\"},{\"@type\":\"Organization\",\"@id\":\"https:\/\/utap.edu.co\/sitio\/#organization\",\"name\":\"Tecnol\u00f3gica Aut\u00f3noma del Pacifico\",\"url\":\"https:\/\/utap.edu.co\/sitio\/\",\"logo\":{\"@type\":\"ImageObject\",\"inLanguage\":\"es\",\"@id\":\"https:\/\/utap.edu.co\/sitio\/#\/schema\/logo\/image\/\",\"url\":\"https:\/\/utap.edu.co\/sitio\/wp-content\/uploads\/2023\/11\/Mesa-de-trabajo-1logo.png\",\"contentUrl\":\"https:\/\/utap.edu.co\/sitio\/wp-content\/uploads\/2023\/11\/Mesa-de-trabajo-1logo.png\",\"width\":401,\"height\":86,\"caption\":\"Tecnol\u00f3gica Aut\u00f3noma del Pacifico\"},\"image\":{\"@id\":\"https:\/\/utap.edu.co\/sitio\/#\/schema\/logo\/image\/\"},\"sameAs\":[\"https:\/\/www.facebook.com\/UTAPCALI\/\",\"https:\/\/www.instagram.com\/utapcali\/\",\"https:\/\/www.linkedin.com\/company\/tecnol\u00f3gica-aut\u00f3noma-del-pac\u00edfico\",\"https:\/\/www.youtube.com\/channel\/UCdh4_tECdrEEptoOuW_lo8Q\/\"]}]}<\/script>\n<!-- \/ Yoast SEO plugin. -->","yoast_head_json":{"title":"Pol\u00edtica - UTAP","robots":{"index":"index","follow":"follow","max-snippet":"max-snippet:-1","max-image-preview":"max-image-preview:large","max-video-preview":"max-video-preview:-1"},"canonical":"https:\/\/utap.edu.co\/sitio\/politica-investigacion\/","og_locale":"es_ES","og_type":"article","og_title":"Pol\u00edtica - UTAP","og_description":"Pol\u00edtica \u201cLa pol\u00edtica de Investigaci\u00f3n Desarrollo e Innovaci\u00f3n, se funde en la creaci\u00f3n, afianzamiento y fortalecimiento del proceso investigativo a trav\u00e9s de la DIRECCI\u00d3N DE&hellip;","og_url":"https:\/\/utap.edu.co\/sitio\/politica-investigacion\/","og_site_name":"UTAP","article_publisher":"https:\/\/www.facebook.com\/UTAPCALI\/","article_modified_time":"2019-10-16T16:28:38+00:00","twitter_card":"summary_large_image","schema":{"@context":"https:\/\/schema.org","@graph":[{"@type":"WebPage","@id":"https:\/\/utap.edu.co\/sitio\/politica-investigacion\/","url":"https:\/\/utap.edu.co\/sitio\/politica-investigacion\/","name":"Pol\u00edtica - UTAP","isPartOf":{"@id":"https:\/\/utap.edu.co\/sitio\/#website"},"datePublished":"2019-09-17T14:15:16+00:00","dateModified":"2019-10-16T16:28:38+00:00","breadcrumb":{"@id":"https:\/\/utap.edu.co\/sitio\/politica-investigacion\/#breadcrumb"},"inLanguage":"es","potentialAction":[{"@type":"ReadAction","target":["https:\/\/utap.edu.co\/sitio\/politica-investigacion\/"]}]},{"@type":"BreadcrumbList","@id":"https:\/\/utap.edu.co\/sitio\/politica-investigacion\/#breadcrumb","itemListElement":[{"@type":"ListItem","position":1,"name":"Home","item":"https:\/\/utap.edu.co\/sitio\/"},{"@type":"ListItem","position":2,"name":"Pol\u00edtica"}]},{"@type":"WebSite","@id":"https:\/\/utap.edu.co\/sitio\/#website","url":"https:\/\/utap.edu.co\/sitio\/","name":"UTAP","description":"Educaci\u00f3n Superior con Sentido Social","publisher":{"@id":"https:\/\/utap.edu.co\/sitio\/#organization"},"potentialAction":[{"@type":"SearchAction","target":{"@type":"EntryPoint","urlTemplate":"https:\/\/utap.edu.co\/sitio\/?s={search_term_string}"},"query-input":"required name=search_term_string"}],"inLanguage":"es"},{"@type":"Organization","@id":"https:\/\/utap.edu.co\/sitio\/#organization","name":"Tecnol\u00f3gica Aut\u00f3noma del Pacifico","url":"https:\/\/utap.edu.co\/sitio\/","logo":{"@type":"ImageObject","inLanguage":"es","@id":"https:\/\/utap.edu.co\/sitio\/#\/schema\/logo\/image\/","url":"https:\/\/utap.edu.co\/sitio\/wp-content\/uploads\/2023\/11\/Mesa-de-trabajo-1logo.png","contentUrl":"https:\/\/utap.edu.co\/sitio\/wp-content\/uploads\/2023\/11\/Mesa-de-trabajo-1logo.png","width":401,"height":86,"caption":"Tecnol\u00f3gica Aut\u00f3noma del Pacifico"},"image":{"@id":"https:\/\/utap.edu.co\/sitio\/#\/schema\/logo\/image\/"},"sameAs":["https:\/\/www.facebook.com\/UTAPCALI\/","https:\/\/www.instagram.com\/utapcali\/","https:\/\/www.linkedin.com\/company\/tecnol\u00f3gica-aut\u00f3noma-del-pac\u00edfico","https:\/\/www.youtube.com\/channel\/UCdh4_tECdrEEptoOuW_lo8Q\/"]}]}},"_links":{"self":[{"href":"https:\/\/utap.edu.co\/sitio\/wp-json\/wp\/v2\/pages\/3970"}],"collection":[{"href":"https:\/\/utap.edu.co\/sitio\/wp-json\/wp\/v2\/pages"}],"about":[{"href":"https:\/\/utap.edu.co\/sitio\/wp-json\/wp\/v2\/types\/page"}],"author":[{"embeddable":true,"href":"https:\/\/utap.edu.co\/sitio\/wp-json\/wp\/v2\/users\/1"}],"replies":[{"embeddable":true,"href":"https:\/\/utap.edu.co\/sitio\/wp-json\/wp\/v2\/comments?post=3970"}],"version-history":[{"count":0,"href":"https:\/\/utap.edu.co\/sitio\/wp-json\/wp\/v2\/pages\/3970\/revisions"}],"wp:attachment":[{"href":"https:\/\/utap.edu.co\/sitio\/wp-json\/wp\/v2\/media?parent=3970"}],"wp:term":[{"taxonomy":"wf_page_folders","embeddable":true,"href":"https:\/\/utap.edu.co\/sitio\/wp-json\/wp\/v2\/wf_page_folders?post=3970"}],"curies":[{"name":"wp","href":"https:\/\/api.w.org\/{rel}","templated":true}]}}