{"id":3411,"date":"2019-09-17T14:15:16","date_gmt":"2019-09-17T14:15:16","guid":{"rendered":"https:\/\/162.241.175.74\/sitio\/?page_id=3411"},"modified":"2020-02-17T15:48:26","modified_gmt":"2020-02-17T15:48:26","slug":"poliza-docentes","status":"publish","type":"page","link":"https:\/\/utap.edu.co\/sitio\/poliza-docentes\/","title":{"rendered":"P\u00f3liza Docentes"},"content":{"rendered":"\n<figure class=\"is-layout-flex wp-block-gallery-1 wp-block-gallery columns-1 is-cropped aligncenter\"><ul class=\"blocks-gallery-grid\"><li class=\"blocks-gallery-item\"><figure><img decoding=\"async\" loading=\"lazy\" width=\"747\" height=\"785\" src=\"https:\/\/162.241.175.74\/sitio\/wp-content\/uploads\/2019\/09\/poliza-docentes.jpg\" alt=\"\" data-id=\"3414\" data-link=\"https:\/\/162.241.175.74\/sitio\/?attachment_id=3414\" class=\"wp-image-3414\" srcset=\"https:\/\/utap.edu.co\/sitio\/wp-content\/uploads\/2019\/09\/poliza-docentes.jpg 747w, https:\/\/utap.edu.co\/sitio\/wp-content\/uploads\/2019\/09\/poliza-docentes-285x300.jpg 285w\" sizes=\"(max-width: 747px) 100vw, 747px\" \/><\/figure><\/li><\/ul><\/figure>\n\n\n<h1>&nbsp;<\/h1>\n<p><iframe style=\"width: 1200px; height: 700px;\" src=\"https:\/\/docs.google.com\/viewerng\/viewer?url=http:\/\/www.utap.edu.co\/\/\/images\/Documentos\/430-2-994000001368 Caratula Poliza.PDF&amp;hl=esamp;hl=es&amp;hl=es&amp;embedded=true\" frameborder=\"0\"><\/iframe><\/p>\n<p><iframe style=\"width: 1200px; height: 700px;\" src=\"https:\/\/docs.google.com\/viewerng\/viewer?url=http:\/\/www.utap.edu.co\/\/\/images\/Documentos\/FUNDACION+TECNOLOGICA,+SLIP+ACCIDENTES+ESCOLARES,+18-2+2+(2).pdf&amp;hl=esamp;hl=es&amp;hl=es&amp;embedded=true\" frameborder=\"0\"><\/iframe><\/p>\n<h1>&nbsp;<\/h1>\n<p><iframe style=\"width: 1200px; height: 700px;\" src=\"https:\/\/docs.google.com\/viewerng\/viewer?url=http:\/\/www.utap.edu.co\/\/\/images\/Documentos\/Poliza+Seguro+contra+Accidented+18-1.pdf&amp;hl=es&amp;hl=esamp;hl=es&amp;hl=es&amp;embedded=true\" frameborder=\"0\"><\/iframe><\/p>","protected":false},"excerpt":{"rendered":"<p>&nbsp; &nbsp;<\/p>\n","protected":false},"author":1,"featured_media":0,"parent":0,"menu_order":0,"comment_status":"closed","ping_status":"closed","template":"","meta":{"_joinchat":[]},"wf_page_folders":[82],"yoast_head":"<!-- This site is optimized with the Yoast SEO plugin v21.1 - https:\/\/yoast.com\/wordpress\/plugins\/seo\/ -->\n<title>P\u00f3liza Docentes - UTAP<\/title>\n<meta name=\"robots\" content=\"index, follow, max-snippet:-1, max-image-preview:large, max-video-preview:-1\" \/>\n<link rel=\"canonical\" href=\"https:\/\/utap.edu.co\/sitio\/poliza-docentes\/\" \/>\n<meta property=\"og:locale\" content=\"es_ES\" \/>\n<meta property=\"og:type\" content=\"article\" \/>\n<meta property=\"og:title\" content=\"P\u00f3liza Docentes - UTAP\" \/>\n<meta property=\"og:description\" content=\"&nbsp; &nbsp;\" \/>\n<meta property=\"og:url\" content=\"https:\/\/utap.edu.co\/sitio\/poliza-docentes\/\" \/>\n<meta property=\"og:site_name\" content=\"UTAP\" \/>\n<meta property=\"article:publisher\" content=\"https:\/\/www.facebook.com\/UTAPCALI\/\" \/>\n<meta property=\"article:modified_time\" content=\"2020-02-17T15:48:26+00:00\" \/>\n<meta property=\"og:image\" content=\"https:\/\/162.241.175.74\/sitio\/wp-content\/uploads\/2019\/09\/poliza-docentes.jpg\" \/>\n<meta name=\"twitter:card\" content=\"summary_large_image\" \/>\n<script type=\"application\/ld+json\" class=\"yoast-schema-graph\">{\"@context\":\"https:\/\/schema.org\",\"@graph\":[{\"@type\":\"WebPage\",\"@id\":\"https:\/\/utap.edu.co\/sitio\/poliza-docentes\/\",\"url\":\"https:\/\/utap.edu.co\/sitio\/poliza-docentes\/\",\"name\":\"P\u00f3liza Docentes - UTAP\",\"isPartOf\":{\"@id\":\"https:\/\/utap.edu.co\/sitio\/#website\"},\"datePublished\":\"2019-09-17T14:15:16+00:00\",\"dateModified\":\"2020-02-17T15:48:26+00:00\",\"breadcrumb\":{\"@id\":\"https:\/\/utap.edu.co\/sitio\/poliza-docentes\/#breadcrumb\"},\"inLanguage\":\"es\",\"potentialAction\":[{\"@type\":\"ReadAction\",\"target\":[\"https:\/\/utap.edu.co\/sitio\/poliza-docentes\/\"]}]},{\"@type\":\"BreadcrumbList\",\"@id\":\"https:\/\/utap.edu.co\/sitio\/poliza-docentes\/#breadcrumb\",\"itemListElement\":[{\"@type\":\"ListItem\",\"position\":1,\"name\":\"Home\",\"item\":\"https:\/\/utap.edu.co\/sitio\/\"},{\"@type\":\"ListItem\",\"position\":2,\"name\":\"P\u00f3liza Docentes\"}]},{\"@type\":\"WebSite\",\"@id\":\"https:\/\/utap.edu.co\/sitio\/#website\",\"url\":\"https:\/\/utap.edu.co\/sitio\/\",\"name\":\"UTAP\",\"description\":\"Educaci\u00f3n Superior con Sentido Social\",\"publisher\":{\"@id\":\"https:\/\/utap.edu.co\/sitio\/#organization\"},\"potentialAction\":[{\"@type\":\"SearchAction\",\"target\":{\"@type\":\"EntryPoint\",\"urlTemplate\":\"https:\/\/utap.edu.co\/sitio\/?s={search_term_string}\"},\"query-input\":\"required name=search_term_string\"}],\"inLanguage\":\"es\"},{\"@type\":\"Organization\",\"@id\":\"https:\/\/utap.edu.co\/sitio\/#organization\",\"name\":\"Tecnol\u00f3gica Aut\u00f3noma del Pacifico\",\"url\":\"https:\/\/utap.edu.co\/sitio\/\",\"logo\":{\"@type\":\"ImageObject\",\"inLanguage\":\"es\",\"@id\":\"https:\/\/utap.edu.co\/sitio\/#\/schema\/logo\/image\/\",\"url\":\"https:\/\/utap.edu.co\/sitio\/wp-content\/uploads\/2023\/11\/Mesa-de-trabajo-1logo.png\",\"contentUrl\":\"https:\/\/utap.edu.co\/sitio\/wp-content\/uploads\/2023\/11\/Mesa-de-trabajo-1logo.png\",\"width\":401,\"height\":86,\"caption\":\"Tecnol\u00f3gica Aut\u00f3noma del Pacifico\"},\"image\":{\"@id\":\"https:\/\/utap.edu.co\/sitio\/#\/schema\/logo\/image\/\"},\"sameAs\":[\"https:\/\/www.facebook.com\/UTAPCALI\/\",\"https:\/\/www.instagram.com\/utapcali\/\",\"https:\/\/www.linkedin.com\/company\/tecnol\u00f3gica-aut\u00f3noma-del-pac\u00edfico\",\"https:\/\/www.youtube.com\/channel\/UCdh4_tECdrEEptoOuW_lo8Q\/\"]}]}<\/script>\n<!-- \/ Yoast SEO plugin. -->","yoast_head_json":{"title":"P\u00f3liza Docentes - UTAP","robots":{"index":"index","follow":"follow","max-snippet":"max-snippet:-1","max-image-preview":"max-image-preview:large","max-video-preview":"max-video-preview:-1"},"canonical":"https:\/\/utap.edu.co\/sitio\/poliza-docentes\/","og_locale":"es_ES","og_type":"article","og_title":"P\u00f3liza Docentes - UTAP","og_description":"&nbsp; &nbsp;","og_url":"https:\/\/utap.edu.co\/sitio\/poliza-docentes\/","og_site_name":"UTAP","article_publisher":"https:\/\/www.facebook.com\/UTAPCALI\/","article_modified_time":"2020-02-17T15:48:26+00:00","og_image":[{"url":"https:\/\/162.241.175.74\/sitio\/wp-content\/uploads\/2019\/09\/poliza-docentes.jpg"}],"twitter_card":"summary_large_image","schema":{"@context":"https:\/\/schema.org","@graph":[{"@type":"WebPage","@id":"https:\/\/utap.edu.co\/sitio\/poliza-docentes\/","url":"https:\/\/utap.edu.co\/sitio\/poliza-docentes\/","name":"P\u00f3liza Docentes - UTAP","isPartOf":{"@id":"https:\/\/utap.edu.co\/sitio\/#website"},"datePublished":"2019-09-17T14:15:16+00:00","dateModified":"2020-02-17T15:48:26+00:00","breadcrumb":{"@id":"https:\/\/utap.edu.co\/sitio\/poliza-docentes\/#breadcrumb"},"inLanguage":"es","potentialAction":[{"@type":"ReadAction","target":["https:\/\/utap.edu.co\/sitio\/poliza-docentes\/"]}]},{"@type":"BreadcrumbList","@id":"https:\/\/utap.edu.co\/sitio\/poliza-docentes\/#breadcrumb","itemListElement":[{"@type":"ListItem","position":1,"name":"Home","item":"https:\/\/utap.edu.co\/sitio\/"},{"@type":"ListItem","position":2,"name":"P\u00f3liza Docentes"}]},{"@type":"WebSite","@id":"https:\/\/utap.edu.co\/sitio\/#website","url":"https:\/\/utap.edu.co\/sitio\/","name":"UTAP","description":"Educaci\u00f3n Superior con Sentido Social","publisher":{"@id":"https:\/\/utap.edu.co\/sitio\/#organization"},"potentialAction":[{"@type":"SearchAction","target":{"@type":"EntryPoint","urlTemplate":"https:\/\/utap.edu.co\/sitio\/?s={search_term_string}"},"query-input":"required name=search_term_string"}],"inLanguage":"es"},{"@type":"Organization","@id":"https:\/\/utap.edu.co\/sitio\/#organization","name":"Tecnol\u00f3gica Aut\u00f3noma del Pacifico","url":"https:\/\/utap.edu.co\/sitio\/","logo":{"@type":"ImageObject","inLanguage":"es","@id":"https:\/\/utap.edu.co\/sitio\/#\/schema\/logo\/image\/","url":"https:\/\/utap.edu.co\/sitio\/wp-content\/uploads\/2023\/11\/Mesa-de-trabajo-1logo.png","contentUrl":"https:\/\/utap.edu.co\/sitio\/wp-content\/uploads\/2023\/11\/Mesa-de-trabajo-1logo.png","width":401,"height":86,"caption":"Tecnol\u00f3gica Aut\u00f3noma del Pacifico"},"image":{"@id":"https:\/\/utap.edu.co\/sitio\/#\/schema\/logo\/image\/"},"sameAs":["https:\/\/www.facebook.com\/UTAPCALI\/","https:\/\/www.instagram.com\/utapcali\/","https:\/\/www.linkedin.com\/company\/tecnol\u00f3gica-aut\u00f3noma-del-pac\u00edfico","https:\/\/www.youtube.com\/channel\/UCdh4_tECdrEEptoOuW_lo8Q\/"]}]}},"_links":{"self":[{"href":"https:\/\/utap.edu.co\/sitio\/wp-json\/wp\/v2\/pages\/3411"}],"collection":[{"href":"https:\/\/utap.edu.co\/sitio\/wp-json\/wp\/v2\/pages"}],"about":[{"href":"https:\/\/utap.edu.co\/sitio\/wp-json\/wp\/v2\/types\/page"}],"author":[{"embeddable":true,"href":"https:\/\/utap.edu.co\/sitio\/wp-json\/wp\/v2\/users\/1"}],"replies":[{"embeddable":true,"href":"https:\/\/utap.edu.co\/sitio\/wp-json\/wp\/v2\/comments?post=3411"}],"version-history":[{"count":0,"href":"https:\/\/utap.edu.co\/sitio\/wp-json\/wp\/v2\/pages\/3411\/revisions"}],"wp:attachment":[{"href":"https:\/\/utap.edu.co\/sitio\/wp-json\/wp\/v2\/media?parent=3411"}],"wp:term":[{"taxonomy":"wf_page_folders","embeddable":true,"href":"https:\/\/utap.edu.co\/sitio\/wp-json\/wp\/v2\/wf_page_folders?post=3411"}],"curies":[{"name":"wp","href":"https:\/\/api.w.org\/{rel}","templated":true}]}}