{"id":3362,"date":"2019-09-17T14:15:16","date_gmt":"2019-09-17T14:15:16","guid":{"rendered":"https:\/\/162.241.175.74\/sitio\/?page_id=3362"},"modified":"2025-10-08T11:58:40","modified_gmt":"2025-10-08T16:58:40","slug":"https-solidariaapp-carnetdigital-syssastpa-com","status":"publish","type":"page","link":"https:\/\/utap.edu.co\/sitio\/https-solidariaapp-carnetdigital-syssastpa-com\/","title":{"rendered":"Cobertura de P\u00f3liza Estudiantil"},"content":{"rendered":"\n<p class=\"has-text-align-center\"><\/p>\n\n\n\n<h1 style=\"text-align: center; margin-top: 30px;\"><strong>COBERTURA DE P\u00d3LIZA ESTUDIANTIL<\/strong><\/h1>\n\n\n\n<figure class=\"wp-block-image alignfull size-large\"><a href=\"https:\/\/solidariaapp.carnetdigital.syssastpa.com\/\"><img decoding=\"async\" loading=\"lazy\" width=\"1024\" height=\"304\" src=\"https:\/\/utap.edu.co\/sitio\/wp-content\/uploads\/2024\/08\/Banner-poliza-estudiantil-1024x304.png\" alt=\"\" class=\"wp-image-20156\" srcset=\"https:\/\/utap.edu.co\/sitio\/wp-content\/uploads\/2024\/08\/Banner-poliza-estudiantil-1024x304.png 1024w, https:\/\/utap.edu.co\/sitio\/wp-content\/uploads\/2024\/08\/Banner-poliza-estudiantil-768x228.png 768w, https:\/\/utap.edu.co\/sitio\/wp-content\/uploads\/2024\/08\/Banner-poliza-estudiantil-1536x457.png 1536w, https:\/\/utap.edu.co\/sitio\/wp-content\/uploads\/2024\/08\/Banner-poliza-estudiantil-2048x609.png 2048w\" sizes=\"(max-width: 1024px) 100vw, 1024px\" \/><\/a><\/figure>\n\n\n\n<h2 style=\"text-align: center; margin-top: 20px;\"><strong>T\u00e9rminos y Condiciones<\/strong><\/h2>\n<div class=\"wp-block-file\"><object class=\"wp-block-file__embed\" style=\"width: 100%; height: 600px;\" data=\"http:\/\/www.utap.edu.co\/images\/Documentos\/SEGURO ESTUDIANTIL.pdf\" type=\"application\/pdf\" width=\"300\" height=\"150\" aria-label=\"PDF embed\"><\/object><\/div>\n","protected":false},"excerpt":{"rendered":"<p>COBERTURA DE P\u00d3LIZA ESTUDIANTIL T\u00e9rminos y Condiciones<\/p>\n","protected":false},"author":1,"featured_media":0,"parent":0,"menu_order":0,"comment_status":"closed","ping_status":"closed","template":"","meta":{"_joinchat":[]},"wf_page_folders":[81],"yoast_head":"<!-- This site is optimized with the Yoast SEO plugin v21.1 - https:\/\/yoast.com\/wordpress\/plugins\/seo\/ -->\n<title>Cobertura de P\u00f3liza Estudiantil - UTAP<\/title>\n<meta name=\"robots\" content=\"index, follow, max-snippet:-1, max-image-preview:large, max-video-preview:-1\" \/>\n<link rel=\"canonical\" href=\"https:\/\/utap.edu.co\/sitio\/https-solidariaapp-carnetdigital-syssastpa-com\/\" \/>\n<meta property=\"og:locale\" content=\"es_ES\" \/>\n<meta property=\"og:type\" content=\"article\" \/>\n<meta property=\"og:title\" content=\"Cobertura de P\u00f3liza Estudiantil - UTAP\" \/>\n<meta property=\"og:description\" content=\"COBERTURA DE P\u00d3LIZA ESTUDIANTIL T\u00e9rminos y Condiciones\" \/>\n<meta property=\"og:url\" content=\"https:\/\/utap.edu.co\/sitio\/https-solidariaapp-carnetdigital-syssastpa-com\/\" \/>\n<meta property=\"og:site_name\" content=\"UTAP\" \/>\n<meta property=\"article:publisher\" content=\"https:\/\/www.facebook.com\/UTAPCALI\/\" \/>\n<meta property=\"article:modified_time\" content=\"2025-10-08T16:58:40+00:00\" \/>\n<meta property=\"og:image\" content=\"https:\/\/utap.edu.co\/sitio\/wp-content\/uploads\/2024\/08\/Banner-poliza-estudiantil-1024x304.png\" \/>\n<meta name=\"twitter:card\" content=\"summary_large_image\" \/>\n<script type=\"application\/ld+json\" class=\"yoast-schema-graph\">{\"@context\":\"https:\/\/schema.org\",\"@graph\":[{\"@type\":\"WebPage\",\"@id\":\"https:\/\/utap.edu.co\/sitio\/https-solidariaapp-carnetdigital-syssastpa-com\/\",\"url\":\"https:\/\/utap.edu.co\/sitio\/https-solidariaapp-carnetdigital-syssastpa-com\/\",\"name\":\"Cobertura de P\u00f3liza Estudiantil - UTAP\",\"isPartOf\":{\"@id\":\"https:\/\/utap.edu.co\/sitio\/#website\"},\"datePublished\":\"2019-09-17T14:15:16+00:00\",\"dateModified\":\"2025-10-08T16:58:40+00:00\",\"breadcrumb\":{\"@id\":\"https:\/\/utap.edu.co\/sitio\/https-solidariaapp-carnetdigital-syssastpa-com\/#breadcrumb\"},\"inLanguage\":\"es\",\"potentialAction\":[{\"@type\":\"ReadAction\",\"target\":[\"https:\/\/utap.edu.co\/sitio\/https-solidariaapp-carnetdigital-syssastpa-com\/\"]}]},{\"@type\":\"BreadcrumbList\",\"@id\":\"https:\/\/utap.edu.co\/sitio\/https-solidariaapp-carnetdigital-syssastpa-com\/#breadcrumb\",\"itemListElement\":[{\"@type\":\"ListItem\",\"position\":1,\"name\":\"Home\",\"item\":\"https:\/\/utap.edu.co\/sitio\/\"},{\"@type\":\"ListItem\",\"position\":2,\"name\":\"Cobertura de P\u00f3liza Estudiantil\"}]},{\"@type\":\"WebSite\",\"@id\":\"https:\/\/utap.edu.co\/sitio\/#website\",\"url\":\"https:\/\/utap.edu.co\/sitio\/\",\"name\":\"UTAP\",\"description\":\"Educaci\u00f3n Superior con Sentido Social\",\"publisher\":{\"@id\":\"https:\/\/utap.edu.co\/sitio\/#organization\"},\"potentialAction\":[{\"@type\":\"SearchAction\",\"target\":{\"@type\":\"EntryPoint\",\"urlTemplate\":\"https:\/\/utap.edu.co\/sitio\/?s={search_term_string}\"},\"query-input\":\"required name=search_term_string\"}],\"inLanguage\":\"es\"},{\"@type\":\"Organization\",\"@id\":\"https:\/\/utap.edu.co\/sitio\/#organization\",\"name\":\"Tecnol\u00f3gica Aut\u00f3noma del Pacifico\",\"url\":\"https:\/\/utap.edu.co\/sitio\/\",\"logo\":{\"@type\":\"ImageObject\",\"inLanguage\":\"es\",\"@id\":\"https:\/\/utap.edu.co\/sitio\/#\/schema\/logo\/image\/\",\"url\":\"https:\/\/utap.edu.co\/sitio\/wp-content\/uploads\/2023\/11\/Mesa-de-trabajo-1logo.png\",\"contentUrl\":\"https:\/\/utap.edu.co\/sitio\/wp-content\/uploads\/2023\/11\/Mesa-de-trabajo-1logo.png\",\"width\":401,\"height\":86,\"caption\":\"Tecnol\u00f3gica Aut\u00f3noma del Pacifico\"},\"image\":{\"@id\":\"https:\/\/utap.edu.co\/sitio\/#\/schema\/logo\/image\/\"},\"sameAs\":[\"https:\/\/www.facebook.com\/UTAPCALI\/\",\"https:\/\/www.instagram.com\/utapcali\/\",\"https:\/\/www.linkedin.com\/company\/tecnol\u00f3gica-aut\u00f3noma-del-pac\u00edfico\",\"https:\/\/www.youtube.com\/channel\/UCdh4_tECdrEEptoOuW_lo8Q\/\"]}]}<\/script>\n<!-- \/ Yoast SEO plugin. -->","yoast_head_json":{"title":"Cobertura de P\u00f3liza Estudiantil - UTAP","robots":{"index":"index","follow":"follow","max-snippet":"max-snippet:-1","max-image-preview":"max-image-preview:large","max-video-preview":"max-video-preview:-1"},"canonical":"https:\/\/utap.edu.co\/sitio\/https-solidariaapp-carnetdigital-syssastpa-com\/","og_locale":"es_ES","og_type":"article","og_title":"Cobertura de P\u00f3liza Estudiantil - UTAP","og_description":"COBERTURA DE P\u00d3LIZA ESTUDIANTIL T\u00e9rminos y Condiciones","og_url":"https:\/\/utap.edu.co\/sitio\/https-solidariaapp-carnetdigital-syssastpa-com\/","og_site_name":"UTAP","article_publisher":"https:\/\/www.facebook.com\/UTAPCALI\/","article_modified_time":"2025-10-08T16:58:40+00:00","og_image":[{"url":"https:\/\/utap.edu.co\/sitio\/wp-content\/uploads\/2024\/08\/Banner-poliza-estudiantil-1024x304.png"}],"twitter_card":"summary_large_image","schema":{"@context":"https:\/\/schema.org","@graph":[{"@type":"WebPage","@id":"https:\/\/utap.edu.co\/sitio\/https-solidariaapp-carnetdigital-syssastpa-com\/","url":"https:\/\/utap.edu.co\/sitio\/https-solidariaapp-carnetdigital-syssastpa-com\/","name":"Cobertura de P\u00f3liza Estudiantil - UTAP","isPartOf":{"@id":"https:\/\/utap.edu.co\/sitio\/#website"},"datePublished":"2019-09-17T14:15:16+00:00","dateModified":"2025-10-08T16:58:40+00:00","breadcrumb":{"@id":"https:\/\/utap.edu.co\/sitio\/https-solidariaapp-carnetdigital-syssastpa-com\/#breadcrumb"},"inLanguage":"es","potentialAction":[{"@type":"ReadAction","target":["https:\/\/utap.edu.co\/sitio\/https-solidariaapp-carnetdigital-syssastpa-com\/"]}]},{"@type":"BreadcrumbList","@id":"https:\/\/utap.edu.co\/sitio\/https-solidariaapp-carnetdigital-syssastpa-com\/#breadcrumb","itemListElement":[{"@type":"ListItem","position":1,"name":"Home","item":"https:\/\/utap.edu.co\/sitio\/"},{"@type":"ListItem","position":2,"name":"Cobertura de P\u00f3liza Estudiantil"}]},{"@type":"WebSite","@id":"https:\/\/utap.edu.co\/sitio\/#website","url":"https:\/\/utap.edu.co\/sitio\/","name":"UTAP","description":"Educaci\u00f3n Superior con Sentido Social","publisher":{"@id":"https:\/\/utap.edu.co\/sitio\/#organization"},"potentialAction":[{"@type":"SearchAction","target":{"@type":"EntryPoint","urlTemplate":"https:\/\/utap.edu.co\/sitio\/?s={search_term_string}"},"query-input":"required name=search_term_string"}],"inLanguage":"es"},{"@type":"Organization","@id":"https:\/\/utap.edu.co\/sitio\/#organization","name":"Tecnol\u00f3gica Aut\u00f3noma del Pacifico","url":"https:\/\/utap.edu.co\/sitio\/","logo":{"@type":"ImageObject","inLanguage":"es","@id":"https:\/\/utap.edu.co\/sitio\/#\/schema\/logo\/image\/","url":"https:\/\/utap.edu.co\/sitio\/wp-content\/uploads\/2023\/11\/Mesa-de-trabajo-1logo.png","contentUrl":"https:\/\/utap.edu.co\/sitio\/wp-content\/uploads\/2023\/11\/Mesa-de-trabajo-1logo.png","width":401,"height":86,"caption":"Tecnol\u00f3gica Aut\u00f3noma del Pacifico"},"image":{"@id":"https:\/\/utap.edu.co\/sitio\/#\/schema\/logo\/image\/"},"sameAs":["https:\/\/www.facebook.com\/UTAPCALI\/","https:\/\/www.instagram.com\/utapcali\/","https:\/\/www.linkedin.com\/company\/tecnol\u00f3gica-aut\u00f3noma-del-pac\u00edfico","https:\/\/www.youtube.com\/channel\/UCdh4_tECdrEEptoOuW_lo8Q\/"]}]}},"_links":{"self":[{"href":"https:\/\/utap.edu.co\/sitio\/wp-json\/wp\/v2\/pages\/3362"}],"collection":[{"href":"https:\/\/utap.edu.co\/sitio\/wp-json\/wp\/v2\/pages"}],"about":[{"href":"https:\/\/utap.edu.co\/sitio\/wp-json\/wp\/v2\/types\/page"}],"author":[{"embeddable":true,"href":"https:\/\/utap.edu.co\/sitio\/wp-json\/wp\/v2\/users\/1"}],"replies":[{"embeddable":true,"href":"https:\/\/utap.edu.co\/sitio\/wp-json\/wp\/v2\/comments?post=3362"}],"version-history":[{"count":0,"href":"https:\/\/utap.edu.co\/sitio\/wp-json\/wp\/v2\/pages\/3362\/revisions"}],"wp:attachment":[{"href":"https:\/\/utap.edu.co\/sitio\/wp-json\/wp\/v2\/media?parent=3362"}],"wp:term":[{"taxonomy":"wf_page_folders","embeddable":true,"href":"https:\/\/utap.edu.co\/sitio\/wp-json\/wp\/v2\/wf_page_folders?post=3362"}],"curies":[{"name":"wp","href":"https:\/\/api.w.org\/{rel}","templated":true}]}}