{"id":3306,"date":"2021-07-30T12:58:04","date_gmt":"2021-07-30T17:58:04","guid":{"rendered":"https:\/\/162.241.175.74\/sitio\/?page_id=3306"},"modified":"2026-02-16T18:16:50","modified_gmt":"2026-02-16T23:16:50","slug":"bienestar-institucional","status":"publish","type":"page","link":"https:\/\/utap.edu.co\/sitio\/bienestar-institucional\/","title":{"rendered":"Bienestar institucional"},"content":{"rendered":"<div id=\"pl-3306\"  class=\"panel-layout\" ><div id=\"pg-3306-0\"  class=\"panel-grid panel-no-style\" ><div id=\"pgc-3306-0-0\"  class=\"panel-grid-cell\" ><div id=\"panel-3306-0-0-0\" class=\"so-panel widget widget_metaslider_widget panel-first-child\" data-index=\"0\" ><div id=\"metaslider-id-12075\" style=\"width: 100%; margin: 0 auto;\" class=\"ml-slider-3-107-0 metaslider metaslider-flex metaslider-12075 ml-slider has-dots-nav ms-theme-default\" role=\"region\" aria-label=\"Bienestar slider\" data-height=\"500\" data-width=\"1686\">\n    <div id=\"metaslider_container_12075\">\n        <div id=\"metaslider_12075\">\n            <ul class='slides'>\n                <li style=\"display: block; width: 100%;\" class=\"slide-21571 ms-image \" aria-roledescription=\"slide\" data-date=\"2025-09-08 15:37:26\" data-filename=\"Banner-Bienestar-261-1686x500.png\" data-slide-type=\"image\"><img src=\"https:\/\/utap.edu.co\/sitio\/wp-content\/uploads\/2026\/02\/Banner-Bienestar-261-1686x500.png\" height=\"500\" width=\"1686\" alt=\"\" class=\"slider-12075 slide-21571 msDefaultImage\" title=\"Banner Bienestar 261\" \/><\/li>\n            <\/ul>\n        <\/div>\n        \n    <\/div>\n<\/div><\/div><div id=\"panel-3306-0-0-1\" class=\"so-panel widget widget_text panel-last-child\" data-index=\"1\" ><div class=\"panel-widget-style panel-widget-style-for-3306-0-0-1\" >\t\t\t<div class=\"textwidget\"><h1 style=\"text-align:center;\"><strong>BIENESTAR INSTITUCIONAL<\/strong><\/h1>\n<\/div>\n\t\t<\/div><\/div><\/div><\/div><div id=\"pg-3306-1\"  class=\"panel-grid panel-has-style\" ><div class=\"panel-row-style panel-row-style-for-3306-1\" ><div id=\"pgc-3306-1-0\"  class=\"panel-grid-cell\" ><div id=\"panel-3306-1-0-0\" class=\"so-panel widget widget_text panel-first-child\" data-index=\"2\" >\t\t\t<div class=\"textwidget\"><h2 style=\"text-align: center;\"><strong>Misi\u00f3n<\/strong><\/h2>\n<p style=\"text-align: justify; line-height: 150%;  color:  black;\">El Departamento de Bienestar Institucional tiene como misi\u00f3n, contribuir al desarrollo social de nuestros estudiantes, docentes, administrativos y comunidad acad\u00e9mica en general, promoviendo, desarrollando y ejecutando acciones, en un ambiente de participaci\u00f3n conjunta, encaminada al fortalecimiento de sus potencialidades es aspectos psico-afectivo, espirituales, sociales y acad\u00e9mico.<\/p>\n<\/div>\n\t\t<\/div><div id=\"panel-3306-1-0-1\" class=\"so-panel widget widget_sow-button panel-last-child\" data-index=\"3\" ><div\n\t\t\t\n\t\t\tclass=\"so-widget-sow-button so-widget-sow-button-flat-10f3510af6cb-3306\"\n\t\t\t\n\t\t><div class=\"ow-button-base ow-button-align-center\"\n>\n\t\t\t<a\n\t\t\t\t\thref=\"https:\/\/utap.edu.co\/sitio\/resolucion-modelo-de-bienestar\/\"\n\t\t\t\t\tclass=\"sowb-button ow-icon-placement-left ow-button-hover\" \t>\n\t\t<span>\n\t\t\t<span class=\"sow-icon-fontawesome sow-far\" data-sow-icon=\"&#xf1c2;\"\n\t\tstyle=\"color: #ffffff\" \n\t\taria-hidden=\"true\"><\/span>\n\t\t\tRESOLUCI\u00d3N MODELO DE BIENESTAR\t\t<\/span>\n\t\t\t<\/a>\n\t<\/div>\n<\/div><\/div><\/div><div id=\"pgc-3306-1-1\"  class=\"panel-grid-cell\" ><div id=\"panel-3306-1-1-0\" class=\"so-panel widget widget_text panel-first-child\" data-index=\"4\" >\t\t\t<div class=\"textwidget\"><h2 style=\"text-align: center;\"><strong>Visi\u00f3n<\/strong><\/h2>\n<p style=\"text-align: justify; line-height: 150%; color:black;\">El Departamento de Bienestar Institucional ser\u00e1 reconocido\u00a0 municipal, regional, nacional e internacionalmente, como\u00a0\u00a0una unidad\u00a0 que a trav\u00e9s de programas y proyectos, contribuyan al mejoramiento de la calidad de vida de nuestros estudiantes, nuestra comunidad acad\u00e9mica en general, garantizado por el mejoramiento comunitario a trav\u00e9s del impulso a la econom\u00eda en los diferentes contextos.<\/p>\n<\/div>\n\t\t<\/div><div id=\"panel-3306-1-1-1\" class=\"so-panel widget widget_sow-button panel-last-child\" data-index=\"5\" ><div\n\t\t\t\n\t\t\tclass=\"so-widget-sow-button so-widget-sow-button-flat-10f3510af6cb-3306\"\n\t\t\t\n\t\t><div class=\"ow-button-base ow-button-align-center\"\n>\n\t\t\t<a\n\t\t\t\t\thref=\"https:\/\/utap.edu.co\/sitio\/politica-de-permanencia-y-graduacion-estudiantil\/\"\n\t\t\t\t\tclass=\"sowb-button ow-icon-placement-left ow-button-hover\" \t>\n\t\t<span>\n\t\t\t<span class=\"sow-icon-fontawesome sow-far\" data-sow-icon=\"&#xf1c2;\"\n\t\tstyle=\"color: #ffffff\" \n\t\taria-hidden=\"true\"><\/span>\n\t\t\tPOLITICA DE PERMANENCIA Y GRADUACI\u00d3N\t\t<\/span>\n\t\t\t<\/a>\n\t<\/div>\n<\/div><\/div><\/div><\/div><\/div><div id=\"pg-3306-2\"  class=\"panel-grid panel-no-style\" ><div id=\"pgc-3306-2-0\"  class=\"panel-grid-cell panel-grid-cell-empty\" ><\/div><div id=\"pgc-3306-2-1\"  class=\"panel-grid-cell panel-grid-cell-mobile-last\" ><div id=\"panel-3306-2-1-0\" class=\"so-panel widget widget_media_gallery panel-first-child\" data-index=\"6\" ><div id='gallery-1' class='gallery galleryid-3306 gallery-columns-1 gallery-size-large'><figure class='gallery-item'>\n\t\t\t<div class='gallery-icon landscape'>\n\t\t\t\t<a href='https:\/\/utap.edu.co\/sitio\/wp-content\/uploads\/2026\/02\/Cronograma-Bienestar-261-3.png'><img width=\"843\" height=\"629\" src=\"https:\/\/utap.edu.co\/sitio\/wp-content\/uploads\/2026\/02\/Cronograma-Bienestar-261-3-1024x764.png\" class=\"attachment-large size-large\" alt=\"\" decoding=\"async\" loading=\"lazy\" srcset=\"https:\/\/utap.edu.co\/sitio\/wp-content\/uploads\/2026\/02\/Cronograma-Bienestar-261-3-1024x764.png 1024w, https:\/\/utap.edu.co\/sitio\/wp-content\/uploads\/2026\/02\/Cronograma-Bienestar-261-3-768x573.png 768w, https:\/\/utap.edu.co\/sitio\/wp-content\/uploads\/2026\/02\/Cronograma-Bienestar-261-3-1536x1146.png 1536w, https:\/\/utap.edu.co\/sitio\/wp-content\/uploads\/2026\/02\/Cronograma-Bienestar-261-3-2048x1528.png 2048w\" sizes=\"(max-width: 843px) 100vw, 843px\" \/><\/a>\n\t\t\t<\/div><\/figure>\n\t\t<\/div>\n<\/div><div id=\"panel-3306-2-1-1\" class=\"so-panel widget widget_text panel-last-child\" data-index=\"7\" ><div class=\"panel-widget-style panel-widget-style-for-3306-2-1-1\" >\t\t\t<div class=\"textwidget\"><h2><strong>Inscripci\u00f3n<\/strong>: Actividades de Bienestar<\/h2>\n<p>Inscr\u00edbete en los siguientes botones seg\u00fan tu perfil:<\/p>\n<\/div>\n\t\t<\/div><\/div><\/div><div id=\"pgc-3306-2-2\"  class=\"panel-grid-cell panel-grid-cell-empty\" ><\/div><\/div><div id=\"pg-3306-3\"  class=\"panel-grid panel-no-style\" ><div id=\"pgc-3306-3-0\"  class=\"panel-grid-cell\" ><div id=\"panel-3306-3-0-0\" class=\"so-panel widget widget_sow-button panel-first-child panel-last-child\" data-index=\"8\" ><div\n\t\t\t\n\t\t\tclass=\"so-widget-sow-button so-widget-sow-button-flat-10f3510af6cb-3306\"\n\t\t\t\n\t\t><div class=\"ow-button-base ow-button-align-center\"\n>\n\t\t\t<a\n\t\t\t\t\thref=\"https:\/\/pagos.utap.edu.co\/PagosUtap\/Account\/Login\"\n\t\t\t\t\tclass=\"sowb-button ow-icon-placement-left ow-button-hover\" \t>\n\t\t<span>\n\t\t\t<span class=\"sow-icon-fontawesome sow-far\" data-sow-icon=\"&#xf044;\"\n\t\tstyle=\"color: #ffffff\" \n\t\taria-hidden=\"true\"><\/span>\n\t\t\tESTUDIANTE\t\t<\/span>\n\t\t\t<\/a>\n\t<\/div>\n<\/div><\/div><\/div><div id=\"pgc-3306-3-1\"  class=\"panel-grid-cell\" ><div id=\"panel-3306-3-1-0\" class=\"so-panel widget widget_sow-button panel-first-child panel-last-child\" data-index=\"9\" ><div\n\t\t\t\n\t\t\tclass=\"so-widget-sow-button so-widget-sow-button-flat-10f3510af6cb-3306\"\n\t\t\t\n\t\t><div class=\"ow-button-base ow-button-align-center\"\n>\n\t\t\t<a\n\t\t\t\t\thref=\"https:\/\/pagos.utap.edu.co\/PagosUtap\/Profesores\/Login\"\n\t\t\t\t\tclass=\"sowb-button ow-icon-placement-left ow-button-hover\" \t>\n\t\t<span>\n\t\t\t<span class=\"sow-icon-fontawesome sow-far\" data-sow-icon=\"&#xf044;\"\n\t\tstyle=\"color: #ffffff\" \n\t\taria-hidden=\"true\"><\/span>\n\t\t\tDOCENTE\t\t<\/span>\n\t\t\t<\/a>\n\t<\/div>\n<\/div><\/div><\/div><div id=\"pgc-3306-3-2\"  class=\"panel-grid-cell\" ><div id=\"panel-3306-3-2-0\" class=\"so-panel widget widget_sow-button panel-first-child panel-last-child\" data-index=\"10\" ><div\n\t\t\t\n\t\t\tclass=\"so-widget-sow-button so-widget-sow-button-flat-10f3510af6cb-3306\"\n\t\t\t\n\t\t><div class=\"ow-button-base ow-button-align-center\"\n>\n\t\t\t<a\n\t\t\t\t\thref=\"https:\/\/pagos.utap.edu.co\/PagosUtap\/Administrative\/Login.aspx\"\n\t\t\t\t\tclass=\"sowb-button ow-icon-placement-left ow-button-hover\" \t>\n\t\t<span>\n\t\t\t<span class=\"sow-icon-fontawesome sow-far\" data-sow-icon=\"&#xf044;\"\n\t\tstyle=\"color: #ffffff\" \n\t\taria-hidden=\"true\"><\/span>\n\t\t\tADMINISTRATIVO\t\t<\/span>\n\t\t\t<\/a>\n\t<\/div>\n<\/div><\/div><\/div><div id=\"pgc-3306-3-3\"  class=\"panel-grid-cell\" ><div id=\"panel-3306-3-3-0\" class=\"so-panel widget widget_sow-button panel-first-child panel-last-child\" data-index=\"11\" ><div\n\t\t\t\n\t\t\tclass=\"so-widget-sow-button so-widget-sow-button-flat-10f3510af6cb-3306\"\n\t\t\t\n\t\t><div class=\"ow-button-base ow-button-align-center\"\n>\n\t\t\t<a\n\t\t\t\t\thref=\"https:\/\/forms.gle\/W9N19yjy96c9tD1k9\"\n\t\t\t\t\tclass=\"sowb-button ow-icon-placement-left ow-button-hover\" target=\"_blank\" rel=\"noopener noreferrer\" download=\"\" \t>\n\t\t<span>\n\t\t\t<span class=\"sow-icon-fontawesome sow-far\" data-sow-icon=\"&#xf044;\"\n\t\tstyle=\"color: #ffffff\" \n\t\taria-hidden=\"true\"><\/span>\n\t\t\tEGRESADO\t\t<\/span>\n\t\t\t<\/a>\n\t<\/div>\n<\/div><\/div><\/div><\/div><div id=\"pg-3306-4\"  class=\"panel-grid panel-no-style\" ><div id=\"pgc-3306-4-0\"  class=\"panel-grid-cell panel-grid-cell-empty\" ><\/div><div id=\"pgc-3306-4-1\"  class=\"panel-grid-cell panel-grid-cell-mobile-last\" ><div id=\"panel-3306-4-1-0\" class=\"so-panel widget widget_metaslider_widget panel-first-child panel-last-child\" data-index=\"12\" ><div id=\"metaslider-id-9553\" style=\"width: 100%; margin: 0 auto;\" class=\"ml-slider-3-107-0 metaslider metaslider-flex metaslider-9553 ml-slider has-dots-nav ms-theme-default\" role=\"region\" aria-label=\"SERVICIOS BIENESTAR\" data-height=\"1080\" data-width=\"1078\">\n    <div id=\"metaslider_container_9553\">\n        <div id=\"metaslider_9553\">\n            <ul class='slides'>\n                <li style=\"display: block; width: 100%;\" class=\"slide-15135 ms-image \" aria-roledescription=\"slide\" data-date=\"2023-01-30 11:11:43\" data-filename=\"SERVICIOS-INTEGRALES-POST-1-1078x1080.png\" data-slide-type=\"image\"><img src=\"https:\/\/utap.edu.co\/sitio\/wp-content\/uploads\/2025\/01\/SERVICIOS-INTEGRALES-POST-1-1078x1080.png\" height=\"1080\" width=\"1078\" alt=\"\" class=\"slider-9553 slide-15135 msDefaultImage\" title=\"SERVICIOS INTEGRALES POST 1\" \/><\/li>\n                <li style=\"display: none; width: 100%;\" class=\"slide-15137 ms-image \" aria-roledescription=\"slide\" data-date=\"2023-01-30 11:14:06\" data-filename=\"SERVICIOS-INTEGRALES-POST-2-1078x1080.png\" data-slide-type=\"image\"><img src=\"https:\/\/utap.edu.co\/sitio\/wp-content\/uploads\/2025\/01\/SERVICIOS-INTEGRALES-POST-2-1078x1080.png\" height=\"1080\" width=\"1078\" alt=\"\" class=\"slider-9553 slide-15137 msDefaultImage\" title=\"SERVICIOS INTEGRALES POST 2\" \/><\/li>\n            <\/ul>\n        <\/div>\n        \n    <\/div>\n<\/div><\/div><\/div><div id=\"pgc-3306-4-2\"  class=\"panel-grid-cell panel-grid-cell-empty\" ><\/div><\/div><div id=\"pg-3306-5\"  class=\"panel-grid panel-no-style\" ><div id=\"pgc-3306-5-0\"  class=\"panel-grid-cell\" ><div id=\"panel-3306-5-0-0\" class=\"so-panel widget widget_text panel-first-child\" data-index=\"13\" ><div class=\"panel-widget-style panel-widget-style-for-3306-5-0-0\" >\t\t\t<div class=\"textwidget\"><h2 style=\"text-align: center; color: black;\"><strong>Nueva pol\u00edtica para el suministro de medicamentos en la UTAP<\/strong><\/h2>\n<p style=\"text-align: justify; line-height: 150%; color: black;\">Desde el 01 de enero del 2017 nuestro servicio de enfermer\u00eda se ha acogido a la ley 911 de 2004, la cual permite suministrar medicamentos \u00fanicamente bajo prescipci\u00f3n m\u00e9dica.<\/p>\n<p>La restricci\u00f3n de medicamentos libres inicia por el desconocimiento de los efectos secundarios y\u00a0 la patolog\u00eda que presenta el paciente, algunos medicamentos\u00a0como el paracetamol o acetaminofen\u00a0pueden resultar nocivos para la salud si no se administra en dosis controladas, generando incluso deficiencia renal , algunos comprimidos de acci\u00f3n r\u00e1pida contienen AINE, compuesto qu\u00edmico al que algunas personas son al\u00e9rgicas y lo desconocen.<\/p>\n<p>Pensando en la salud y la integridad f\u00edsica de nuestra Comunidad Utap, nos hemos acogido a la ley \u00a0911 de 2004, conoce nuestros t\u00e9rminos\u00a0y condiciones.<\/p>\n<p>&nbsp;<\/p>\n<h3 style=\"text-align: justify; line-height: 150%; color: black;\">T\u00e9rminos y condiciones\u00a0:<\/h3>\n<ul>\n<li>Solo se le administra al paciente el medicamento si presenta la prescripci\u00f3n o f\u00f3rmula m\u00e9dica.<\/li>\n<li>En inyectolog\u00eda no se aplicar\u00e1: antibi\u00f3ticos , en el caso de los anticonceptivos inyectables debe traer el carnet de planificaci\u00f3n.<\/li>\n<li><b>Procedimientos como curaciones , vendajes o aplicaci\u00f3n de ung\u00fcentos es libre sin ning\u00fan requisito m\u00e9dico para toda la instituci\u00f3n<\/b><\/li>\n<li>En caso que el paciente no cuente en el momento de su prescripci\u00f3n m\u00e9dica se tomar\u00e1 las alternativas naturales para mejorar su condici\u00f3n ( c\u00f3licos menstruales , edemas , cefalea y cefalea aguda entre otras)<\/li>\n<\/ul>\n<\/div>\n\t\t<\/div><\/div><div id=\"panel-3306-5-0-1\" class=\"so-panel widget widget_text panel-last-child\" data-index=\"14\" ><div class=\"panel-widget-style panel-widget-style-for-3306-5-0-1\" >\t\t\t<div class=\"textwidget\"><p><b>Cont\u00e1ctenos:<\/b><br \/>\nCorreo Electr\u00f3nico:\u00a0<b>bienestar@utap.edu.co \u2013 <a href=\"mailto:egresados@utap.edu.co\" target=\"_blank\" rel=\"noopener\">egresados@utap.edu.co<\/a><\/b><br \/>\nTel\u00e9fono:\u00a0<b>602 485 0546 Ext 120 &#8211; 122<\/b><\/p>\n<\/div>\n\t\t<\/div><\/div><\/div><\/div><div id=\"pg-3306-6\"  class=\"panel-grid panel-no-style\" ><div id=\"pgc-3306-6-0\"  class=\"panel-grid-cell panel-grid-cell-empty\" ><\/div><div id=\"pgc-3306-6-1\"  class=\"panel-grid-cell panel-grid-cell-mobile-last\" ><div id=\"panel-3306-6-1-0\" class=\"so-panel widget widget_sow-image panel-first-child panel-last-child\" data-index=\"15\" ><div class=\"aos-init panel-widget-style panel-widget-style-for-3306-6-1-0\" data-aos=\"zoom-in-up\" data-aos-duration=\"300\" data-aos-easing=\"linear\" data-aos-anchor-placement=\"top-bottom\" data-aos-once=\"true\" ><div\n\t\t\t\n\t\t\tclass=\"so-widget-sow-image so-widget-sow-image-default-6ec9e3772f75-3306\"\n\t\t\t\n\t\t>\n<div class=\"sow-image-container\">\n\t\t<img \n\tsrc=\"https:\/\/utap.edu.co\/sitio\/wp-content\/uploads\/2023\/01\/RUTA.png\" width=\"1920\" height=\"1239\" srcset=\"https:\/\/utap.edu.co\/sitio\/wp-content\/uploads\/2023\/01\/RUTA.png 1920w, https:\/\/utap.edu.co\/sitio\/wp-content\/uploads\/2023\/01\/RUTA-1024x661.png 1024w, https:\/\/utap.edu.co\/sitio\/wp-content\/uploads\/2023\/01\/RUTA-768x496.png 768w, https:\/\/utap.edu.co\/sitio\/wp-content\/uploads\/2023\/01\/RUTA-1536x991.png 1536w\" sizes=\"(max-width: 1920px) 100vw, 1920px\" alt=\"\" loading=\"lazy\" \t\tclass=\"so-widget-image\"\/>\n\t<\/div>\n\n<\/div><\/div><\/div><\/div><div id=\"pgc-3306-6-2\"  class=\"panel-grid-cell panel-grid-cell-empty\" ><\/div><\/div><div id=\"pg-3306-7\"  class=\"panel-grid panel-no-style\" ><div id=\"pgc-3306-7-0\"  class=\"panel-grid-cell\" ><div id=\"panel-3306-7-0-0\" class=\"so-panel widget widget_sow-button panel-first-child\" data-index=\"16\" ><div\n\t\t\t\n\t\t\tclass=\"so-widget-sow-button so-widget-sow-button-flat-10f3510af6cb-3306\"\n\t\t\t\n\t\t><div class=\"ow-button-base ow-button-align-center\"\n>\n\t\t\t<a\n\t\t\t\t\thref=\"https:\/\/utap.edu.co\/sitio\/acta-comite-bienestar-institucional\/\"\n\t\t\t\t\tclass=\"sowb-button ow-icon-placement-left ow-button-hover\" target=\"_blank\" rel=\"noopener noreferrer\" \t>\n\t\t<span>\n\t\t\t<span class=\"sow-icon-fontawesome sow-far\" data-sow-icon=\"&#xf15c;\"\n\t\tstyle=\"color: #ffffff\" \n\t\taria-hidden=\"true\"><\/span>\n\t\t\tActa Comit\u00e9 Bienestar Institucional\t\t<\/span>\n\t\t\t<\/a>\n\t<\/div>\n<\/div><\/div><div id=\"panel-3306-7-0-1\" class=\"so-panel widget widget_sow-button panel-last-child\" data-index=\"17\" ><div\n\t\t\t\n\t\t\tclass=\"so-widget-sow-button so-widget-sow-button-flat-10f3510af6cb-3306\"\n\t\t\t\n\t\t><div class=\"ow-button-base ow-button-align-center\"\n>\n\t\t\t<a\n\t\t\t\t\thref=\"https:\/\/utap.edu.co\/sitio\/resolucion-de-acoso-sexual-y-violencia-de-genero\/\"\n\t\t\t\t\tclass=\"sowb-button ow-icon-placement-left ow-button-hover\" target=\"_blank\" rel=\"noopener noreferrer\" \t>\n\t\t<span>\n\t\t\t<span class=\"sow-icon-fontawesome sow-far\" data-sow-icon=\"&#xf1c1;\"\n\t\tstyle=\"\" \n\t\taria-hidden=\"true\"><\/span>\n\t\t\tResoluci\u00f3n de acoso sexual y violencia de g\u00e9nero\t\t<\/span>\n\t\t\t<\/a>\n\t<\/div>\n<\/div><\/div><\/div><div id=\"pgc-3306-7-1\"  class=\"panel-grid-cell\" ><div id=\"panel-3306-7-1-0\" class=\"widget_text so-panel widget widget_custom_html panel-first-child panel-last-child\" data-index=\"18\" ><div class=\"textwidget custom-html-widget\"><iframe width=\"560\" height=\"315\" src=\"https:\/\/www.youtube.com\/embed\/v2XEA8DDrzI\" title=\"YouTube video player\" frameborder=\"0\" allow=\"accelerometer; autoplay; clipboard-write; encrypted-media; gyroscope; picture-in-picture\" allowfullscreen><\/iframe><\/div><\/div><\/div><\/div><\/div>","protected":false},"excerpt":{"rendered":"<p>BIENESTAR INSTITUCIONAL Misi\u00f3n El Departamento de Bienestar Institucional tiene como misi\u00f3n, contribuir al desarrollo social de nuestros estudiantes, docentes, administrativos y comunidad acad\u00e9mica en general,&hellip;<\/p>\n","protected":false},"author":1,"featured_media":0,"parent":0,"menu_order":0,"comment_status":"closed","ping_status":"closed","template":"","meta":{"_joinchat":[]},"wf_page_folders":[81],"yoast_head":"<!-- This site is optimized with the Yoast SEO plugin v21.1 - https:\/\/yoast.com\/wordpress\/plugins\/seo\/ -->\n<title>Bienestar institucional - UTAP<\/title>\n<meta name=\"robots\" content=\"index, follow, max-snippet:-1, max-image-preview:large, max-video-preview:-1\" \/>\n<link rel=\"canonical\" href=\"https:\/\/utap.edu.co\/sitio\/bienestar-institucional\/\" \/>\n<meta property=\"og:locale\" content=\"es_ES\" \/>\n<meta property=\"og:type\" content=\"article\" \/>\n<meta property=\"og:title\" content=\"Bienestar institucional - UTAP\" \/>\n<meta property=\"og:description\" content=\"BIENESTAR INSTITUCIONAL Misi\u00f3n El Departamento de Bienestar Institucional tiene como misi\u00f3n, contribuir al desarrollo social de nuestros estudiantes, docentes, administrativos y comunidad acad\u00e9mica en general,&hellip;\" \/>\n<meta property=\"og:url\" content=\"https:\/\/utap.edu.co\/sitio\/bienestar-institucional\/\" \/>\n<meta property=\"og:site_name\" content=\"UTAP\" \/>\n<meta property=\"article:publisher\" content=\"https:\/\/www.facebook.com\/UTAPCALI\/\" \/>\n<meta property=\"article:modified_time\" content=\"2026-02-16T23:16:50+00:00\" \/>\n<meta name=\"twitter:card\" content=\"summary_large_image\" \/>\n<meta name=\"twitter:label1\" content=\"Tiempo de lectura\" \/>\n\t<meta name=\"twitter:data1\" content=\"2 minutos\" \/>\n<script type=\"application\/ld+json\" class=\"yoast-schema-graph\">{\"@context\":\"https:\/\/schema.org\",\"@graph\":[{\"@type\":\"WebPage\",\"@id\":\"https:\/\/utap.edu.co\/sitio\/bienestar-institucional\/\",\"url\":\"https:\/\/utap.edu.co\/sitio\/bienestar-institucional\/\",\"name\":\"Bienestar institucional - UTAP\",\"isPartOf\":{\"@id\":\"https:\/\/utap.edu.co\/sitio\/#website\"},\"datePublished\":\"2021-07-30T17:58:04+00:00\",\"dateModified\":\"2026-02-16T23:16:50+00:00\",\"breadcrumb\":{\"@id\":\"https:\/\/utap.edu.co\/sitio\/bienestar-institucional\/#breadcrumb\"},\"inLanguage\":\"es\",\"potentialAction\":[{\"@type\":\"ReadAction\",\"target\":[\"https:\/\/utap.edu.co\/sitio\/bienestar-institucional\/\"]}]},{\"@type\":\"BreadcrumbList\",\"@id\":\"https:\/\/utap.edu.co\/sitio\/bienestar-institucional\/#breadcrumb\",\"itemListElement\":[{\"@type\":\"ListItem\",\"position\":1,\"name\":\"Home\",\"item\":\"https:\/\/utap.edu.co\/sitio\/\"},{\"@type\":\"ListItem\",\"position\":2,\"name\":\"Bienestar institucional\"}]},{\"@type\":\"WebSite\",\"@id\":\"https:\/\/utap.edu.co\/sitio\/#website\",\"url\":\"https:\/\/utap.edu.co\/sitio\/\",\"name\":\"UTAP\",\"description\":\"Educaci\u00f3n Superior con Sentido Social\",\"publisher\":{\"@id\":\"https:\/\/utap.edu.co\/sitio\/#organization\"},\"potentialAction\":[{\"@type\":\"SearchAction\",\"target\":{\"@type\":\"EntryPoint\",\"urlTemplate\":\"https:\/\/utap.edu.co\/sitio\/?s={search_term_string}\"},\"query-input\":\"required name=search_term_string\"}],\"inLanguage\":\"es\"},{\"@type\":\"Organization\",\"@id\":\"https:\/\/utap.edu.co\/sitio\/#organization\",\"name\":\"Tecnol\u00f3gica Aut\u00f3noma del Pacifico\",\"url\":\"https:\/\/utap.edu.co\/sitio\/\",\"logo\":{\"@type\":\"ImageObject\",\"inLanguage\":\"es\",\"@id\":\"https:\/\/utap.edu.co\/sitio\/#\/schema\/logo\/image\/\",\"url\":\"https:\/\/utap.edu.co\/sitio\/wp-content\/uploads\/2023\/11\/Mesa-de-trabajo-1logo.png\",\"contentUrl\":\"https:\/\/utap.edu.co\/sitio\/wp-content\/uploads\/2023\/11\/Mesa-de-trabajo-1logo.png\",\"width\":401,\"height\":86,\"caption\":\"Tecnol\u00f3gica Aut\u00f3noma del Pacifico\"},\"image\":{\"@id\":\"https:\/\/utap.edu.co\/sitio\/#\/schema\/logo\/image\/\"},\"sameAs\":[\"https:\/\/www.facebook.com\/UTAPCALI\/\",\"https:\/\/www.instagram.com\/utapcali\/\",\"https:\/\/www.linkedin.com\/company\/tecnol\u00f3gica-aut\u00f3noma-del-pac\u00edfico\",\"https:\/\/www.youtube.com\/channel\/UCdh4_tECdrEEptoOuW_lo8Q\/\"]}]}<\/script>\n<!-- \/ Yoast SEO plugin. -->","yoast_head_json":{"title":"Bienestar institucional - UTAP","robots":{"index":"index","follow":"follow","max-snippet":"max-snippet:-1","max-image-preview":"max-image-preview:large","max-video-preview":"max-video-preview:-1"},"canonical":"https:\/\/utap.edu.co\/sitio\/bienestar-institucional\/","og_locale":"es_ES","og_type":"article","og_title":"Bienestar institucional - UTAP","og_description":"BIENESTAR INSTITUCIONAL Misi\u00f3n El Departamento de Bienestar Institucional tiene como misi\u00f3n, contribuir al desarrollo social de nuestros estudiantes, docentes, administrativos y comunidad acad\u00e9mica en general,&hellip;","og_url":"https:\/\/utap.edu.co\/sitio\/bienestar-institucional\/","og_site_name":"UTAP","article_publisher":"https:\/\/www.facebook.com\/UTAPCALI\/","article_modified_time":"2026-02-16T23:16:50+00:00","twitter_card":"summary_large_image","twitter_misc":{"Tiempo de lectura":"2 minutos"},"schema":{"@context":"https:\/\/schema.org","@graph":[{"@type":"WebPage","@id":"https:\/\/utap.edu.co\/sitio\/bienestar-institucional\/","url":"https:\/\/utap.edu.co\/sitio\/bienestar-institucional\/","name":"Bienestar institucional - UTAP","isPartOf":{"@id":"https:\/\/utap.edu.co\/sitio\/#website"},"datePublished":"2021-07-30T17:58:04+00:00","dateModified":"2026-02-16T23:16:50+00:00","breadcrumb":{"@id":"https:\/\/utap.edu.co\/sitio\/bienestar-institucional\/#breadcrumb"},"inLanguage":"es","potentialAction":[{"@type":"ReadAction","target":["https:\/\/utap.edu.co\/sitio\/bienestar-institucional\/"]}]},{"@type":"BreadcrumbList","@id":"https:\/\/utap.edu.co\/sitio\/bienestar-institucional\/#breadcrumb","itemListElement":[{"@type":"ListItem","position":1,"name":"Home","item":"https:\/\/utap.edu.co\/sitio\/"},{"@type":"ListItem","position":2,"name":"Bienestar institucional"}]},{"@type":"WebSite","@id":"https:\/\/utap.edu.co\/sitio\/#website","url":"https:\/\/utap.edu.co\/sitio\/","name":"UTAP","description":"Educaci\u00f3n Superior con Sentido Social","publisher":{"@id":"https:\/\/utap.edu.co\/sitio\/#organization"},"potentialAction":[{"@type":"SearchAction","target":{"@type":"EntryPoint","urlTemplate":"https:\/\/utap.edu.co\/sitio\/?s={search_term_string}"},"query-input":"required name=search_term_string"}],"inLanguage":"es"},{"@type":"Organization","@id":"https:\/\/utap.edu.co\/sitio\/#organization","name":"Tecnol\u00f3gica Aut\u00f3noma del Pacifico","url":"https:\/\/utap.edu.co\/sitio\/","logo":{"@type":"ImageObject","inLanguage":"es","@id":"https:\/\/utap.edu.co\/sitio\/#\/schema\/logo\/image\/","url":"https:\/\/utap.edu.co\/sitio\/wp-content\/uploads\/2023\/11\/Mesa-de-trabajo-1logo.png","contentUrl":"https:\/\/utap.edu.co\/sitio\/wp-content\/uploads\/2023\/11\/Mesa-de-trabajo-1logo.png","width":401,"height":86,"caption":"Tecnol\u00f3gica Aut\u00f3noma del Pacifico"},"image":{"@id":"https:\/\/utap.edu.co\/sitio\/#\/schema\/logo\/image\/"},"sameAs":["https:\/\/www.facebook.com\/UTAPCALI\/","https:\/\/www.instagram.com\/utapcali\/","https:\/\/www.linkedin.com\/company\/tecnol\u00f3gica-aut\u00f3noma-del-pac\u00edfico","https:\/\/www.youtube.com\/channel\/UCdh4_tECdrEEptoOuW_lo8Q\/"]}]}},"_links":{"self":[{"href":"https:\/\/utap.edu.co\/sitio\/wp-json\/wp\/v2\/pages\/3306"}],"collection":[{"href":"https:\/\/utap.edu.co\/sitio\/wp-json\/wp\/v2\/pages"}],"about":[{"href":"https:\/\/utap.edu.co\/sitio\/wp-json\/wp\/v2\/types\/page"}],"author":[{"embeddable":true,"href":"https:\/\/utap.edu.co\/sitio\/wp-json\/wp\/v2\/users\/1"}],"replies":[{"embeddable":true,"href":"https:\/\/utap.edu.co\/sitio\/wp-json\/wp\/v2\/comments?post=3306"}],"version-history":[{"count":0,"href":"https:\/\/utap.edu.co\/sitio\/wp-json\/wp\/v2\/pages\/3306\/revisions"}],"wp:attachment":[{"href":"https:\/\/utap.edu.co\/sitio\/wp-json\/wp\/v2\/media?parent=3306"}],"wp:term":[{"taxonomy":"wf_page_folders","embeddable":true,"href":"https:\/\/utap.edu.co\/sitio\/wp-json\/wp\/v2\/wf_page_folders?post=3306"}],"curies":[{"name":"wp","href":"https:\/\/api.w.org\/{rel}","templated":true}]}}