{"id":3291,"date":"2019-09-20T14:47:41","date_gmt":"2019-09-20T14:47:41","guid":{"rendered":"https:\/\/162.241.175.74\/sitio\/?page_id=3291"},"modified":"2024-03-14T16:55:36","modified_gmt":"2024-03-14T21:55:36","slug":"egresados","status":"publish","type":"page","link":"https:\/\/utap.edu.co\/sitio\/egresados\/","title":{"rendered":"Egresado"},"content":{"rendered":"<div id=\"pl-3291\"  class=\"panel-layout\" ><div id=\"pg-3291-0\"  class=\"panel-grid panel-no-style\" ><div id=\"pgc-3291-0-0\"  class=\"panel-grid-cell\" ><div id=\"panel-3291-0-0-0\" class=\"so-panel widget widget_sow-image panel-first-child panel-last-child\" data-index=\"0\" ><div\n\t\t\t\n\t\t\tclass=\"so-widget-sow-image so-widget-sow-image-default-113ccd71f3e6-3291\"\n\t\t\t\n\t\t>\n<div class=\"sow-image-container\">\n\t\t\t<a href=\"https:\/\/pagos.utap.edu.co\/Egresados\/Login\"\n\t\t\t\t\t>\n\t\t\t<img \n\tsrc=\"https:\/\/utap.edu.co\/sitio\/wp-content\/uploads\/2022\/04\/EGRESADOS.jpg\" width=\"1685\" height=\"555\" srcset=\"https:\/\/utap.edu.co\/sitio\/wp-content\/uploads\/2022\/04\/EGRESADOS.jpg 1685w, https:\/\/utap.edu.co\/sitio\/wp-content\/uploads\/2022\/04\/EGRESADOS-1024x337.jpg 1024w, https:\/\/utap.edu.co\/sitio\/wp-content\/uploads\/2022\/04\/EGRESADOS-768x253.jpg 768w, https:\/\/utap.edu.co\/sitio\/wp-content\/uploads\/2022\/04\/EGRESADOS-1536x506.jpg 1536w\" sizes=\"(max-width: 1685px) 100vw, 1685px\" alt=\"\" loading=\"lazy\" \t\tclass=\"so-widget-image\"\/>\n\t\t\t<\/a><\/div>\n\n<\/div><\/div><\/div><\/div><div id=\"pg-3291-1\"  class=\"panel-grid panel-no-style\" ><div id=\"pgc-3291-1-0\"  class=\"panel-grid-cell\" ><div id=\"panel-3291-1-0-0\" class=\"widget_text so-panel widget widget_custom_html panel-first-child\" data-index=\"1\" ><div class=\"textwidget custom-html-widget\"><head>\n\t<link rel=\"stylesheet\" href=\"http:\/\/maxcdn.bootstrapcdn.com\/font-awesome\/4.3.0\/css\/font-awesome.min.css\">\n\n<\/head>\n<style>\n\t\n\t#btnSIE, #btnRedEgresados, #btnVacantes  {\n\tmargin: 0px 30px;\n\tpadding: 10px;\n  height: 80px;\n  width: 170px;\n  border-radius: 12px;\n\tcolor:#ffffffaa;\n\tbackground-color: #2e4f8f;\t\n  text-align: left;\n  cursor: pointer;\n  position:relative;\n  display: flex;\n  justify-content: center;\n  align-items: center;\n\tfont-size: 18px;\n  }\n\t\n\t#btnsEgresados{\n\t\tdisplay:flex;\n\t\tflex-direction:rows;\n\t\talign-items: center;\n\t\tjustify-content:center;\n\t}\n\t\n\t\n\ti.fa.fa-globe, i.fa.fa-suitcase{\n\t\tfont-size: 40px;\n\t\tpadding-left:10px;\n\t\tpadding-right:10px;\n\t}\n\t\n\t#btnSIE{\n\t\t  text-align: center;\n\t}\n\t\n\t\n\t#btnSIE:hover, #btnRedEgresados:hover, #btnVacantes:hover{\n\t\t\tcolor:white;\t\t\n\t\t  box-shadow: 0px 10px 10px -6px rgba(0, 0, 0, 0.5);\n\n\t} \n\n \n\t\n<\/style>\n\n<div id='btnsEgresados'>\n\t<a id='btnSIE' alt='Sistema de Egresados' href='https:\/\/pagos.utap.edu.co\/Egresados\/Login'>\n\t\tSIE\n\t\t<br>\n\t\t(Sistema de Egresados)\n\t<\/a>\n\t<a id='btnRedEgresados' alt='Red de Egresados' href='https:\/\/utap.edu.co\/sitio\/red-de-egresados\/'><i class=\"fa fa-globe\"><\/i>Red de Egresados<\/a>\n\t<a id='btnVacantes' href='https:\/\/utap.edu.co\/sitio\/el-mejor-talento\/'><i class=\"fa fa-suitcase\"><\/i>El Mejor Talento<\/a>\n<\/div>\n\n<\/div><\/div><div id=\"panel-3291-1-0-1\" class=\"widget_text so-panel widget widget_custom_html\" data-index=\"2\" ><div class=\"textwidget custom-html-widget\"><h2 style=\"text-align: center;\"><strong>Comunicado<\/strong><\/h2>\n<p><iframe style=\"width: 1200px; height: 500px;\" src=\"https:\/\/docs.google.com\/viewerng\/viewer?url=http:\/\/www.utap.edu.co\/images\/Documentos\/EGRESADOS\/GR-003- 29042022.pdf&amp;hl=es&amp;embedded=true\" frameborder=\"0\"><\/iframe><\/p><\/div><\/div><div id=\"panel-3291-1-0-2\" class=\"so-panel widget widget_text\" data-index=\"3\" ><div id=\"quien-soy-options\" class=\"panel-widget-style panel-widget-style-for-3291-1-0-2\" >\t\t\t<div class=\"textwidget\"><p>&nbsp;<\/p>\n<p>&nbsp;<\/p>\n<h4><strong>MISI\u00d3N<\/strong><\/h4>\n<p>La Oficina de Egresados de la Tecnol\u00f3gica Aut\u00f3noma del Pacifico es un \u00f3rgano administrativo e institucional que tiene como prop\u00f3sito fundamental brindar atenci\u00f3n y apoyo al egresado de todos los programas acad\u00e9micos, adem\u00e1s de permitir el contacto con ellos a trav\u00e9s de pol\u00edticas y actividades que fomenten la integraci\u00f3n entre s\u00ed y con la instituci\u00f3n, brindando bienestar a sus egresados y n\u00facleo familiar a trav\u00e9s de acciones que permitan el desarrollo personal, familiar, laboral y profesional.<\/p>\n<p>&nbsp;<\/p>\n<p>&nbsp;<\/p>\n<h4><strong>VISI\u00d3N<\/strong><\/h4>\n<p>La Oficina de Egresados de la Tecnol\u00f3gica Aut\u00f3noma del Pacifico ser\u00e1 reconocida por sus egresados como el principal instrumento de integraci\u00f3n, comunicaci\u00f3n, investigaci\u00f3n, participaci\u00f3n y promulgaci\u00f3n de sus profesionales en el sector externo y su impacto en la sociedad que promueva a la comunidad institucional hacia el liderazgo eficaz.<\/p>\n<p>&nbsp;<\/p>\n<p>&nbsp;<\/p>\n<h4><strong>POL\u00cdTICAS GENERALES DE LA OFICINA DE EGRESADOS:<\/strong><\/h4>\n<ul>\n<li style=\"list-style-type: none;\">\n<ul>\n<li>Percibir al egresado como el principal actor de proyecci\u00f3n de la instituci\u00f3n.<\/li>\n<li>Que la Oficina de Relaciones con Egresados, sea reconocida por ellos como su primer contacto con la Instituci\u00f3n, del cual reciben el apoyo suficiente que los lleve a conseguir lo que necesitan de la misma, siendo este un lugar donde ser\u00e1n atendidas sus inquietudes, consultas o sugerencias requeridas.<\/li>\n<li>Mantener una buena comunicaci\u00f3n entre la instituci\u00f3n y los egresados que les permita estar constantemente informados sobre los acontecimientos relevantes de la misma y actividades que en ella se desarrollan.<\/li>\n<li>Crear nuevas actividades para los egresados en \u00e1reas, tanto acad\u00e9micas (capacitaci\u00f3n y actualizaci\u00f3n), como de esparcimiento (recreaci\u00f3n), las cuales se ejecutaran paulatinamente.<\/li>\n<li>Difundir los servicios que ofrece la Instituci\u00f3n por medio del Facebook, p\u00e1gina principal y bases de datos de egresados para contar con una mayor participaci\u00f3n de los mismos.<\/li>\n<\/ul>\n<\/li>\n<\/ul>\n<\/div>\n\t\t<\/div><\/div><div id=\"panel-3291-1-0-3\" class=\"so-panel widget widget_sow-button\" data-index=\"4\" ><div\n\t\t\t\n\t\t\tclass=\"so-widget-sow-button so-widget-sow-button-atom-3688d20714a7-3291\"\n\t\t\t\n\t\t><div class=\"ow-button-base ow-button-align-center\"\n>\n\t\t\t<a\n\t\t\t\t\thref=\"https:\/\/utap.edu.co\/sitio\/resolucion-programa-de-egresados\/\"\n\t\t\t\t\tclass=\"sowb-button ow-icon-placement-left ow-button-hover\" target=\"_blank\" rel=\"noopener noreferrer\" \t>\n\t\t<span>\n\t\t\t<span class=\"sow-icon-fontawesome sow-far\" data-sow-icon=\"&#xf15c;\"\n\t\tstyle=\"\" \n\t\taria-hidden=\"true\"><\/span>\n\t\t\tResoluci\u00f3n Programa de Egresados\t\t<\/span>\n\t\t\t<\/a>\n\t<\/div>\n<\/div><\/div><div id=\"panel-3291-1-0-4\" class=\"so-panel widget widget_sow-social-media-buttons panel-last-child\" data-index=\"5\" ><div\n\t\t\t\n\t\t\tclass=\"so-widget-sow-social-media-buttons so-widget-sow-social-media-buttons-atom-c0ab6408c510-3291\"\n\t\t\t\n\t\t>\n\n<div class=\"social-media-button-container\">\n\t\n\t\t<a \n\t\tclass=\"ow-button-hover sow-social-media-button-linkedin-0 sow-social-media-button\" title=\"S\u00edguenos en Linkedin\" aria-label=\"S\u00edguenos en Linkedin\" target=\"_blank\" rel=\"noopener noreferrer\" href=\"https:\/\/www.linkedin.com\/in\/egresados-utap-109894173\/\" \t\t>\n\t\t\t<span>\n\t\t\t\t\t\t\t\t<span class=\"sow-icon-fontawesome sow-fab\" data-sow-icon=\"&#xf0e1;\"\n\t\t \n\t\taria-hidden=\"true\"><\/span>\t\t\t\t\t\t\t<\/span>\n\t\t<\/a>\n\t\n\t\t<a \n\t\tclass=\"ow-button-hover sow-social-media-button-facebook-0 sow-social-media-button\" title=\"S\u00edguenos en Facebook\" aria-label=\"S\u00edguenos en Facebook\" target=\"_blank\" rel=\"noopener noreferrer\" href=\"https:\/\/www.facebook.com\/profile.php?id=100009437440121\" \t\t>\n\t\t\t<span>\n\t\t\t\t\t\t\t\t<span class=\"sow-icon-fontawesome sow-fab\" data-sow-icon=\"&#xf39e;\"\n\t\t \n\t\taria-hidden=\"true\"><\/span>\t\t\t\t\t\t\t<\/span>\n\t\t<\/a>\n\t<\/div>\n<\/div><\/div><\/div><\/div><\/div>","protected":false},"excerpt":{"rendered":"<p>&nbsp; &nbsp; MISI\u00d3N La Oficina de Egresados de la Tecnol\u00f3gica Aut\u00f3noma del Pacifico es un \u00f3rgano administrativo e institucional que tiene como prop\u00f3sito fundamental brindar&hellip;<\/p>\n","protected":false},"author":1,"featured_media":0,"parent":0,"menu_order":0,"comment_status":"closed","ping_status":"closed","template":"","meta":{"_joinchat":[]},"wf_page_folders":[83],"yoast_head":"<!-- This site is optimized with the Yoast SEO plugin v21.1 - https:\/\/yoast.com\/wordpress\/plugins\/seo\/ -->\n<title>Egresado - UTAP<\/title>\n<meta name=\"robots\" content=\"index, follow, max-snippet:-1, max-image-preview:large, max-video-preview:-1\" \/>\n<link rel=\"canonical\" href=\"https:\/\/utap.edu.co\/sitio\/egresados\/\" \/>\n<meta property=\"og:locale\" content=\"es_ES\" \/>\n<meta property=\"og:type\" content=\"article\" \/>\n<meta property=\"og:title\" content=\"Egresado - UTAP\" \/>\n<meta property=\"og:description\" content=\"&nbsp; &nbsp; MISI\u00d3N La Oficina de Egresados de la Tecnol\u00f3gica Aut\u00f3noma del Pacifico es un \u00f3rgano administrativo e institucional que tiene como prop\u00f3sito fundamental brindar&hellip;\" \/>\n<meta property=\"og:url\" content=\"https:\/\/utap.edu.co\/sitio\/egresados\/\" \/>\n<meta property=\"og:site_name\" content=\"UTAP\" \/>\n<meta property=\"article:publisher\" content=\"https:\/\/www.facebook.com\/UTAPCALI\/\" \/>\n<meta property=\"article:modified_time\" content=\"2024-03-14T21:55:36+00:00\" \/>\n<meta name=\"twitter:card\" content=\"summary_large_image\" \/>\n<meta name=\"twitter:label1\" content=\"Tiempo de lectura\" \/>\n\t<meta name=\"twitter:data1\" content=\"2 minutos\" \/>\n<script type=\"application\/ld+json\" class=\"yoast-schema-graph\">{\"@context\":\"https:\/\/schema.org\",\"@graph\":[{\"@type\":\"WebPage\",\"@id\":\"https:\/\/utap.edu.co\/sitio\/egresados\/\",\"url\":\"https:\/\/utap.edu.co\/sitio\/egresados\/\",\"name\":\"Egresado - UTAP\",\"isPartOf\":{\"@id\":\"https:\/\/utap.edu.co\/sitio\/#website\"},\"datePublished\":\"2019-09-20T14:47:41+00:00\",\"dateModified\":\"2024-03-14T21:55:36+00:00\",\"breadcrumb\":{\"@id\":\"https:\/\/utap.edu.co\/sitio\/egresados\/#breadcrumb\"},\"inLanguage\":\"es\",\"potentialAction\":[{\"@type\":\"ReadAction\",\"target\":[\"https:\/\/utap.edu.co\/sitio\/egresados\/\"]}]},{\"@type\":\"BreadcrumbList\",\"@id\":\"https:\/\/utap.edu.co\/sitio\/egresados\/#breadcrumb\",\"itemListElement\":[{\"@type\":\"ListItem\",\"position\":1,\"name\":\"Home\",\"item\":\"https:\/\/utap.edu.co\/sitio\/\"},{\"@type\":\"ListItem\",\"position\":2,\"name\":\"Egresado\"}]},{\"@type\":\"WebSite\",\"@id\":\"https:\/\/utap.edu.co\/sitio\/#website\",\"url\":\"https:\/\/utap.edu.co\/sitio\/\",\"name\":\"UTAP\",\"description\":\"Educaci\u00f3n Superior con Sentido Social\",\"publisher\":{\"@id\":\"https:\/\/utap.edu.co\/sitio\/#organization\"},\"potentialAction\":[{\"@type\":\"SearchAction\",\"target\":{\"@type\":\"EntryPoint\",\"urlTemplate\":\"https:\/\/utap.edu.co\/sitio\/?s={search_term_string}\"},\"query-input\":\"required name=search_term_string\"}],\"inLanguage\":\"es\"},{\"@type\":\"Organization\",\"@id\":\"https:\/\/utap.edu.co\/sitio\/#organization\",\"name\":\"Tecnol\u00f3gica Aut\u00f3noma del Pacifico\",\"url\":\"https:\/\/utap.edu.co\/sitio\/\",\"logo\":{\"@type\":\"ImageObject\",\"inLanguage\":\"es\",\"@id\":\"https:\/\/utap.edu.co\/sitio\/#\/schema\/logo\/image\/\",\"url\":\"https:\/\/utap.edu.co\/sitio\/wp-content\/uploads\/2023\/11\/Mesa-de-trabajo-1logo.png\",\"contentUrl\":\"https:\/\/utap.edu.co\/sitio\/wp-content\/uploads\/2023\/11\/Mesa-de-trabajo-1logo.png\",\"width\":401,\"height\":86,\"caption\":\"Tecnol\u00f3gica Aut\u00f3noma del Pacifico\"},\"image\":{\"@id\":\"https:\/\/utap.edu.co\/sitio\/#\/schema\/logo\/image\/\"},\"sameAs\":[\"https:\/\/www.facebook.com\/UTAPCALI\/\",\"https:\/\/www.instagram.com\/utapcali\/\",\"https:\/\/www.linkedin.com\/company\/tecnol\u00f3gica-aut\u00f3noma-del-pac\u00edfico\",\"https:\/\/www.youtube.com\/channel\/UCdh4_tECdrEEptoOuW_lo8Q\/\"]}]}<\/script>\n<!-- \/ Yoast SEO plugin. -->","yoast_head_json":{"title":"Egresado - UTAP","robots":{"index":"index","follow":"follow","max-snippet":"max-snippet:-1","max-image-preview":"max-image-preview:large","max-video-preview":"max-video-preview:-1"},"canonical":"https:\/\/utap.edu.co\/sitio\/egresados\/","og_locale":"es_ES","og_type":"article","og_title":"Egresado - UTAP","og_description":"&nbsp; &nbsp; MISI\u00d3N La Oficina de Egresados de la Tecnol\u00f3gica Aut\u00f3noma del Pacifico es un \u00f3rgano administrativo e institucional que tiene como prop\u00f3sito fundamental brindar&hellip;","og_url":"https:\/\/utap.edu.co\/sitio\/egresados\/","og_site_name":"UTAP","article_publisher":"https:\/\/www.facebook.com\/UTAPCALI\/","article_modified_time":"2024-03-14T21:55:36+00:00","twitter_card":"summary_large_image","twitter_misc":{"Tiempo de lectura":"2 minutos"},"schema":{"@context":"https:\/\/schema.org","@graph":[{"@type":"WebPage","@id":"https:\/\/utap.edu.co\/sitio\/egresados\/","url":"https:\/\/utap.edu.co\/sitio\/egresados\/","name":"Egresado - UTAP","isPartOf":{"@id":"https:\/\/utap.edu.co\/sitio\/#website"},"datePublished":"2019-09-20T14:47:41+00:00","dateModified":"2024-03-14T21:55:36+00:00","breadcrumb":{"@id":"https:\/\/utap.edu.co\/sitio\/egresados\/#breadcrumb"},"inLanguage":"es","potentialAction":[{"@type":"ReadAction","target":["https:\/\/utap.edu.co\/sitio\/egresados\/"]}]},{"@type":"BreadcrumbList","@id":"https:\/\/utap.edu.co\/sitio\/egresados\/#breadcrumb","itemListElement":[{"@type":"ListItem","position":1,"name":"Home","item":"https:\/\/utap.edu.co\/sitio\/"},{"@type":"ListItem","position":2,"name":"Egresado"}]},{"@type":"WebSite","@id":"https:\/\/utap.edu.co\/sitio\/#website","url":"https:\/\/utap.edu.co\/sitio\/","name":"UTAP","description":"Educaci\u00f3n Superior con Sentido Social","publisher":{"@id":"https:\/\/utap.edu.co\/sitio\/#organization"},"potentialAction":[{"@type":"SearchAction","target":{"@type":"EntryPoint","urlTemplate":"https:\/\/utap.edu.co\/sitio\/?s={search_term_string}"},"query-input":"required name=search_term_string"}],"inLanguage":"es"},{"@type":"Organization","@id":"https:\/\/utap.edu.co\/sitio\/#organization","name":"Tecnol\u00f3gica Aut\u00f3noma del Pacifico","url":"https:\/\/utap.edu.co\/sitio\/","logo":{"@type":"ImageObject","inLanguage":"es","@id":"https:\/\/utap.edu.co\/sitio\/#\/schema\/logo\/image\/","url":"https:\/\/utap.edu.co\/sitio\/wp-content\/uploads\/2023\/11\/Mesa-de-trabajo-1logo.png","contentUrl":"https:\/\/utap.edu.co\/sitio\/wp-content\/uploads\/2023\/11\/Mesa-de-trabajo-1logo.png","width":401,"height":86,"caption":"Tecnol\u00f3gica Aut\u00f3noma del Pacifico"},"image":{"@id":"https:\/\/utap.edu.co\/sitio\/#\/schema\/logo\/image\/"},"sameAs":["https:\/\/www.facebook.com\/UTAPCALI\/","https:\/\/www.instagram.com\/utapcali\/","https:\/\/www.linkedin.com\/company\/tecnol\u00f3gica-aut\u00f3noma-del-pac\u00edfico","https:\/\/www.youtube.com\/channel\/UCdh4_tECdrEEptoOuW_lo8Q\/"]}]}},"_links":{"self":[{"href":"https:\/\/utap.edu.co\/sitio\/wp-json\/wp\/v2\/pages\/3291"}],"collection":[{"href":"https:\/\/utap.edu.co\/sitio\/wp-json\/wp\/v2\/pages"}],"about":[{"href":"https:\/\/utap.edu.co\/sitio\/wp-json\/wp\/v2\/types\/page"}],"author":[{"embeddable":true,"href":"https:\/\/utap.edu.co\/sitio\/wp-json\/wp\/v2\/users\/1"}],"replies":[{"embeddable":true,"href":"https:\/\/utap.edu.co\/sitio\/wp-json\/wp\/v2\/comments?post=3291"}],"version-history":[{"count":0,"href":"https:\/\/utap.edu.co\/sitio\/wp-json\/wp\/v2\/pages\/3291\/revisions"}],"wp:attachment":[{"href":"https:\/\/utap.edu.co\/sitio\/wp-json\/wp\/v2\/media?parent=3291"}],"wp:term":[{"taxonomy":"wf_page_folders","embeddable":true,"href":"https:\/\/utap.edu.co\/sitio\/wp-json\/wp\/v2\/wf_page_folders?post=3291"}],"curies":[{"name":"wp","href":"https:\/\/api.w.org\/{rel}","templated":true}]}}