{"id":21301,"date":"2019-09-01T23:00:56","date_gmt":"2019-09-02T04:00:56","guid":{"rendered":"https:\/\/utap.edu.co\/sitio\/?page_id=21301"},"modified":"2025-04-09T11:39:25","modified_gmt":"2025-04-09T16:39:25","slug":"ii-curso-en-habilidades-en-analitica-de-datos-y-diseno-de-kpsis-para-la-gerencia-estrategica","status":"publish","type":"page","link":"https:\/\/utap.edu.co\/sitio\/educacion-continuada\/ii-curso-en-habilidades-en-analitica-de-datos-y-diseno-de-kpsis-para-la-gerencia-estrategica\/","title":{"rendered":"II Curso de Habilidades en Anal\u00edtica de Datos y Dise\u00f1o de KPSIs para la Gerencia Estrat\u00e9gica"},"content":{"rendered":"<div id=\"pl-21301\"  class=\"panel-layout\" ><div id=\"pg-21301-0\"  class=\"panel-grid panel-no-style\" ><div id=\"pgc-21301-0-0\"  class=\"panel-grid-cell\" ><div id=\"panel-21301-0-0-0\" class=\"so-panel widget widget_sow-image panel-first-child panel-last-child\" data-index=\"0\" ><div\n\t\t\t\n\t\t\tclass=\"so-widget-sow-image so-widget-sow-image-default-c67d20f9f743-21301\"\n\t\t\t\n\t\t>\n<div class=\"sow-image-container\">\n\t\t<img \n\tsrc=\"https:\/\/utap.edu.co\/sitio\/wp-content\/uploads\/2025\/04\/POST-II-CURSO-HABILIDADES-768x768.png\" width=\"650\" height=\"650\" srcset=\"https:\/\/utap.edu.co\/sitio\/wp-content\/uploads\/2025\/04\/POST-II-CURSO-HABILIDADES-768x768.png 768w, https:\/\/utap.edu.co\/sitio\/wp-content\/uploads\/2025\/04\/POST-II-CURSO-HABILIDADES-1024x1024.png 1024w, https:\/\/utap.edu.co\/sitio\/wp-content\/uploads\/2025\/04\/POST-II-CURSO-HABILIDADES-1536x1536.png 1536w, https:\/\/utap.edu.co\/sitio\/wp-content\/uploads\/2025\/04\/POST-II-CURSO-HABILIDADES-2048x2048.png 2048w\" sizes=\"(max-width: 650px) 100vw, 650px\" title=\"POST II CURSO HABILIDADES\" alt=\"\" loading=\"lazy\" \t\tclass=\"so-widget-image\"\/>\n\t<\/div>\n\n<\/div><\/div><\/div><div id=\"pgc-21301-0-1\"  class=\"panel-grid-cell\" ><div id=\"panel-21301-0-1-0\" class=\"so-panel widget widget_text panel-first-child\" data-index=\"1\" >\t\t\t<div class=\"textwidget\"><h1><strong>II CURSO<\/strong> DE HABILIDADES EN ANAL\u00cdTICA DE DATOS Y DISE\u00d1O DE KPSIs PARA LA GERENCIA ESTRAT\u00c9GICA<\/h1>\n<\/div>\n\t\t<\/div><div id=\"panel-21301-0-1-1\" class=\"so-panel widget widget_siteorigin-panels-builder\" data-index=\"2\" ><div id=\"padding-programas\" class=\"panel-widget-style panel-widget-style-for-21301-0-1-1\" ><div id=\"pl-w67f6a1cd2f65c\"  class=\"panel-layout\" ><div id=\"pg-w67f6a1cd2f65c-0\"  class=\"panel-grid panel-has-style\" ><div class=\"columnas_info_program_class panel-row-style panel-row-style-for-w67f6a1cd2f65c-0\" id=\"columnas_info_program\" ><div id=\"pgc-w67f6a1cd2f65c-0-0\"  class=\"panel-grid-cell\" ><div class=\"columnas_info_program_celda panel-cell-style panel-cell-style-for-w67f6a1cd2f65c-0-0\" ><div id=\"panel-w67f6a1cd2f65c-0-0-0\" class=\"so-panel widget widget_sow-image panel-first-child panel-last-child\" data-index=\"0\" ><div\n\t\t\t\n\t\t\tclass=\"so-widget-sow-image so-widget-sow-image-default-4e6925654b7a\"\n\t\t\t\n\t\t>\n<div class=\"sow-image-container\">\n\t\t<img \n\tsrc=\"https:\/\/utap.edu.co\/sitio\/wp-content\/uploads\/2025\/01\/Objetivos-del-Programa-4.png\" width=\"130\" height=\"130\" sizes=\"(max-width: 130px) 100vw, 130px\" title=\"Objetivos del Programa\" alt=\"\" loading=\"lazy\" \t\tclass=\"so-widget-image\"\/>\n\t<\/div>\n\n<\/div><\/div><\/div><\/div><div id=\"pgc-w67f6a1cd2f65c-0-1\"  class=\"panel-grid-cell\" ><div class=\"columnas_info_program_celda panel-cell-style panel-cell-style-for-w67f6a1cd2f65c-0-1\" ><div id=\"panel-w67f6a1cd2f65c-0-1-0\" class=\"so-panel widget widget_text panel-first-child panel-last-child\" data-index=\"1\" >\t\t\t<div class=\"textwidget\"><h3><strong>Costo de Certificaci\u00f3n<\/strong><\/p>\n<p>$120.000<\/h3>\n<\/div>\n\t\t<\/div><\/div><\/div><div id=\"pgc-w67f6a1cd2f65c-0-2\"  class=\"panel-grid-cell panel-grid-cell-empty\" ><div class=\"columnas_info_program_celda panel-cell-style panel-cell-style-for-w67f6a1cd2f65c-0-2\" ><\/div><\/div><div id=\"pgc-w67f6a1cd2f65c-0-3\"  class=\"panel-grid-cell panel-grid-cell-mobile-last\" ><div class=\"columnas_info_program_celda panel-cell-style panel-cell-style-for-w67f6a1cd2f65c-0-3\" ><div id=\"panel-w67f6a1cd2f65c-0-3-0\" class=\"widget_text so-panel widget widget_custom_html panel-first-child panel-last-child\" data-index=\"2\" ><div class=\"textwidget custom-html-widget\"><img src=\"https:\/\/utap.edu.co\/images\/BOTON_PSE.png\" class=\"btn_pagar_pse\" id=\"cod&0319&Curso - Habilidades en Analitica de Datos y Diseno de KPSIs para la Gerencia Estrategica\" alt=\"PSE\" width=\"175px\" height=\"auto\" style=\"cursor: pointer;\"><\/div><\/div><\/div><\/div><div id=\"pgc-w67f6a1cd2f65c-0-4\"  class=\"panel-grid-cell panel-grid-cell-empty\" ><div class=\"columnas_info_program_celda panel-cell-style panel-cell-style-for-w67f6a1cd2f65c-0-4\" ><\/div><\/div><\/div><\/div><\/div><\/div><\/div><div id=\"panel-21301-0-1-2\" class=\"so-panel widget widget_ninja_forms_widget panel-last-child\" data-index=\"3\" ><div class=\"so-rounded panel-widget-style panel-widget-style-for-21301-0-1-2\" ><noscript class=\"ninja-forms-noscript-message\">\n\tAviso: Se requiere JavaScript para este contenido.<\/noscript>\n<div id=\"nf-form-14-cont\" class=\"nf-form-cont\" aria-live=\"polite\" aria-labelledby=\"nf-form-title-14\" aria-describedby=\"nf-form-errors-14\" role=\"form\">\n\n    <div class=\"nf-loading-spinner\"><\/div>\n\n<\/div>\n        <!-- That data is being printed as a workaround to page builders reordering the order of the scripts loaded-->\n        <script>var formDisplay=1;var nfForms=nfForms||[];var form=[];form.id='14';form.settings={\"objectType\":\"Form Setting\",\"editActive\":true,\"title\":\"Educaci\\u00f3n Continuada - Interno Oferta\",\"created_at\":\"2020-10-06 17:25:33\",\"default_label_pos\":\"above\",\"show_title\":\"0\",\"clear_complete\":\"1\",\"hide_complete\":\"0\",\"logged_in\":\"0\",\"wrapper_class\":\"\",\"element_class\":\"\",\"key\":\"\",\"add_submit\":\"1\",\"currency\":\"\",\"unique_field_error\":\"Ya se ha enviado un formulario con este valor.\",\"not_logged_in_msg\":\"\",\"sub_limit_msg\":\"El formulario ha alcanzado su l\\u00edmite de env\\u00edo.\",\"calculations\":[],\"formContentData\":[\"nombres_y_apellidos_1570057360940\",\"correo_electronico_1570057407868\",\"numero_de_celular_1570057424319\",\"programa_academico_de_interes_1611413546050\",\"mensaje_1570057780976\",\"autorizo_a_la_utap_para_tratar_mis_datos_personales_1570914728907\",\"enviar_1570057875757\"],\"drawerDisabled\":false,\"changeEmailErrorMsg\":\"Introduce una direcci\\u00f3n de correo electr\\u00f3nico v\\u00e1lida.\",\"changeDateErrorMsg\":\"\\u00a1Introduce una fecha v\\u00e1lida!\",\"confirmFieldErrorMsg\":\"Estos campos deben coincidir.\",\"fieldNumberNumMinError\":\"Error de n\\u00famero m\\u00ednimo\",\"fieldNumberNumMaxError\":\"Error de n\\u00famero m\\u00e1ximo\",\"fieldNumberIncrementBy\":\"Increm\\u00e9ntalo por \",\"formErrorsCorrectErrors\":\"Corrige los errores antes de enviar este formulario.\",\"validateRequiredField\":\"Esto es un campo obligatorio.\",\"honeypotHoneypotError\":\"Error de Honeypot\",\"fieldsMarkedRequired\":\"Los campos marcados con <span class=\\\"ninja-forms-req-symbol\\\">*<\\\/span> son obligatorios\",\"allow_public_link\":0,\"public_link\":\"https:\\\/\\\/utap.edu.co\\\/sitio\\\/ninja-forms\\\/142ind\",\"embed_form\":\"\",\"public_link_key\":\"142ind\",\"repeatable_fieldsets\":\"\",\"header_position\":\"left\",\"footer_position\":\"left\",\"form_title_heading_level\":\"3\",\"ninjaForms\":\"Ninja Forms\",\"fieldTextareaRTEInsertLink\":\"Insertar enlace\",\"fieldTextareaRTEInsertMedia\":\"Insertar medios\",\"fieldTextareaRTESelectAFile\":\"Seleccione un archivo\",\"formHoneypot\":\"Si eres un ser humano y est\\u00e1s viendo este campo, por favor d\\u00e9jalo vac\\u00edo.\",\"fileUploadOldCodeFileUploadInProgress\":\"Subida de archivo en curso.\",\"fileUploadOldCodeFileUpload\":\"SUBIDA DE ARCHIVO\",\"currencySymbol\":\"&euro;\",\"thousands_sep\":\".\",\"decimal_point\":\",\",\"siteLocale\":\"es_ES\",\"dateFormat\":\"m\\\/d\\\/Y\",\"startOfWeek\":\"1\",\"of\":\"de\",\"previousMonth\":\"Mes anterior\",\"nextMonth\":\"Pr\\u00f3ximo mes\",\"months\":[\"Enero\",\"Febrero\",\"Marzo\",\"Abril\",\"Mayo\",\"Junio\",\"Julio\",\"Agosto\",\"Septiembre\",\"Octubre\",\"Noviembre\",\"Diciembre\"],\"monthsShort\":[\"Ene\",\"Feb\",\"Mar\",\"Abr\",\"Mayo\",\"Jun\",\"Jul\",\"Ago\",\"Sep\",\"Oct\",\"Nov\",\"Dic\"],\"weekdays\":[\"Domingo\",\"Lunes\",\"Martes\",\"Mi\\u00e9rcoles\",\"Jueves\",\"Viernes\",\"S\\u00e1bado\"],\"weekdaysShort\":[\"Dom\",\"Lun\",\"Mar\",\"Mi\\u00e9\",\"Jue\",\"Vie\",\"S\\u00e1b\"],\"weekdaysMin\":[\"Do\",\"Lu\",\"Ma\",\"Mi\",\"Ju\",\"Vi\",\"S\\u00e1\"],\"recaptchaConsentMissing\":\"reCaptcha validation couldn&#039;t load.\",\"recaptchaMissingCookie\":\"reCaptcha v3 validation couldn&#039;t load the cookie needed to submit the form.\",\"recaptchaConsentEvent\":\"Accept reCaptcha cookies before sending the form.\",\"currency_symbol\":\"\",\"beforeForm\":\"\",\"beforeFields\":\"\",\"afterFields\":\"\",\"afterForm\":\"\"};form.fields=[{\"objectType\":\"Field\",\"objectDomain\":\"fields\",\"editActive\":false,\"order\":1,\"idAttribute\":\"id\",\"label\":\"\",\"type\":\"firstname\",\"key\":\"nombres_y_apellidos_1570057360940\",\"label_pos\":\"above\",\"required\":1,\"default\":\"\",\"placeholder\":\"Nombre Completo\",\"container_class\":\"one-half first\",\"element_class\":\"\",\"admin_label\":\"\",\"help_text\":\"\",\"custom_name_attribute\":\"fname\",\"field_label\":\"Nombres y Apellidos\",\"field_key\":\"nombres_y_apellidos_1570057360940\",\"personally_identifiable\":1,\"value\":\"\",\"drawerDisabled\":false,\"id\":86,\"beforeField\":\"\",\"afterField\":\"\",\"parentType\":\"firstname\",\"element_templates\":[\"firstname\",\"input\"],\"old_classname\":\"\",\"wrap_template\":\"wrap\"},{\"objectType\":\"Field\",\"objectDomain\":\"fields\",\"editActive\":false,\"order\":2,\"idAttribute\":\"id\",\"label\":\"\",\"type\":\"email\",\"key\":\"correo_electronico_1570057407868\",\"label_pos\":\"above\",\"required\":1,\"default\":\"\",\"placeholder\":\"Correo electr\\u00f3nico\",\"container_class\":\"\",\"element_class\":\"\",\"admin_label\":\"\",\"help_text\":\"\",\"custom_name_attribute\":\"email\",\"field_label\":\"Correo electr\\u00f3nico\",\"field_key\":\"correo_electronico_1570057407868\",\"personally_identifiable\":1,\"value\":\"\",\"drawerDisabled\":false,\"id\":87,\"beforeField\":\"\",\"afterField\":\"\",\"parentType\":\"email\",\"element_templates\":[\"email\",\"input\"],\"old_classname\":\"\",\"wrap_template\":\"wrap\"},{\"objectType\":\"Field\",\"objectDomain\":\"fields\",\"editActive\":false,\"order\":3,\"idAttribute\":\"id\",\"label\":\"\",\"type\":\"phone\",\"key\":\"numero_de_celular_1570057424319\",\"label_pos\":\"above\",\"required\":1,\"default\":\"\",\"placeholder\":\"N\\u00famero de celular\",\"container_class\":\"\",\"element_class\":\"\",\"input_limit\":\"\",\"input_limit_type\":\"characters\",\"input_limit_msg\":\"Character(s) left\",\"manual_key\":\"\",\"admin_label\":\"\",\"help_text\":\"\",\"mask\":\"\",\"custom_mask\":\"\",\"custom_name_attribute\":\"phone\",\"field_label\":\"N\\u00famero de celular\",\"field_key\":\"numero_de_celular_1570057424319\",\"personally_identifiable\":1,\"value\":\"\",\"drawerDisabled\":false,\"id\":88,\"beforeField\":\"\",\"afterField\":\"\",\"parentType\":\"textbox\",\"element_templates\":[\"tel\",\"textbox\",\"input\"],\"old_classname\":\"\",\"wrap_template\":\"wrap\"},{\"objectType\":\"Field\",\"objectDomain\":\"fields\",\"editActive\":false,\"order\":4,\"idAttribute\":\"id\",\"type\":\"listselect\",\"label\":\"\",\"key\":\"programa_academico_de_interes_1611413546050\",\"label_pos\":\"above\",\"required\":1,\"options\":[{\"errors\":[],\"max_options\":0,\"order\":0,\"new\":false,\"options\":[],\"label\":\"II Curso de Habilidades en Anal\\u00edtica de Datos y Dise\\u00f1o de KPSIs para la Gerencia Estrat\\u00e9gica\",\"value\":\"ii-curso-de-habilidades-en-analitica-de-datos-y-diseno-de-kpsis-para-la-gerencia-estrategica\",\"calc\":\"\",\"selected\":0,\"settingModel\":{\"settings\":false,\"hide_merge_tags\":false,\"error\":false,\"name\":\"options\",\"type\":\"option-repeater\",\"label\":\"Opciones <a href=\\\"#\\\" class=\\\"nf-add-new\\\">A\\u00f1adir nuevo<\\\/a> <a href=\\\"#\\\" class=\\\"extra nf-open-import-tooltip\\\"><i class=\\\"fa fa-sign-in\\\" aria-hidden=\\\"true\\\"><\\\/i> Importar<\\\/a>\",\"width\":\"full\",\"group\":\"\",\"value\":[{\"label\":\"Uno\",\"value\":\"uno\",\"calc\":\"\",\"selected\":0,\"order\":0},{\"label\":\"Dos\",\"value\":\"dos\",\"calc\":\"\",\"selected\":0,\"order\":1},{\"label\":\"Tres\",\"value\":\"tres\",\"calc\":\"\",\"selected\":0,\"order\":2}],\"columns\":{\"label\":{\"header\":\"Etiqueta\",\"default\":\"\"},\"value\":{\"header\":\"Valor\",\"default\":\"\"},\"calc\":{\"header\":\"Valor calc\",\"default\":\"\"},\"selected\":{\"header\":\"<span class=\\\"dashicons dashicons-yes\\\"><\\\/span>\",\"default\":0}}}}],\"container_class\":\"\",\"element_class\":\"\",\"admin_label\":\"\",\"help_text\":\"<p>Seleccione el programa de inter\\u00e9s.<\\\/p>\",\"drawerDisabled\":false,\"field_label\":\"Programas acad\\u00e9micos de inter\\u00e9s\",\"field_key\":\"programas_academicos_de_interes_1570057501464\",\"id\":89,\"beforeField\":\"\",\"afterField\":\"\",\"value\":\"\",\"parentType\":\"list\",\"element_templates\":[\"listselect\",\"input\"],\"old_classname\":\"list-select\",\"wrap_template\":\"wrap\"},{\"objectType\":\"Field\",\"objectDomain\":\"fields\",\"editActive\":false,\"order\":5,\"idAttribute\":\"id\",\"label\":\"\",\"type\":\"textarea\",\"key\":\"mensaje_1570057780976\",\"label_pos\":\"above\",\"required\":1,\"default\":\"\",\"placeholder\":\"Quiero m\\u00e1s informaci\\u00f3n sobre...\",\"container_class\":\"\",\"element_class\":\"\",\"input_limit\":\"\",\"input_limit_type\":\"characters\",\"input_limit_msg\":\"Character(s) left\",\"manual_key\":\"\",\"admin_label\":\"\",\"help_text\":\"\",\"textarea_rte\":\"\",\"disable_rte_mobile\":\"\",\"textarea_media\":\"\",\"field_label\":\"Mensaje\",\"field_key\":\"mensaje_1570057780976\",\"value\":\"\",\"drawerDisabled\":false,\"id\":90,\"beforeField\":\"\",\"afterField\":\"\",\"parentType\":\"textarea\",\"element_templates\":[\"textarea\",\"input\"],\"old_classname\":\"\",\"wrap_template\":\"wrap\"},{\"objectType\":\"Field\",\"objectDomain\":\"fields\",\"editActive\":false,\"order\":6,\"idAttribute\":\"id\",\"key\":\"autorizo_a_la_utap_para_tratar_mis_datos_personales_1570914728907\",\"label_pos\":\"right\",\"required\":1,\"container_class\":\"\",\"element_class\":\"\",\"manual_key\":\"\",\"admin_label\":\"\",\"help_text\":\"\",\"default_value\":\"unchecked\",\"checked_value\":\"Marcado\",\"unchecked_value\":\"Desmarcado\",\"checked_calc_value\":\"\",\"unchecked_calc_value\":\"\",\"drawerDisabled\":false,\"label\":\"Autorizo a la UTAP para tratar mis datos personales.\",\"type\":\"checkbox\",\"field_label\":\"Autorizo a la UTAP para tratar mis datos personales.\",\"field_key\":\"autorizo_a_la_utap_para_tratar_mis_datos_personales_1570914728907\",\"id\":91,\"beforeField\":\"\",\"afterField\":\"\",\"value\":\"\",\"parentType\":\"checkbox\",\"element_templates\":[\"checkbox\",\"input\"],\"old_classname\":\"\",\"wrap_template\":\"wrap\"},{\"objectType\":\"Field\",\"objectDomain\":\"fields\",\"editActive\":false,\"order\":7,\"idAttribute\":\"id\",\"type\":\"submit\",\"label\":\"Enviar\",\"processing_label\":\"Procesando\",\"container_class\":\"\",\"element_class\":\"\",\"key\":\"enviar_1570057875757\",\"field_label\":\"Enviar\",\"field_key\":\"enviar_1570057875757\",\"drawerDisabled\":\"\",\"id\":92,\"beforeField\":\"\",\"afterField\":\"\",\"value\":\"\",\"label_pos\":\"above\",\"parentType\":\"textbox\",\"element_templates\":[\"submit\",\"button\",\"input\"],\"old_classname\":\"\",\"wrap_template\":\"wrap-no-label\"}];nfForms.push(form);<\/script>\n        <\/div><\/div><\/div><\/div><\/div>","protected":false},"excerpt":{"rendered":"<p>II CURSO DE HABILIDADES EN ANAL\u00cdTICA DE DATOS Y DISE\u00d1O DE KPSIs PARA LA GERENCIA ESTRAT\u00c9GICA<\/p>\n","protected":false},"author":1,"featured_media":0,"parent":5811,"menu_order":1,"comment_status":"closed","ping_status":"closed","template":"","meta":{"_joinchat":[]},"wf_page_folders":[226],"yoast_head":"<!-- This site is optimized with the Yoast SEO plugin v21.1 - https:\/\/yoast.com\/wordpress\/plugins\/seo\/ -->\n<title>II Curso de Habilidades en Anal\u00edtica de Datos y Dise\u00f1o de KPSIs para la Gerencia Estrat\u00e9gica - UTAP<\/title>\n<meta name=\"description\" content=\"Descubre nuestra curso de II Curso en Habilidades en Anal\u00edtica de Datos y Dise\u00f1o de KPSIs para la Gerencia Estrat\u00e9gica. \u00a1La UTAP, tu mejor opci\u00f3n!\" \/>\n<meta name=\"robots\" content=\"index, follow, max-snippet:-1, max-image-preview:large, max-video-preview:-1\" \/>\n<link rel=\"canonical\" href=\"https:\/\/utap.edu.co\/sitio\/educacion-continuada\/ii-curso-en-habilidades-en-analitica-de-datos-y-diseno-de-kpsis-para-la-gerencia-estrategica\/\" \/>\n<meta property=\"og:locale\" content=\"es_ES\" \/>\n<meta property=\"og:type\" content=\"article\" \/>\n<meta property=\"og:title\" content=\"II Curso de Habilidades en Anal\u00edtica de Datos y Dise\u00f1o de KPSIs para la Gerencia Estrat\u00e9gica - UTAP\" \/>\n<meta property=\"og:description\" content=\"Descubre nuestra curso de II Curso en Habilidades en Anal\u00edtica de Datos y Dise\u00f1o de KPSIs para la Gerencia Estrat\u00e9gica. \u00a1La UTAP, tu mejor opci\u00f3n!\" \/>\n<meta property=\"og:url\" content=\"https:\/\/utap.edu.co\/sitio\/educacion-continuada\/ii-curso-en-habilidades-en-analitica-de-datos-y-diseno-de-kpsis-para-la-gerencia-estrategica\/\" \/>\n<meta property=\"og:site_name\" content=\"UTAP\" \/>\n<meta property=\"article:publisher\" content=\"https:\/\/www.facebook.com\/UTAPCALI\/\" \/>\n<meta property=\"article:modified_time\" content=\"2025-04-09T16:39:25+00:00\" \/>\n<meta name=\"twitter:card\" content=\"summary_large_image\" \/>\n<script type=\"application\/ld+json\" class=\"yoast-schema-graph\">{\"@context\":\"https:\/\/schema.org\",\"@graph\":[{\"@type\":\"WebPage\",\"@id\":\"https:\/\/utap.edu.co\/sitio\/educacion-continuada\/ii-curso-en-habilidades-en-analitica-de-datos-y-diseno-de-kpsis-para-la-gerencia-estrategica\/\",\"url\":\"https:\/\/utap.edu.co\/sitio\/educacion-continuada\/ii-curso-en-habilidades-en-analitica-de-datos-y-diseno-de-kpsis-para-la-gerencia-estrategica\/\",\"name\":\"II Curso de Habilidades en Anal\u00edtica de Datos y Dise\u00f1o de KPSIs para la Gerencia Estrat\u00e9gica - UTAP\",\"isPartOf\":{\"@id\":\"https:\/\/utap.edu.co\/sitio\/#website\"},\"datePublished\":\"2019-09-02T04:00:56+00:00\",\"dateModified\":\"2025-04-09T16:39:25+00:00\",\"description\":\"Descubre nuestra curso de II Curso en Habilidades en Anal\u00edtica de Datos y Dise\u00f1o de KPSIs para la Gerencia Estrat\u00e9gica. \u00a1La UTAP, tu mejor opci\u00f3n!\",\"breadcrumb\":{\"@id\":\"https:\/\/utap.edu.co\/sitio\/educacion-continuada\/ii-curso-en-habilidades-en-analitica-de-datos-y-diseno-de-kpsis-para-la-gerencia-estrategica\/#breadcrumb\"},\"inLanguage\":\"es\",\"potentialAction\":[{\"@type\":\"ReadAction\",\"target\":[\"https:\/\/utap.edu.co\/sitio\/educacion-continuada\/ii-curso-en-habilidades-en-analitica-de-datos-y-diseno-de-kpsis-para-la-gerencia-estrategica\/\"]}]},{\"@type\":\"BreadcrumbList\",\"@id\":\"https:\/\/utap.edu.co\/sitio\/educacion-continuada\/ii-curso-en-habilidades-en-analitica-de-datos-y-diseno-de-kpsis-para-la-gerencia-estrategica\/#breadcrumb\",\"itemListElement\":[{\"@type\":\"ListItem\",\"position\":1,\"name\":\"Home\",\"item\":\"https:\/\/utap.edu.co\/sitio\/\"},{\"@type\":\"ListItem\",\"position\":2,\"name\":\"EDUCACI\u00d3N CONTINUADA\",\"item\":\"https:\/\/utap.edu.co\/sitio\/educacion-continuada\/\"},{\"@type\":\"ListItem\",\"position\":3,\"name\":\"II Curso de Habilidades en Anal\u00edtica de Datos y Dise\u00f1o de KPSIs para la Gerencia Estrat\u00e9gica\"}]},{\"@type\":\"WebSite\",\"@id\":\"https:\/\/utap.edu.co\/sitio\/#website\",\"url\":\"https:\/\/utap.edu.co\/sitio\/\",\"name\":\"UTAP\",\"description\":\"Educaci\u00f3n Superior con Sentido Social\",\"publisher\":{\"@id\":\"https:\/\/utap.edu.co\/sitio\/#organization\"},\"potentialAction\":[{\"@type\":\"SearchAction\",\"target\":{\"@type\":\"EntryPoint\",\"urlTemplate\":\"https:\/\/utap.edu.co\/sitio\/?s={search_term_string}\"},\"query-input\":\"required name=search_term_string\"}],\"inLanguage\":\"es\"},{\"@type\":\"Organization\",\"@id\":\"https:\/\/utap.edu.co\/sitio\/#organization\",\"name\":\"Tecnol\u00f3gica Aut\u00f3noma del Pacifico\",\"url\":\"https:\/\/utap.edu.co\/sitio\/\",\"logo\":{\"@type\":\"ImageObject\",\"inLanguage\":\"es\",\"@id\":\"https:\/\/utap.edu.co\/sitio\/#\/schema\/logo\/image\/\",\"url\":\"https:\/\/utap.edu.co\/sitio\/wp-content\/uploads\/2023\/11\/Mesa-de-trabajo-1logo.png\",\"contentUrl\":\"https:\/\/utap.edu.co\/sitio\/wp-content\/uploads\/2023\/11\/Mesa-de-trabajo-1logo.png\",\"width\":401,\"height\":86,\"caption\":\"Tecnol\u00f3gica Aut\u00f3noma del Pacifico\"},\"image\":{\"@id\":\"https:\/\/utap.edu.co\/sitio\/#\/schema\/logo\/image\/\"},\"sameAs\":[\"https:\/\/www.facebook.com\/UTAPCALI\/\",\"https:\/\/www.instagram.com\/utapcali\/\",\"https:\/\/www.linkedin.com\/company\/tecnol\u00f3gica-aut\u00f3noma-del-pac\u00edfico\",\"https:\/\/www.youtube.com\/channel\/UCdh4_tECdrEEptoOuW_lo8Q\/\"]}]}<\/script>\n<!-- \/ Yoast SEO plugin. -->","yoast_head_json":{"title":"II Curso de Habilidades en Anal\u00edtica de Datos y Dise\u00f1o de KPSIs para la Gerencia Estrat\u00e9gica - UTAP","description":"Descubre nuestra curso de II Curso en Habilidades en Anal\u00edtica de Datos y Dise\u00f1o de KPSIs para la Gerencia Estrat\u00e9gica. \u00a1La UTAP, tu mejor opci\u00f3n!","robots":{"index":"index","follow":"follow","max-snippet":"max-snippet:-1","max-image-preview":"max-image-preview:large","max-video-preview":"max-video-preview:-1"},"canonical":"https:\/\/utap.edu.co\/sitio\/educacion-continuada\/ii-curso-en-habilidades-en-analitica-de-datos-y-diseno-de-kpsis-para-la-gerencia-estrategica\/","og_locale":"es_ES","og_type":"article","og_title":"II Curso de Habilidades en Anal\u00edtica de Datos y Dise\u00f1o de KPSIs para la Gerencia Estrat\u00e9gica - UTAP","og_description":"Descubre nuestra curso de II Curso en Habilidades en Anal\u00edtica de Datos y Dise\u00f1o de KPSIs para la Gerencia Estrat\u00e9gica. \u00a1La UTAP, tu mejor opci\u00f3n!","og_url":"https:\/\/utap.edu.co\/sitio\/educacion-continuada\/ii-curso-en-habilidades-en-analitica-de-datos-y-diseno-de-kpsis-para-la-gerencia-estrategica\/","og_site_name":"UTAP","article_publisher":"https:\/\/www.facebook.com\/UTAPCALI\/","article_modified_time":"2025-04-09T16:39:25+00:00","twitter_card":"summary_large_image","schema":{"@context":"https:\/\/schema.org","@graph":[{"@type":"WebPage","@id":"https:\/\/utap.edu.co\/sitio\/educacion-continuada\/ii-curso-en-habilidades-en-analitica-de-datos-y-diseno-de-kpsis-para-la-gerencia-estrategica\/","url":"https:\/\/utap.edu.co\/sitio\/educacion-continuada\/ii-curso-en-habilidades-en-analitica-de-datos-y-diseno-de-kpsis-para-la-gerencia-estrategica\/","name":"II Curso de Habilidades en Anal\u00edtica de Datos y Dise\u00f1o de KPSIs para la Gerencia Estrat\u00e9gica - UTAP","isPartOf":{"@id":"https:\/\/utap.edu.co\/sitio\/#website"},"datePublished":"2019-09-02T04:00:56+00:00","dateModified":"2025-04-09T16:39:25+00:00","description":"Descubre nuestra curso de II Curso en Habilidades en Anal\u00edtica de Datos y Dise\u00f1o de KPSIs para la Gerencia Estrat\u00e9gica. \u00a1La UTAP, tu mejor opci\u00f3n!","breadcrumb":{"@id":"https:\/\/utap.edu.co\/sitio\/educacion-continuada\/ii-curso-en-habilidades-en-analitica-de-datos-y-diseno-de-kpsis-para-la-gerencia-estrategica\/#breadcrumb"},"inLanguage":"es","potentialAction":[{"@type":"ReadAction","target":["https:\/\/utap.edu.co\/sitio\/educacion-continuada\/ii-curso-en-habilidades-en-analitica-de-datos-y-diseno-de-kpsis-para-la-gerencia-estrategica\/"]}]},{"@type":"BreadcrumbList","@id":"https:\/\/utap.edu.co\/sitio\/educacion-continuada\/ii-curso-en-habilidades-en-analitica-de-datos-y-diseno-de-kpsis-para-la-gerencia-estrategica\/#breadcrumb","itemListElement":[{"@type":"ListItem","position":1,"name":"Home","item":"https:\/\/utap.edu.co\/sitio\/"},{"@type":"ListItem","position":2,"name":"EDUCACI\u00d3N CONTINUADA","item":"https:\/\/utap.edu.co\/sitio\/educacion-continuada\/"},{"@type":"ListItem","position":3,"name":"II Curso de Habilidades en Anal\u00edtica de Datos y Dise\u00f1o de KPSIs para la Gerencia Estrat\u00e9gica"}]},{"@type":"WebSite","@id":"https:\/\/utap.edu.co\/sitio\/#website","url":"https:\/\/utap.edu.co\/sitio\/","name":"UTAP","description":"Educaci\u00f3n Superior con Sentido Social","publisher":{"@id":"https:\/\/utap.edu.co\/sitio\/#organization"},"potentialAction":[{"@type":"SearchAction","target":{"@type":"EntryPoint","urlTemplate":"https:\/\/utap.edu.co\/sitio\/?s={search_term_string}"},"query-input":"required name=search_term_string"}],"inLanguage":"es"},{"@type":"Organization","@id":"https:\/\/utap.edu.co\/sitio\/#organization","name":"Tecnol\u00f3gica Aut\u00f3noma del Pacifico","url":"https:\/\/utap.edu.co\/sitio\/","logo":{"@type":"ImageObject","inLanguage":"es","@id":"https:\/\/utap.edu.co\/sitio\/#\/schema\/logo\/image\/","url":"https:\/\/utap.edu.co\/sitio\/wp-content\/uploads\/2023\/11\/Mesa-de-trabajo-1logo.png","contentUrl":"https:\/\/utap.edu.co\/sitio\/wp-content\/uploads\/2023\/11\/Mesa-de-trabajo-1logo.png","width":401,"height":86,"caption":"Tecnol\u00f3gica Aut\u00f3noma del Pacifico"},"image":{"@id":"https:\/\/utap.edu.co\/sitio\/#\/schema\/logo\/image\/"},"sameAs":["https:\/\/www.facebook.com\/UTAPCALI\/","https:\/\/www.instagram.com\/utapcali\/","https:\/\/www.linkedin.com\/company\/tecnol\u00f3gica-aut\u00f3noma-del-pac\u00edfico","https:\/\/www.youtube.com\/channel\/UCdh4_tECdrEEptoOuW_lo8Q\/"]}]}},"_links":{"self":[{"href":"https:\/\/utap.edu.co\/sitio\/wp-json\/wp\/v2\/pages\/21301"}],"collection":[{"href":"https:\/\/utap.edu.co\/sitio\/wp-json\/wp\/v2\/pages"}],"about":[{"href":"https:\/\/utap.edu.co\/sitio\/wp-json\/wp\/v2\/types\/page"}],"author":[{"embeddable":true,"href":"https:\/\/utap.edu.co\/sitio\/wp-json\/wp\/v2\/users\/1"}],"replies":[{"embeddable":true,"href":"https:\/\/utap.edu.co\/sitio\/wp-json\/wp\/v2\/comments?post=21301"}],"version-history":[{"count":0,"href":"https:\/\/utap.edu.co\/sitio\/wp-json\/wp\/v2\/pages\/21301\/revisions"}],"up":[{"embeddable":true,"href":"https:\/\/utap.edu.co\/sitio\/wp-json\/wp\/v2\/pages\/5811"}],"wp:attachment":[{"href":"https:\/\/utap.edu.co\/sitio\/wp-json\/wp\/v2\/media?parent=21301"}],"wp:term":[{"taxonomy":"wf_page_folders","embeddable":true,"href":"https:\/\/utap.edu.co\/sitio\/wp-json\/wp\/v2\/wf_page_folders?post=21301"}],"curies":[{"name":"wp","href":"https:\/\/api.w.org\/{rel}","templated":true}]}}