{"id":15656,"date":"2023-04-12T16:40:31","date_gmt":"2023-04-12T21:40:31","guid":{"rendered":"https:\/\/utap.edu.co\/sitio\/?page_id=15656"},"modified":"2026-02-16T18:14:39","modified_gmt":"2026-02-16T23:14:39","slug":"opcion-de-grado","status":"publish","type":"page","link":"https:\/\/utap.edu.co\/sitio\/opcion-de-grado\/","title":{"rendered":"Opci\u00f3n de grado"},"content":{"rendered":"<div id=\"pl-15656\"  class=\"panel-layout\" ><div id=\"pg-15656-0\"  class=\"panel-grid panel-no-style\" ><div id=\"pgc-15656-0-0\"  class=\"panel-grid-cell\" ><div id=\"panel-15656-0-0-0\" class=\"so-panel widget widget_text panel-first-child panel-last-child\" data-index=\"0\" >\t\t\t<div class=\"textwidget\"><p>&nbsp;<\/p>\n<h1>Opci\u00f3n de grado<\/h1>\n<p>Si eres estudiante aspirante a matricular la Opci\u00f3n de grado y cumples con los requisitos, conoce las opciones que tenemos vigentes:<\/p>\n<\/div>\n\t\t<\/div><\/div><\/div><div id=\"pg-15656-1\"  class=\"panel-grid panel-no-style\" ><div id=\"pgc-15656-1-0\"  class=\"panel-grid-cell panel-grid-cell-empty\" ><\/div><div id=\"pgc-15656-1-1\"  class=\"panel-grid-cell panel-grid-cell-mobile-last\" ><div id=\"panel-15656-1-1-0\" class=\"so-panel widget widget_sow-image panel-first-child panel-last-child\" data-index=\"1\" ><div\n\t\t\t\n\t\t\tclass=\"so-widget-sow-image so-widget-sow-image-default-8b5b6f678277-15656\"\n\t\t\t\n\t\t>\n<div class=\"sow-image-container\">\n\t\t<img \n\tsrc=\"https:\/\/utap.edu.co\/sitio\/wp-content\/uploads\/2023\/04\/opciones-de-grado-1024x661.png\" width=\"843\" height=\"544\" srcset=\"https:\/\/utap.edu.co\/sitio\/wp-content\/uploads\/2023\/04\/opciones-de-grado-1024x661.png 1024w, https:\/\/utap.edu.co\/sitio\/wp-content\/uploads\/2023\/04\/opciones-de-grado-768x496.png 768w, https:\/\/utap.edu.co\/sitio\/wp-content\/uploads\/2023\/04\/opciones-de-grado-1536x992.png 1536w, https:\/\/utap.edu.co\/sitio\/wp-content\/uploads\/2023\/04\/opciones-de-grado.png 1648w\" sizes=\"(max-width: 843px) 100vw, 843px\" title=\"opciones de grado\" alt=\"\" loading=\"lazy\" \t\tclass=\"so-widget-image\"\/>\n\t<\/div>\n\n<\/div><\/div><\/div><div id=\"pgc-15656-1-2\"  class=\"panel-grid-cell panel-grid-cell-empty\" ><\/div><\/div><div id=\"pg-15656-2\"  class=\"panel-grid panel-no-style\" ><div id=\"pgc-15656-2-0\"  class=\"panel-grid-cell\" ><div id=\"panel-15656-2-0-0\" class=\"so-panel widget widget_text panel-first-child\" data-index=\"2\" ><div class=\"panel-widget-style panel-widget-style-for-15656-2-0-0\" >\t\t\t<div class=\"textwidget\"><p>Recuerda que, para optar por tu t\u00edtulo debes cumplir con los siguientes requisitos:<\/p>\n<ul>\n<li>Haber cursado y aprobado todos los cr\u00e9ditos acad\u00e9micos que contemplan el nivel tecnol\u00f3gico.<\/li>\n<li>Paz y salvo con la validaci\u00f3n de los niveles de ingl\u00e9s de acuerdo al Marco Com\u00fan Europeo.<\/li>\n<li>Certificado de presentaci\u00f3n de las pruebas saber T y T.<\/li>\n<li>Encontrarse a Paz y salvo con los documentos ante Registro y Control Acad\u00e9mico y otros departamentos.<\/li>\n<li>Haber cursado y aprobado la opci\u00f3n de grado.<\/li>\n<\/ul>\n<\/div>\n\t\t<\/div><\/div><div id=\"panel-15656-2-0-1\" class=\"widget_text so-panel widget widget_custom_html panel-last-child\" data-index=\"3\" ><div class=\"textwidget custom-html-widget\"><center><iframe width=\"560\" height=\"315\" src=\"https:\/\/www.youtube.com\/embed\/gk2l2fIaEag\" title=\"YouTube video player\" frameborder=\"0\" allow=\"accelerometer; autoplay; clipboard-write; encrypted-media; gyroscope; picture-in-picture; web-share\" allowfullscreen><\/iframe><\/center><\/div><\/div><\/div><\/div><div id=\"pg-15656-3\"  class=\"panel-grid panel-no-style\" ><div id=\"pgc-15656-3-0\"  class=\"panel-grid-cell\" ><div id=\"panel-15656-3-0-0\" class=\"so-panel widget widget_text panel-first-child\" data-index=\"4\" ><div class=\"panel-widget-style panel-widget-style-for-15656-3-0-0\" >\t\t\t<div class=\"textwidget\"><h2 style=\"text-align: center;\"><strong>CALENDARIO 2026-1<\/strong><\/h2>\n<\/div>\n\t\t<\/div><\/div><div id=\"panel-15656-3-0-1\" class=\"so-panel widget widget_media_gallery panel-last-child\" data-index=\"5\" ><div id='gallery-1' class='gallery galleryid-15656 gallery-columns-2 gallery-size-full'><figure class='gallery-item'>\n\t\t\t<div class='gallery-icon landscape'>\n\t\t\t\t<a href='https:\/\/utap.edu.co\/sitio\/wp-content\/uploads\/2026\/02\/CRONOGRAMA-COG-261_01.png'><img width=\"4288\" height=\"2413\" src=\"https:\/\/utap.edu.co\/sitio\/wp-content\/uploads\/2026\/02\/CRONOGRAMA-COG-261_01.png\" class=\"attachment-full size-full\" alt=\"\" decoding=\"async\" loading=\"lazy\" srcset=\"https:\/\/utap.edu.co\/sitio\/wp-content\/uploads\/2026\/02\/CRONOGRAMA-COG-261_01.png 4288w, https:\/\/utap.edu.co\/sitio\/wp-content\/uploads\/2026\/02\/CRONOGRAMA-COG-261_01-1024x576.png 1024w, https:\/\/utap.edu.co\/sitio\/wp-content\/uploads\/2026\/02\/CRONOGRAMA-COG-261_01-768x432.png 768w, https:\/\/utap.edu.co\/sitio\/wp-content\/uploads\/2026\/02\/CRONOGRAMA-COG-261_01-1536x864.png 1536w, https:\/\/utap.edu.co\/sitio\/wp-content\/uploads\/2026\/02\/CRONOGRAMA-COG-261_01-2048x1152.png 2048w\" sizes=\"(max-width: 4288px) 100vw, 4288px\" \/><\/a>\n\t\t\t<\/div><\/figure><figure class='gallery-item'>\n\t\t\t<div class='gallery-icon landscape'>\n\t\t\t\t<a href='https:\/\/utap.edu.co\/sitio\/wp-content\/uploads\/2026\/02\/CRONOGRAMA-COG-261_02.png'><img width=\"4288\" height=\"2400\" src=\"https:\/\/utap.edu.co\/sitio\/wp-content\/uploads\/2026\/02\/CRONOGRAMA-COG-261_02.png\" class=\"attachment-full size-full\" alt=\"\" decoding=\"async\" loading=\"lazy\" srcset=\"https:\/\/utap.edu.co\/sitio\/wp-content\/uploads\/2026\/02\/CRONOGRAMA-COG-261_02.png 4288w, https:\/\/utap.edu.co\/sitio\/wp-content\/uploads\/2026\/02\/CRONOGRAMA-COG-261_02-1024x573.png 1024w, https:\/\/utap.edu.co\/sitio\/wp-content\/uploads\/2026\/02\/CRONOGRAMA-COG-261_02-768x430.png 768w, https:\/\/utap.edu.co\/sitio\/wp-content\/uploads\/2026\/02\/CRONOGRAMA-COG-261_02-1536x860.png 1536w, https:\/\/utap.edu.co\/sitio\/wp-content\/uploads\/2026\/02\/CRONOGRAMA-COG-261_02-2048x1146.png 2048w\" sizes=\"(max-width: 4288px) 100vw, 4288px\" \/><\/a>\n\t\t\t<\/div><\/figure><figure class='gallery-item'>\n\t\t\t<div class='gallery-icon landscape'>\n\t\t\t\t<a href='https:\/\/utap.edu.co\/sitio\/wp-content\/uploads\/2026\/02\/CRONOGRAMA-COG-261_03.png'><img width=\"4288\" height=\"2400\" src=\"https:\/\/utap.edu.co\/sitio\/wp-content\/uploads\/2026\/02\/CRONOGRAMA-COG-261_03.png\" class=\"attachment-full size-full\" alt=\"\" decoding=\"async\" loading=\"lazy\" srcset=\"https:\/\/utap.edu.co\/sitio\/wp-content\/uploads\/2026\/02\/CRONOGRAMA-COG-261_03.png 4288w, https:\/\/utap.edu.co\/sitio\/wp-content\/uploads\/2026\/02\/CRONOGRAMA-COG-261_03-1024x573.png 1024w, https:\/\/utap.edu.co\/sitio\/wp-content\/uploads\/2026\/02\/CRONOGRAMA-COG-261_03-768x430.png 768w, https:\/\/utap.edu.co\/sitio\/wp-content\/uploads\/2026\/02\/CRONOGRAMA-COG-261_03-1536x860.png 1536w, https:\/\/utap.edu.co\/sitio\/wp-content\/uploads\/2026\/02\/CRONOGRAMA-COG-261_03-2048x1146.png 2048w\" sizes=\"(max-width: 4288px) 100vw, 4288px\" \/><\/a>\n\t\t\t<\/div><\/figure><figure class='gallery-item'>\n\t\t\t<div class='gallery-icon landscape'>\n\t\t\t\t<a href='https:\/\/utap.edu.co\/sitio\/wp-content\/uploads\/2026\/02\/CRONOGRAMA-COG-261_04.png'><img width=\"4288\" height=\"2400\" src=\"https:\/\/utap.edu.co\/sitio\/wp-content\/uploads\/2026\/02\/CRONOGRAMA-COG-261_04.png\" class=\"attachment-full size-full\" alt=\"\" decoding=\"async\" loading=\"lazy\" srcset=\"https:\/\/utap.edu.co\/sitio\/wp-content\/uploads\/2026\/02\/CRONOGRAMA-COG-261_04.png 4288w, https:\/\/utap.edu.co\/sitio\/wp-content\/uploads\/2026\/02\/CRONOGRAMA-COG-261_04-1024x573.png 1024w, https:\/\/utap.edu.co\/sitio\/wp-content\/uploads\/2026\/02\/CRONOGRAMA-COG-261_04-768x430.png 768w, https:\/\/utap.edu.co\/sitio\/wp-content\/uploads\/2026\/02\/CRONOGRAMA-COG-261_04-1536x860.png 1536w, https:\/\/utap.edu.co\/sitio\/wp-content\/uploads\/2026\/02\/CRONOGRAMA-COG-261_04-2048x1146.png 2048w\" sizes=\"(max-width: 4288px) 100vw, 4288px\" \/><\/a>\n\t\t\t<\/div><\/figure>\n\t\t<\/div>\n<\/div><\/div><\/div><\/div>","protected":false},"excerpt":{"rendered":"<p>&nbsp; Opci\u00f3n de grado Si eres estudiante aspirante a matricular la Opci\u00f3n de grado y cumples con los requisitos, conoce las opciones que tenemos vigentes:<\/p>\n","protected":false},"author":1,"featured_media":0,"parent":0,"menu_order":0,"comment_status":"closed","ping_status":"closed","template":"","meta":{"_joinchat":[]},"wf_page_folders":[81],"yoast_head":"<!-- This site is optimized with the Yoast SEO plugin v21.1 - https:\/\/yoast.com\/wordpress\/plugins\/seo\/ -->\n<title>Opci\u00f3n de grado - UTAP<\/title>\n<meta name=\"description\" content=\"Consulta toda la informaci\u00f3n correspondiente a Opci\u00f3n de Grado y no te pierdas de ning\u00fan detalle. \u00a1La UTAP, tu mejor opci\u00f3n!\" \/>\n<meta name=\"robots\" content=\"index, follow, max-snippet:-1, max-image-preview:large, max-video-preview:-1\" \/>\n<link rel=\"canonical\" href=\"https:\/\/utap.edu.co\/sitio\/opcion-de-grado\/\" \/>\n<meta property=\"og:locale\" content=\"es_ES\" \/>\n<meta property=\"og:type\" content=\"article\" \/>\n<meta property=\"og:title\" content=\"Opci\u00f3n de grado - UTAP\" \/>\n<meta property=\"og:description\" content=\"Consulta toda la informaci\u00f3n correspondiente a Opci\u00f3n de Grado y no te pierdas de ning\u00fan detalle. \u00a1La UTAP, tu mejor opci\u00f3n!\" \/>\n<meta property=\"og:url\" content=\"https:\/\/utap.edu.co\/sitio\/opcion-de-grado\/\" \/>\n<meta property=\"og:site_name\" content=\"UTAP\" \/>\n<meta property=\"article:publisher\" content=\"https:\/\/www.facebook.com\/UTAPCALI\/\" \/>\n<meta property=\"article:modified_time\" content=\"2026-02-16T23:14:39+00:00\" \/>\n<meta name=\"twitter:card\" content=\"summary_large_image\" \/>\n<meta name=\"twitter:label1\" content=\"Tiempo de lectura\" \/>\n\t<meta name=\"twitter:data1\" content=\"1 minuto\" \/>\n<script type=\"application\/ld+json\" class=\"yoast-schema-graph\">{\"@context\":\"https:\/\/schema.org\",\"@graph\":[{\"@type\":\"WebPage\",\"@id\":\"https:\/\/utap.edu.co\/sitio\/opcion-de-grado\/\",\"url\":\"https:\/\/utap.edu.co\/sitio\/opcion-de-grado\/\",\"name\":\"Opci\u00f3n de grado - UTAP\",\"isPartOf\":{\"@id\":\"https:\/\/utap.edu.co\/sitio\/#website\"},\"datePublished\":\"2023-04-12T21:40:31+00:00\",\"dateModified\":\"2026-02-16T23:14:39+00:00\",\"description\":\"Consulta toda la informaci\u00f3n correspondiente a Opci\u00f3n de Grado y no te pierdas de ning\u00fan detalle. \u00a1La UTAP, tu mejor opci\u00f3n!\",\"breadcrumb\":{\"@id\":\"https:\/\/utap.edu.co\/sitio\/opcion-de-grado\/#breadcrumb\"},\"inLanguage\":\"es\",\"potentialAction\":[{\"@type\":\"ReadAction\",\"target\":[\"https:\/\/utap.edu.co\/sitio\/opcion-de-grado\/\"]}]},{\"@type\":\"BreadcrumbList\",\"@id\":\"https:\/\/utap.edu.co\/sitio\/opcion-de-grado\/#breadcrumb\",\"itemListElement\":[{\"@type\":\"ListItem\",\"position\":1,\"name\":\"Home\",\"item\":\"https:\/\/utap.edu.co\/sitio\/\"},{\"@type\":\"ListItem\",\"position\":2,\"name\":\"Opci\u00f3n de grado\"}]},{\"@type\":\"WebSite\",\"@id\":\"https:\/\/utap.edu.co\/sitio\/#website\",\"url\":\"https:\/\/utap.edu.co\/sitio\/\",\"name\":\"UTAP\",\"description\":\"Educaci\u00f3n Superior con Sentido Social\",\"publisher\":{\"@id\":\"https:\/\/utap.edu.co\/sitio\/#organization\"},\"potentialAction\":[{\"@type\":\"SearchAction\",\"target\":{\"@type\":\"EntryPoint\",\"urlTemplate\":\"https:\/\/utap.edu.co\/sitio\/?s={search_term_string}\"},\"query-input\":\"required name=search_term_string\"}],\"inLanguage\":\"es\"},{\"@type\":\"Organization\",\"@id\":\"https:\/\/utap.edu.co\/sitio\/#organization\",\"name\":\"Tecnol\u00f3gica Aut\u00f3noma del Pacifico\",\"url\":\"https:\/\/utap.edu.co\/sitio\/\",\"logo\":{\"@type\":\"ImageObject\",\"inLanguage\":\"es\",\"@id\":\"https:\/\/utap.edu.co\/sitio\/#\/schema\/logo\/image\/\",\"url\":\"https:\/\/utap.edu.co\/sitio\/wp-content\/uploads\/2023\/11\/Mesa-de-trabajo-1logo.png\",\"contentUrl\":\"https:\/\/utap.edu.co\/sitio\/wp-content\/uploads\/2023\/11\/Mesa-de-trabajo-1logo.png\",\"width\":401,\"height\":86,\"caption\":\"Tecnol\u00f3gica Aut\u00f3noma del Pacifico\"},\"image\":{\"@id\":\"https:\/\/utap.edu.co\/sitio\/#\/schema\/logo\/image\/\"},\"sameAs\":[\"https:\/\/www.facebook.com\/UTAPCALI\/\",\"https:\/\/www.instagram.com\/utapcali\/\",\"https:\/\/www.linkedin.com\/company\/tecnol\u00f3gica-aut\u00f3noma-del-pac\u00edfico\",\"https:\/\/www.youtube.com\/channel\/UCdh4_tECdrEEptoOuW_lo8Q\/\"]}]}<\/script>\n<!-- \/ Yoast SEO plugin. -->","yoast_head_json":{"title":"Opci\u00f3n de grado - UTAP","description":"Consulta toda la informaci\u00f3n correspondiente a Opci\u00f3n de Grado y no te pierdas de ning\u00fan detalle. \u00a1La UTAP, tu mejor opci\u00f3n!","robots":{"index":"index","follow":"follow","max-snippet":"max-snippet:-1","max-image-preview":"max-image-preview:large","max-video-preview":"max-video-preview:-1"},"canonical":"https:\/\/utap.edu.co\/sitio\/opcion-de-grado\/","og_locale":"es_ES","og_type":"article","og_title":"Opci\u00f3n de grado - UTAP","og_description":"Consulta toda la informaci\u00f3n correspondiente a Opci\u00f3n de Grado y no te pierdas de ning\u00fan detalle. \u00a1La UTAP, tu mejor opci\u00f3n!","og_url":"https:\/\/utap.edu.co\/sitio\/opcion-de-grado\/","og_site_name":"UTAP","article_publisher":"https:\/\/www.facebook.com\/UTAPCALI\/","article_modified_time":"2026-02-16T23:14:39+00:00","twitter_card":"summary_large_image","twitter_misc":{"Tiempo de lectura":"1 minuto"},"schema":{"@context":"https:\/\/schema.org","@graph":[{"@type":"WebPage","@id":"https:\/\/utap.edu.co\/sitio\/opcion-de-grado\/","url":"https:\/\/utap.edu.co\/sitio\/opcion-de-grado\/","name":"Opci\u00f3n de grado - UTAP","isPartOf":{"@id":"https:\/\/utap.edu.co\/sitio\/#website"},"datePublished":"2023-04-12T21:40:31+00:00","dateModified":"2026-02-16T23:14:39+00:00","description":"Consulta toda la informaci\u00f3n correspondiente a Opci\u00f3n de Grado y no te pierdas de ning\u00fan detalle. \u00a1La UTAP, tu mejor opci\u00f3n!","breadcrumb":{"@id":"https:\/\/utap.edu.co\/sitio\/opcion-de-grado\/#breadcrumb"},"inLanguage":"es","potentialAction":[{"@type":"ReadAction","target":["https:\/\/utap.edu.co\/sitio\/opcion-de-grado\/"]}]},{"@type":"BreadcrumbList","@id":"https:\/\/utap.edu.co\/sitio\/opcion-de-grado\/#breadcrumb","itemListElement":[{"@type":"ListItem","position":1,"name":"Home","item":"https:\/\/utap.edu.co\/sitio\/"},{"@type":"ListItem","position":2,"name":"Opci\u00f3n de grado"}]},{"@type":"WebSite","@id":"https:\/\/utap.edu.co\/sitio\/#website","url":"https:\/\/utap.edu.co\/sitio\/","name":"UTAP","description":"Educaci\u00f3n Superior con Sentido Social","publisher":{"@id":"https:\/\/utap.edu.co\/sitio\/#organization"},"potentialAction":[{"@type":"SearchAction","target":{"@type":"EntryPoint","urlTemplate":"https:\/\/utap.edu.co\/sitio\/?s={search_term_string}"},"query-input":"required name=search_term_string"}],"inLanguage":"es"},{"@type":"Organization","@id":"https:\/\/utap.edu.co\/sitio\/#organization","name":"Tecnol\u00f3gica Aut\u00f3noma del Pacifico","url":"https:\/\/utap.edu.co\/sitio\/","logo":{"@type":"ImageObject","inLanguage":"es","@id":"https:\/\/utap.edu.co\/sitio\/#\/schema\/logo\/image\/","url":"https:\/\/utap.edu.co\/sitio\/wp-content\/uploads\/2023\/11\/Mesa-de-trabajo-1logo.png","contentUrl":"https:\/\/utap.edu.co\/sitio\/wp-content\/uploads\/2023\/11\/Mesa-de-trabajo-1logo.png","width":401,"height":86,"caption":"Tecnol\u00f3gica Aut\u00f3noma del Pacifico"},"image":{"@id":"https:\/\/utap.edu.co\/sitio\/#\/schema\/logo\/image\/"},"sameAs":["https:\/\/www.facebook.com\/UTAPCALI\/","https:\/\/www.instagram.com\/utapcali\/","https:\/\/www.linkedin.com\/company\/tecnol\u00f3gica-aut\u00f3noma-del-pac\u00edfico","https:\/\/www.youtube.com\/channel\/UCdh4_tECdrEEptoOuW_lo8Q\/"]}]}},"_links":{"self":[{"href":"https:\/\/utap.edu.co\/sitio\/wp-json\/wp\/v2\/pages\/15656"}],"collection":[{"href":"https:\/\/utap.edu.co\/sitio\/wp-json\/wp\/v2\/pages"}],"about":[{"href":"https:\/\/utap.edu.co\/sitio\/wp-json\/wp\/v2\/types\/page"}],"author":[{"embeddable":true,"href":"https:\/\/utap.edu.co\/sitio\/wp-json\/wp\/v2\/users\/1"}],"replies":[{"embeddable":true,"href":"https:\/\/utap.edu.co\/sitio\/wp-json\/wp\/v2\/comments?post=15656"}],"version-history":[{"count":0,"href":"https:\/\/utap.edu.co\/sitio\/wp-json\/wp\/v2\/pages\/15656\/revisions"}],"wp:attachment":[{"href":"https:\/\/utap.edu.co\/sitio\/wp-json\/wp\/v2\/media?parent=15656"}],"wp:term":[{"taxonomy":"wf_page_folders","embeddable":true,"href":"https:\/\/utap.edu.co\/sitio\/wp-json\/wp\/v2\/wf_page_folders?post=15656"}],"curies":[{"name":"wp","href":"https:\/\/api.w.org\/{rel}","templated":true}]}}