{"id":15422,"date":"2023-03-08T16:54:56","date_gmt":"2023-03-08T21:54:56","guid":{"rendered":"https:\/\/utap.edu.co\/sitio\/?page_id=15422"},"modified":"2024-03-19T15:55:22","modified_gmt":"2024-03-19T20:55:22","slug":"red-de-egresados","status":"publish","type":"page","link":"https:\/\/utap.edu.co\/sitio\/red-de-egresados\/","title":{"rendered":"Red de Egresados"},"content":{"rendered":"<div id=\"pl-15422\"  class=\"panel-layout\" ><div id=\"pg-15422-0\"  class=\"panel-grid panel-no-style\" ><div id=\"pgc-15422-0-0\"  class=\"panel-grid-cell\" ><div id=\"panel-15422-0-0-0\" class=\"so-panel widget widget_sow-image panel-first-child panel-last-child\" data-index=\"0\" ><div\n\t\t\t\n\t\t\tclass=\"so-widget-sow-image so-widget-sow-image-default-dbf295114b96-15422\"\n\t\t\t\n\t\t>\n<div class=\"sow-image-container\">\n\t\t<img \n\tsrc=\"https:\/\/utap.edu.co\/sitio\/wp-content\/uploads\/2023\/03\/banner-red-de-egresados.png\" width=\"1500\" height=\"579\" srcset=\"https:\/\/utap.edu.co\/sitio\/wp-content\/uploads\/2023\/03\/banner-red-de-egresados.png 1500w, https:\/\/utap.edu.co\/sitio\/wp-content\/uploads\/2023\/03\/banner-red-de-egresados-1024x395.png 1024w, https:\/\/utap.edu.co\/sitio\/wp-content\/uploads\/2023\/03\/banner-red-de-egresados-768x296.png 768w\" sizes=\"(max-width: 1500px) 100vw, 1500px\" title=\"banner red de egresados\" alt=\"\" loading=\"lazy\" \t\tclass=\"so-widget-image\"\/>\n\t<\/div>\n\n<\/div><\/div><\/div><\/div><div id=\"pg-15422-1\"  class=\"panel-grid panel-has-style\" ><div class=\"siteorigin-panels-stretch panel-row-style panel-row-style-for-15422-1\" data-stretch-type=\"full\" ><div id=\"pgc-15422-1-0\"  class=\"panel-grid-cell\" ><div id=\"panel-15422-1-0-0\" class=\"widget_text so-panel widget widget_custom_html panel-first-child panel-last-child\" data-index=\"1\" ><div class=\"textwidget custom-html-widget\">      <div id=\"post-grid-lazy-15425\" class=\"post-grid-lazy\"><img alt=\"\" src=\"\" \/><\/div>\n    <script>\n      jQuery('#post-grid-lazy-15425').ready(function($) {\n        $('#post-grid-lazy-15425').fadeOut();\n        $('#post-grid-15425   ').fadeIn();\n      })\n    <\/script>\n    <style type=\"text\/css\">\n      #post-grid-15425 {\n        display: none;\n      }\n\n      .post-grid-lazy {\n        text-align: center;\n      }\n    <\/style>\n    <div data-options='{&quot;id&quot;:&quot;15425&quot;,&quot;lazy_load&quot;:&quot;yes&quot;,&quot;masonry_enable&quot;:&quot;no&quot;,&quot;view_type&quot;:&quot;grid&quot;}' id=\"post-grid-15425\" class=\"post-grid grid\">\n    \n\n\n    <div class=\"grid-items\">\n      <div class=\"item item-15459 skin flat even 0 \">\n        <div class=\"layer-wrapper layout-\">\n        <div class=\"layer-media\"><\/div>\n  <div class=\"layer-content\">\n        <div\r\n        class=\"element element_0  element-media \">\r\n        <a target=\"_self\" href=\"https:\/\/utap.edu.co\/sitio\/fiestacali\/\" rel=\"noopener\"><img width=\"727\" height=\"205\" src=\"https:\/\/utap.edu.co\/sitio\/wp-content\/uploads\/2023\/03\/LOFO-FIESTACALI-Diana-Cristina-Acosta-Martinez.png\" class=\"attachment-large size-large wp-post-image\" alt=\"\" loading=\"lazy\" \/><\/a>    <\/div>\r\n    <div class=\"element element_1  title_link \">\r\n                    <a target=\"\" href=\"https:\/\/utap.edu.co\/sitio\/fiestacali\/\" rel=\"noopener\">FIESTACALI<\/a>\r\n            <\/div>\r\n    <div class=\"element element_2  excerpt \">\r\n        FIESTACALI Somos comercializadores de art\u00edculos para decoraci\u00f3n de fiestas , variedad de globos , bases , cortinas , serpentinas, etc.            <\/div>\r\n            <a class=\"element element_3  read_more \" target=\"\" href=\"https:\/\/utap.edu.co\/sitio\/fiestacali\/\" rel=\"noopener\"><\/a>\r\n      <\/div>\n    <\/div>\n  <\/div><div class=\"item item-15428 skin flat odd 1 \">\n        <div class=\"layer-wrapper layout-\">\n        <div class=\"layer-media\"><\/div>\n  <div class=\"layer-content\">\n        <div\r\n        class=\"element element_0  element-media \">\r\n        <a target=\"_self\" href=\"https:\/\/utap.edu.co\/sitio\/csytion-technology\/\" rel=\"noopener\"><img width=\"720\" height=\"706\" src=\"https:\/\/utap.edu.co\/sitio\/wp-content\/uploads\/2023\/03\/Screenshot_20210804-150957-Daniel-Alejandro-Mejia-Cabrera.png\" class=\"attachment-large size-large wp-post-image\" alt=\"\" loading=\"lazy\" \/><\/a>    <\/div>\r\n    <div class=\"element element_1  title_link \">\r\n                    <a target=\"\" href=\"https:\/\/utap.edu.co\/sitio\/csytion-technology\/\" rel=\"noopener\">Csytion Technology<\/a>\r\n            <\/div>\r\n    <div class=\"element element_2  excerpt \">\r\n        Csytion Technology Te ayudamos a obtener la mejor soluci\u00f3n tecnol\u00f3gica para ti o para tu empresa. &nbsp; Contacto: Daniel Mej\u00eda            <\/div>\r\n            <a class=\"element element_3  read_more \" target=\"\" href=\"https:\/\/utap.edu.co\/sitio\/csytion-technology\/\" rel=\"noopener\"><\/a>\r\n      <\/div>\n    <\/div>\n  <\/div><div class=\"item item-15447 skin flat even 2 \">\n        <div class=\"layer-wrapper layout-\">\n        <div class=\"layer-media\"><\/div>\n  <div class=\"layer-content\">\n        <div\r\n        class=\"element element_0  element-media \">\r\n        <a target=\"_self\" href=\"https:\/\/utap.edu.co\/sitio\/biomaxter\/\" rel=\"noopener\"><img width=\"843\" height=\"711\" src=\"https:\/\/utap.edu.co\/sitio\/wp-content\/uploads\/2023\/03\/WhatsApp-Image-2022-05-03-at-4.52.18-PM-Cesar-Augusto-Arango-Betancourth-1024x864.jpeg\" class=\"attachment-large size-large wp-post-image\" alt=\"\" loading=\"lazy\" \/><\/a>    <\/div>\r\n    <div class=\"element element_1  title_link \">\r\n                    <a target=\"\" href=\"https:\/\/utap.edu.co\/sitio\/biomaxter\/\" rel=\"noopener\">Biomaxter<\/a>\r\n            <\/div>\r\n    <div class=\"element element_2  excerpt \">\r\n        Biomaxter Empresa de bioseguridad dedicada a desinfectar empresas, hogares, oficinas y veh\u00edculos contra todo tipo de virus y bacterias con            <\/div>\r\n            <a class=\"element element_3  read_more \" target=\"\" href=\"https:\/\/utap.edu.co\/sitio\/biomaxter\/\" rel=\"noopener\"><\/a>\r\n      <\/div>\n    <\/div>\n  <\/div><div class=\"item item-15453 skin flat odd 3 \">\n        <div class=\"layer-wrapper layout-\">\n        <div class=\"layer-media\"><\/div>\n  <div class=\"layer-content\">\n        <div\r\n        class=\"element element_0  element-media \">\r\n        <a target=\"_self\" href=\"https:\/\/utap.edu.co\/sitio\/surprise-love\/\" rel=\"noopener\"><img width=\"600\" height=\"600\" src=\"https:\/\/utap.edu.co\/sitio\/wp-content\/uploads\/2023\/03\/surprise-love-logo-Angelica-Hurtado-Fonseca.jpg\" class=\"attachment-large size-large wp-post-image\" alt=\"\" loading=\"lazy\" \/><\/a>    <\/div>\r\n    <div class=\"element element_1  title_link \">\r\n                    <a target=\"\" href=\"https:\/\/utap.edu.co\/sitio\/surprise-love\/\" rel=\"noopener\">Surprise Love<\/a>\r\n            <\/div>\r\n    <div class=\"element element_2  excerpt \">\r\n        Surprise Love Estampado de art\u00edculos &nbsp; Contacto: Ang\u00e9lica Hurtado surpriselove13@outlook.com            <\/div>\r\n            <a class=\"element element_3  read_more \" target=\"\" href=\"https:\/\/utap.edu.co\/sitio\/surprise-love\/\" rel=\"noopener\"><\/a>\r\n      <\/div>\n    <\/div>\n  <\/div>    <\/div>\n        <script>\n          <\/script>\n    <style type=\"text\/css\">\n    #post-grid-15425 .element_0 {\n      display: block;font-size: 21px;line-height: normal;padding: 5px 10px;text-align: left; text-decoration: none;    }\n\n    #post-grid-15425 .element_1 {\n      display: block;font-size: 21px;line-height: normal;padding: 5px 10px;text-align: left; text-decoration: none;    }\n\n    #post-grid-15425 .element_2 {\n      display: block;font-size: 14px;padding: 5px 10px;text-align: left;    }\n\n    #post-grid-15425 .element_3 {\n      display: block;font-size: 12px;font-weight: bold;padding: 0 10px;text-align: left;text-decoration: none;    }\n\n    #post-grid-15425 .element_0:hover{}#post-grid-15425 .element_1:hover{}#post-grid-15425 .element_2:hover{}#post-grid-15425 .element_3:hover{}  <\/style>\n  <style type=\"text\/css\">\n    #post-grid-15425 {\n      padding: 10px;\n          }\n\n    #post-grid-15425 .item {\n      padding: 0px;\n      background: #fff;\n          }\n\n    #post-grid-15425 .item .layer-media {\n      height:auto;    }\n\n    @media only screen and (min-width: 0px) and (max-width: 767px) {\n      #post-grid-15425 .grid-items {\n        display: grid;\n        grid-template-columns: 1fr ;\n        column-gap: 20px;\n        row-gap: 20px;\n              }\n\n      #post-grid-15425 .item {\n        width: 1;\n        margin: 20px;\n        display: inline-block;\n        vertical-align: top;\n        height:auto;      }\n    }\n\n    @media only screen and (min-width: 768px) and (max-width: 1023px) {\n      #post-grid-15425 .grid-items {\n        display: grid;\n        grid-template-columns: 1fr 1fr ;\n        column-gap: 20px;\n        row-gap: 20px;\n              }\n\n      #post-grid-15425 .item {\n        width: 2;\n        margin: 20px;\n        display: inline-block;\n        vertical-align: top;\n        max-height:auto;      }\n    }\n\n    @media only screen and (min-width: 1024px) {\n      #post-grid-15425 .grid-items {\n        text-align: center;\n              }\n\n      #post-grid-15425 .item {\n        width: 75%;\n        display: inline-block;\n        margin: 20px;\n        vertical-align: top;\n        height:auto;      }\n    }\n\n      <\/style>\n  <\/div>\n<\/div><\/div><\/div><\/div><\/div><\/div>","protected":false},"excerpt":{"rendered":"<p>FIESTACALI FIESTACALI Somos comercializadores de art\u00edculos para decoraci\u00f3n de fiestas , variedad de globos , bases , cortinas , serpentinas, etc. Csytion Technology Csytion Technology&hellip;<\/p>\n","protected":false},"author":1,"featured_media":0,"parent":0,"menu_order":0,"comment_status":"closed","ping_status":"closed","template":"","meta":{"_joinchat":[]},"wf_page_folders":[83],"yoast_head":"<!-- This site is optimized with the Yoast SEO plugin v21.1 - https:\/\/yoast.com\/wordpress\/plugins\/seo\/ -->\n<title>Red de Egresados - UTAP<\/title>\n<meta name=\"robots\" content=\"index, follow, max-snippet:-1, max-image-preview:large, max-video-preview:-1\" \/>\n<link rel=\"canonical\" href=\"https:\/\/utap.edu.co\/sitio\/red-de-egresados\/\" \/>\n<meta property=\"og:locale\" content=\"es_ES\" \/>\n<meta property=\"og:type\" content=\"article\" \/>\n<meta property=\"og:title\" content=\"Red de Egresados - UTAP\" \/>\n<meta property=\"og:description\" content=\"FIESTACALI FIESTACALI Somos comercializadores de art\u00edculos para decoraci\u00f3n de fiestas , variedad de globos , bases , cortinas , serpentinas, etc. Csytion Technology Csytion Technology&hellip;\" \/>\n<meta property=\"og:url\" content=\"https:\/\/utap.edu.co\/sitio\/red-de-egresados\/\" \/>\n<meta property=\"og:site_name\" content=\"UTAP\" \/>\n<meta property=\"article:publisher\" content=\"https:\/\/www.facebook.com\/UTAPCALI\/\" \/>\n<meta property=\"article:modified_time\" content=\"2024-03-19T20:55:22+00:00\" \/>\n<meta name=\"twitter:card\" content=\"summary_large_image\" \/>\n<script type=\"application\/ld+json\" class=\"yoast-schema-graph\">{\"@context\":\"https:\/\/schema.org\",\"@graph\":[{\"@type\":\"WebPage\",\"@id\":\"https:\/\/utap.edu.co\/sitio\/red-de-egresados\/\",\"url\":\"https:\/\/utap.edu.co\/sitio\/red-de-egresados\/\",\"name\":\"Red de Egresados - UTAP\",\"isPartOf\":{\"@id\":\"https:\/\/utap.edu.co\/sitio\/#website\"},\"datePublished\":\"2023-03-08T21:54:56+00:00\",\"dateModified\":\"2024-03-19T20:55:22+00:00\",\"breadcrumb\":{\"@id\":\"https:\/\/utap.edu.co\/sitio\/red-de-egresados\/#breadcrumb\"},\"inLanguage\":\"es\",\"potentialAction\":[{\"@type\":\"ReadAction\",\"target\":[\"https:\/\/utap.edu.co\/sitio\/red-de-egresados\/\"]}]},{\"@type\":\"BreadcrumbList\",\"@id\":\"https:\/\/utap.edu.co\/sitio\/red-de-egresados\/#breadcrumb\",\"itemListElement\":[{\"@type\":\"ListItem\",\"position\":1,\"name\":\"Home\",\"item\":\"https:\/\/utap.edu.co\/sitio\/\"},{\"@type\":\"ListItem\",\"position\":2,\"name\":\"Red de Egresados\"}]},{\"@type\":\"WebSite\",\"@id\":\"https:\/\/utap.edu.co\/sitio\/#website\",\"url\":\"https:\/\/utap.edu.co\/sitio\/\",\"name\":\"UTAP\",\"description\":\"Educaci\u00f3n Superior con Sentido Social\",\"publisher\":{\"@id\":\"https:\/\/utap.edu.co\/sitio\/#organization\"},\"potentialAction\":[{\"@type\":\"SearchAction\",\"target\":{\"@type\":\"EntryPoint\",\"urlTemplate\":\"https:\/\/utap.edu.co\/sitio\/?s={search_term_string}\"},\"query-input\":\"required name=search_term_string\"}],\"inLanguage\":\"es\"},{\"@type\":\"Organization\",\"@id\":\"https:\/\/utap.edu.co\/sitio\/#organization\",\"name\":\"Tecnol\u00f3gica Aut\u00f3noma del Pacifico\",\"url\":\"https:\/\/utap.edu.co\/sitio\/\",\"logo\":{\"@type\":\"ImageObject\",\"inLanguage\":\"es\",\"@id\":\"https:\/\/utap.edu.co\/sitio\/#\/schema\/logo\/image\/\",\"url\":\"https:\/\/utap.edu.co\/sitio\/wp-content\/uploads\/2023\/11\/Mesa-de-trabajo-1logo.png\",\"contentUrl\":\"https:\/\/utap.edu.co\/sitio\/wp-content\/uploads\/2023\/11\/Mesa-de-trabajo-1logo.png\",\"width\":401,\"height\":86,\"caption\":\"Tecnol\u00f3gica Aut\u00f3noma del Pacifico\"},\"image\":{\"@id\":\"https:\/\/utap.edu.co\/sitio\/#\/schema\/logo\/image\/\"},\"sameAs\":[\"https:\/\/www.facebook.com\/UTAPCALI\/\",\"https:\/\/www.instagram.com\/utapcali\/\",\"https:\/\/www.linkedin.com\/company\/tecnol\u00f3gica-aut\u00f3noma-del-pac\u00edfico\",\"https:\/\/www.youtube.com\/channel\/UCdh4_tECdrEEptoOuW_lo8Q\/\"]}]}<\/script>\n<!-- \/ Yoast SEO plugin. -->","yoast_head_json":{"title":"Red de Egresados - UTAP","robots":{"index":"index","follow":"follow","max-snippet":"max-snippet:-1","max-image-preview":"max-image-preview:large","max-video-preview":"max-video-preview:-1"},"canonical":"https:\/\/utap.edu.co\/sitio\/red-de-egresados\/","og_locale":"es_ES","og_type":"article","og_title":"Red de Egresados - UTAP","og_description":"FIESTACALI FIESTACALI Somos comercializadores de art\u00edculos para decoraci\u00f3n de fiestas , variedad de globos , bases , cortinas , serpentinas, etc. Csytion Technology Csytion Technology&hellip;","og_url":"https:\/\/utap.edu.co\/sitio\/red-de-egresados\/","og_site_name":"UTAP","article_publisher":"https:\/\/www.facebook.com\/UTAPCALI\/","article_modified_time":"2024-03-19T20:55:22+00:00","twitter_card":"summary_large_image","schema":{"@context":"https:\/\/schema.org","@graph":[{"@type":"WebPage","@id":"https:\/\/utap.edu.co\/sitio\/red-de-egresados\/","url":"https:\/\/utap.edu.co\/sitio\/red-de-egresados\/","name":"Red de Egresados - UTAP","isPartOf":{"@id":"https:\/\/utap.edu.co\/sitio\/#website"},"datePublished":"2023-03-08T21:54:56+00:00","dateModified":"2024-03-19T20:55:22+00:00","breadcrumb":{"@id":"https:\/\/utap.edu.co\/sitio\/red-de-egresados\/#breadcrumb"},"inLanguage":"es","potentialAction":[{"@type":"ReadAction","target":["https:\/\/utap.edu.co\/sitio\/red-de-egresados\/"]}]},{"@type":"BreadcrumbList","@id":"https:\/\/utap.edu.co\/sitio\/red-de-egresados\/#breadcrumb","itemListElement":[{"@type":"ListItem","position":1,"name":"Home","item":"https:\/\/utap.edu.co\/sitio\/"},{"@type":"ListItem","position":2,"name":"Red de Egresados"}]},{"@type":"WebSite","@id":"https:\/\/utap.edu.co\/sitio\/#website","url":"https:\/\/utap.edu.co\/sitio\/","name":"UTAP","description":"Educaci\u00f3n Superior con Sentido Social","publisher":{"@id":"https:\/\/utap.edu.co\/sitio\/#organization"},"potentialAction":[{"@type":"SearchAction","target":{"@type":"EntryPoint","urlTemplate":"https:\/\/utap.edu.co\/sitio\/?s={search_term_string}"},"query-input":"required name=search_term_string"}],"inLanguage":"es"},{"@type":"Organization","@id":"https:\/\/utap.edu.co\/sitio\/#organization","name":"Tecnol\u00f3gica Aut\u00f3noma del Pacifico","url":"https:\/\/utap.edu.co\/sitio\/","logo":{"@type":"ImageObject","inLanguage":"es","@id":"https:\/\/utap.edu.co\/sitio\/#\/schema\/logo\/image\/","url":"https:\/\/utap.edu.co\/sitio\/wp-content\/uploads\/2023\/11\/Mesa-de-trabajo-1logo.png","contentUrl":"https:\/\/utap.edu.co\/sitio\/wp-content\/uploads\/2023\/11\/Mesa-de-trabajo-1logo.png","width":401,"height":86,"caption":"Tecnol\u00f3gica Aut\u00f3noma del Pacifico"},"image":{"@id":"https:\/\/utap.edu.co\/sitio\/#\/schema\/logo\/image\/"},"sameAs":["https:\/\/www.facebook.com\/UTAPCALI\/","https:\/\/www.instagram.com\/utapcali\/","https:\/\/www.linkedin.com\/company\/tecnol\u00f3gica-aut\u00f3noma-del-pac\u00edfico","https:\/\/www.youtube.com\/channel\/UCdh4_tECdrEEptoOuW_lo8Q\/"]}]}},"_links":{"self":[{"href":"https:\/\/utap.edu.co\/sitio\/wp-json\/wp\/v2\/pages\/15422"}],"collection":[{"href":"https:\/\/utap.edu.co\/sitio\/wp-json\/wp\/v2\/pages"}],"about":[{"href":"https:\/\/utap.edu.co\/sitio\/wp-json\/wp\/v2\/types\/page"}],"author":[{"embeddable":true,"href":"https:\/\/utap.edu.co\/sitio\/wp-json\/wp\/v2\/users\/1"}],"replies":[{"embeddable":true,"href":"https:\/\/utap.edu.co\/sitio\/wp-json\/wp\/v2\/comments?post=15422"}],"version-history":[{"count":0,"href":"https:\/\/utap.edu.co\/sitio\/wp-json\/wp\/v2\/pages\/15422\/revisions"}],"wp:attachment":[{"href":"https:\/\/utap.edu.co\/sitio\/wp-json\/wp\/v2\/media?parent=15422"}],"wp:term":[{"taxonomy":"wf_page_folders","embeddable":true,"href":"https:\/\/utap.edu.co\/sitio\/wp-json\/wp\/v2\/wf_page_folders?post=15422"}],"curies":[{"name":"wp","href":"https:\/\/api.w.org\/{rel}","templated":true}]}}