{"id":12614,"date":"2022-03-18T16:20:37","date_gmt":"2022-03-18T21:20:37","guid":{"rendered":"https:\/\/utap.edu.co\/sitio\/?page_id=12614"},"modified":"2022-03-18T16:31:33","modified_gmt":"2022-03-18T21:31:33","slug":"politicas-de-sg-sst","status":"publish","type":"page","link":"https:\/\/utap.edu.co\/sitio\/politicas-de-sg-sst\/","title":{"rendered":"Pol\u00edticas de SG-SST"},"content":{"rendered":"<div id=\"pl-gb12614-69d5c4933c5b7\"  class=\"panel-layout\" ><div id=\"pg-gb12614-69d5c4933c5b7-0\"  class=\"panel-grid panel-no-style\" ><div id=\"pgc-gb12614-69d5c4933c5b7-0-0\"  class=\"panel-grid-cell\" ><div id=\"panel-gb12614-69d5c4933c5b7-0-0-0\" class=\"so-panel widget widget_sow-image panel-first-child\" data-index=\"0\" ><div\n\t\t\t\n\t\t\tclass=\"so-widget-sow-image so-widget-sow-image-default-c4f6304fc136-12614\"\n\t\t\t\n\t\t>\n<div class=\"sow-image-container\">\n\t\t<img \n\tsrc=\"https:\/\/utap.edu.co\/sitio\/wp-content\/uploads\/2022\/03\/BANNER-POLITICAS.jpg\" width=\"1635\" height=\"512\" srcset=\"https:\/\/utap.edu.co\/sitio\/wp-content\/uploads\/2022\/03\/BANNER-POLITICAS.jpg 1635w, https:\/\/utap.edu.co\/sitio\/wp-content\/uploads\/2022\/03\/BANNER-POLITICAS-1024x321.jpg 1024w, https:\/\/utap.edu.co\/sitio\/wp-content\/uploads\/2022\/03\/BANNER-POLITICAS-768x240.jpg 768w, https:\/\/utap.edu.co\/sitio\/wp-content\/uploads\/2022\/03\/BANNER-POLITICAS-1536x481.jpg 1536w\" sizes=\"(max-width: 1635px) 100vw, 1635px\" alt=\"\" loading=\"lazy\" \t\tclass=\"so-widget-image\"\/>\n\t<\/div>\n\n<\/div><\/div><div id=\"panel-gb12614-69d5c4933c5b7-0-0-1\" class=\"so-panel widget widget_text panel-last-child\" data-index=\"1\" >\t\t\t<div class=\"textwidget\"><ul>\n<li><a href=\"https:\/\/utap.edu.co\/sitio\/politica-de-sst\/\">Pol\u00edtica de SG-SST<\/a><\/li>\n<li><a href=\"https:\/\/utap.edu.co\/sitio\/politica-de-prevencion-al-riesgo-psicosocial\/\">Pol\u00edtica de prevenci\u00f3n al riesgo Psicosocial<\/a><\/li>\n<li><a href=\"https:\/\/utap.edu.co\/sitio\/politica-de-prevencion-al-consumo-de-alcohol-drogas-y-tabaquismo\/\">Pol\u00edtica de prevenci\u00f3n al consumo de alcohol, drogas y tabaquismo<\/a><\/li>\n<li><a href=\"https:\/\/utap.edu.co\/sitio\/politica-de-preparacion-y-respuesta-ante-emergencias\/\">Pol\u00edticas de preparaci\u00f3n y respuesta ante emergencias<\/a><\/li>\n<\/ul>\n<\/div>\n\t\t<\/div><\/div><\/div><\/div>\n\n\n<p><\/p>\n","protected":false},"excerpt":{"rendered":"<p>Pol\u00edtica de SG-SST Pol\u00edtica de prevenci\u00f3n al riesgo Psicosocial Pol\u00edtica de prevenci\u00f3n al consumo de alcohol, drogas y tabaquismo Pol\u00edticas de preparaci\u00f3n y respuesta ante&hellip;<\/p>\n","protected":false},"author":1,"featured_media":0,"parent":0,"menu_order":0,"comment_status":"closed","ping_status":"closed","template":"","meta":{"_joinchat":[]},"wf_page_folders":[],"yoast_head":"<!-- This site is optimized with the Yoast SEO plugin v21.1 - https:\/\/yoast.com\/wordpress\/plugins\/seo\/ -->\n<title>Pol\u00edticas de SG-SST - UTAP<\/title>\n<meta name=\"robots\" content=\"index, follow, max-snippet:-1, max-image-preview:large, max-video-preview:-1\" \/>\n<link rel=\"canonical\" href=\"https:\/\/utap.edu.co\/sitio\/politicas-de-sg-sst\/\" \/>\n<meta property=\"og:locale\" content=\"es_ES\" \/>\n<meta property=\"og:type\" content=\"article\" \/>\n<meta property=\"og:title\" content=\"Pol\u00edticas de SG-SST - UTAP\" \/>\n<meta property=\"og:description\" content=\"Pol\u00edtica de SG-SST Pol\u00edtica de prevenci\u00f3n al riesgo Psicosocial Pol\u00edtica de prevenci\u00f3n al consumo de alcohol, drogas y tabaquismo Pol\u00edticas de preparaci\u00f3n y respuesta ante&hellip;\" \/>\n<meta property=\"og:url\" content=\"https:\/\/utap.edu.co\/sitio\/politicas-de-sg-sst\/\" \/>\n<meta property=\"og:site_name\" content=\"UTAP\" \/>\n<meta property=\"article:publisher\" content=\"https:\/\/www.facebook.com\/UTAPCALI\/\" \/>\n<meta property=\"article:modified_time\" content=\"2022-03-18T21:31:33+00:00\" \/>\n<meta property=\"og:image\" content=\"https:\/\/utap.edu.co\/sitio\/wp-content\/uploads\/2022\/03\/BANNER-POLITICAS.jpg\" \/>\n<meta name=\"twitter:card\" content=\"summary_large_image\" \/>\n<meta name=\"twitter:label1\" content=\"Tiempo de lectura\" \/>\n\t<meta name=\"twitter:data1\" content=\"1 minuto\" \/>\n<script type=\"application\/ld+json\" class=\"yoast-schema-graph\">{\"@context\":\"https:\/\/schema.org\",\"@graph\":[{\"@type\":\"WebPage\",\"@id\":\"https:\/\/utap.edu.co\/sitio\/politicas-de-sg-sst\/\",\"url\":\"https:\/\/utap.edu.co\/sitio\/politicas-de-sg-sst\/\",\"name\":\"Pol\u00edticas de SG-SST - UTAP\",\"isPartOf\":{\"@id\":\"https:\/\/utap.edu.co\/sitio\/#website\"},\"datePublished\":\"2022-03-18T21:20:37+00:00\",\"dateModified\":\"2022-03-18T21:31:33+00:00\",\"breadcrumb\":{\"@id\":\"https:\/\/utap.edu.co\/sitio\/politicas-de-sg-sst\/#breadcrumb\"},\"inLanguage\":\"es\",\"potentialAction\":[{\"@type\":\"ReadAction\",\"target\":[\"https:\/\/utap.edu.co\/sitio\/politicas-de-sg-sst\/\"]}]},{\"@type\":\"BreadcrumbList\",\"@id\":\"https:\/\/utap.edu.co\/sitio\/politicas-de-sg-sst\/#breadcrumb\",\"itemListElement\":[{\"@type\":\"ListItem\",\"position\":1,\"name\":\"Home\",\"item\":\"https:\/\/utap.edu.co\/sitio\/\"},{\"@type\":\"ListItem\",\"position\":2,\"name\":\"Pol\u00edticas de SG-SST\"}]},{\"@type\":\"WebSite\",\"@id\":\"https:\/\/utap.edu.co\/sitio\/#website\",\"url\":\"https:\/\/utap.edu.co\/sitio\/\",\"name\":\"UTAP\",\"description\":\"Educaci\u00f3n Superior con Sentido Social\",\"publisher\":{\"@id\":\"https:\/\/utap.edu.co\/sitio\/#organization\"},\"potentialAction\":[{\"@type\":\"SearchAction\",\"target\":{\"@type\":\"EntryPoint\",\"urlTemplate\":\"https:\/\/utap.edu.co\/sitio\/?s={search_term_string}\"},\"query-input\":\"required name=search_term_string\"}],\"inLanguage\":\"es\"},{\"@type\":\"Organization\",\"@id\":\"https:\/\/utap.edu.co\/sitio\/#organization\",\"name\":\"Tecnol\u00f3gica Aut\u00f3noma del Pacifico\",\"url\":\"https:\/\/utap.edu.co\/sitio\/\",\"logo\":{\"@type\":\"ImageObject\",\"inLanguage\":\"es\",\"@id\":\"https:\/\/utap.edu.co\/sitio\/#\/schema\/logo\/image\/\",\"url\":\"https:\/\/utap.edu.co\/sitio\/wp-content\/uploads\/2023\/11\/Mesa-de-trabajo-1logo.png\",\"contentUrl\":\"https:\/\/utap.edu.co\/sitio\/wp-content\/uploads\/2023\/11\/Mesa-de-trabajo-1logo.png\",\"width\":401,\"height\":86,\"caption\":\"Tecnol\u00f3gica Aut\u00f3noma del Pacifico\"},\"image\":{\"@id\":\"https:\/\/utap.edu.co\/sitio\/#\/schema\/logo\/image\/\"},\"sameAs\":[\"https:\/\/www.facebook.com\/UTAPCALI\/\",\"https:\/\/www.instagram.com\/utapcali\/\",\"https:\/\/www.linkedin.com\/company\/tecnol\u00f3gica-aut\u00f3noma-del-pac\u00edfico\",\"https:\/\/www.youtube.com\/channel\/UCdh4_tECdrEEptoOuW_lo8Q\/\"]}]}<\/script>\n<!-- \/ Yoast SEO plugin. -->","yoast_head_json":{"title":"Pol\u00edticas de SG-SST - UTAP","robots":{"index":"index","follow":"follow","max-snippet":"max-snippet:-1","max-image-preview":"max-image-preview:large","max-video-preview":"max-video-preview:-1"},"canonical":"https:\/\/utap.edu.co\/sitio\/politicas-de-sg-sst\/","og_locale":"es_ES","og_type":"article","og_title":"Pol\u00edticas de SG-SST - UTAP","og_description":"Pol\u00edtica de SG-SST Pol\u00edtica de prevenci\u00f3n al riesgo Psicosocial Pol\u00edtica de prevenci\u00f3n al consumo de alcohol, drogas y tabaquismo Pol\u00edticas de preparaci\u00f3n y respuesta ante&hellip;","og_url":"https:\/\/utap.edu.co\/sitio\/politicas-de-sg-sst\/","og_site_name":"UTAP","article_publisher":"https:\/\/www.facebook.com\/UTAPCALI\/","article_modified_time":"2022-03-18T21:31:33+00:00","og_image":[{"url":"https:\/\/utap.edu.co\/sitio\/wp-content\/uploads\/2022\/03\/BANNER-POLITICAS.jpg"}],"twitter_card":"summary_large_image","twitter_misc":{"Tiempo de lectura":"1 minuto"},"schema":{"@context":"https:\/\/schema.org","@graph":[{"@type":"WebPage","@id":"https:\/\/utap.edu.co\/sitio\/politicas-de-sg-sst\/","url":"https:\/\/utap.edu.co\/sitio\/politicas-de-sg-sst\/","name":"Pol\u00edticas de SG-SST - UTAP","isPartOf":{"@id":"https:\/\/utap.edu.co\/sitio\/#website"},"datePublished":"2022-03-18T21:20:37+00:00","dateModified":"2022-03-18T21:31:33+00:00","breadcrumb":{"@id":"https:\/\/utap.edu.co\/sitio\/politicas-de-sg-sst\/#breadcrumb"},"inLanguage":"es","potentialAction":[{"@type":"ReadAction","target":["https:\/\/utap.edu.co\/sitio\/politicas-de-sg-sst\/"]}]},{"@type":"BreadcrumbList","@id":"https:\/\/utap.edu.co\/sitio\/politicas-de-sg-sst\/#breadcrumb","itemListElement":[{"@type":"ListItem","position":1,"name":"Home","item":"https:\/\/utap.edu.co\/sitio\/"},{"@type":"ListItem","position":2,"name":"Pol\u00edticas de SG-SST"}]},{"@type":"WebSite","@id":"https:\/\/utap.edu.co\/sitio\/#website","url":"https:\/\/utap.edu.co\/sitio\/","name":"UTAP","description":"Educaci\u00f3n Superior con Sentido Social","publisher":{"@id":"https:\/\/utap.edu.co\/sitio\/#organization"},"potentialAction":[{"@type":"SearchAction","target":{"@type":"EntryPoint","urlTemplate":"https:\/\/utap.edu.co\/sitio\/?s={search_term_string}"},"query-input":"required name=search_term_string"}],"inLanguage":"es"},{"@type":"Organization","@id":"https:\/\/utap.edu.co\/sitio\/#organization","name":"Tecnol\u00f3gica Aut\u00f3noma del Pacifico","url":"https:\/\/utap.edu.co\/sitio\/","logo":{"@type":"ImageObject","inLanguage":"es","@id":"https:\/\/utap.edu.co\/sitio\/#\/schema\/logo\/image\/","url":"https:\/\/utap.edu.co\/sitio\/wp-content\/uploads\/2023\/11\/Mesa-de-trabajo-1logo.png","contentUrl":"https:\/\/utap.edu.co\/sitio\/wp-content\/uploads\/2023\/11\/Mesa-de-trabajo-1logo.png","width":401,"height":86,"caption":"Tecnol\u00f3gica Aut\u00f3noma del Pacifico"},"image":{"@id":"https:\/\/utap.edu.co\/sitio\/#\/schema\/logo\/image\/"},"sameAs":["https:\/\/www.facebook.com\/UTAPCALI\/","https:\/\/www.instagram.com\/utapcali\/","https:\/\/www.linkedin.com\/company\/tecnol\u00f3gica-aut\u00f3noma-del-pac\u00edfico","https:\/\/www.youtube.com\/channel\/UCdh4_tECdrEEptoOuW_lo8Q\/"]}]}},"_links":{"self":[{"href":"https:\/\/utap.edu.co\/sitio\/wp-json\/wp\/v2\/pages\/12614"}],"collection":[{"href":"https:\/\/utap.edu.co\/sitio\/wp-json\/wp\/v2\/pages"}],"about":[{"href":"https:\/\/utap.edu.co\/sitio\/wp-json\/wp\/v2\/types\/page"}],"author":[{"embeddable":true,"href":"https:\/\/utap.edu.co\/sitio\/wp-json\/wp\/v2\/users\/1"}],"replies":[{"embeddable":true,"href":"https:\/\/utap.edu.co\/sitio\/wp-json\/wp\/v2\/comments?post=12614"}],"version-history":[{"count":0,"href":"https:\/\/utap.edu.co\/sitio\/wp-json\/wp\/v2\/pages\/12614\/revisions"}],"wp:attachment":[{"href":"https:\/\/utap.edu.co\/sitio\/wp-json\/wp\/v2\/media?parent=12614"}],"wp:term":[{"taxonomy":"wf_page_folders","embeddable":true,"href":"https:\/\/utap.edu.co\/sitio\/wp-json\/wp\/v2\/wf_page_folders?post=12614"}],"curies":[{"name":"wp","href":"https:\/\/api.w.org\/{rel}","templated":true}]}}