{"id":12599,"date":"2022-03-15T11:26:59","date_gmt":"2022-03-15T16:26:59","guid":{"rendered":"https:\/\/utap.edu.co\/sitio\/?page_id=12599"},"modified":"2024-07-10T11:55:05","modified_gmt":"2024-07-10T16:55:05","slug":"enlaces-dian","status":"publish","type":"page","link":"https:\/\/utap.edu.co\/sitio\/enlaces-dian\/","title":{"rendered":"Enlaces DIAN"},"content":{"rendered":"<div id=\"pl-gb12599-69d96eb621def\"  class=\"panel-layout wp-block-siteorigin-panels-layout-block\" ><div id=\"pg-gb12599-69d96eb621def-0\"  class=\"panel-grid panel-no-style\" ><div id=\"pgc-gb12599-69d96eb621def-0-0\"  class=\"panel-grid-cell\" ><div id=\"panel-gb12599-69d96eb621def-0-0-0\" class=\"so-panel widget widget_sow-image panel-first-child panel-last-child\" data-index=\"0\" ><div\n\t\t\t\n\t\t\tclass=\"so-widget-sow-image so-widget-sow-image-default-c4f6304fc136-12599\"\n\t\t\t\n\t\t>\n<div class=\"sow-image-container\">\n\t\t<img \n\tsrc=\"https:\/\/utap.edu.co\/sitio\/wp-content\/uploads\/2022\/03\/BANNER-DIAN.jpg\" width=\"1635\" height=\"512\" srcset=\"https:\/\/utap.edu.co\/sitio\/wp-content\/uploads\/2022\/03\/BANNER-DIAN.jpg 1635w, https:\/\/utap.edu.co\/sitio\/wp-content\/uploads\/2022\/03\/BANNER-DIAN-1024x321.jpg 1024w, https:\/\/utap.edu.co\/sitio\/wp-content\/uploads\/2022\/03\/BANNER-DIAN-768x240.jpg 768w, https:\/\/utap.edu.co\/sitio\/wp-content\/uploads\/2022\/03\/BANNER-DIAN-1536x481.jpg 1536w\" sizes=\"(max-width: 1635px) 100vw, 1635px\" alt=\"\" loading=\"lazy\" \t\tclass=\"so-widget-image\"\/>\n\t<\/div>\n\n<\/div><\/div><\/div><\/div><div id=\"pg-gb12599-69d96eb621def-1\"  class=\"panel-grid panel-no-style\" ><div id=\"pgc-gb12599-69d96eb621def-1-0\"  class=\"panel-grid-cell\" ><div id=\"panel-gb12599-69d96eb621def-1-0-0\" class=\"so-panel widget widget_text panel-first-child panel-last-child\" data-index=\"1\" >\t\t\t<div class=\"textwidget\"><ul>\n<li><a href=\"https:\/\/utap.edu.co\/sitio\/renovacion-presentado\/\">Resoluci\u00f3n ESAL Formato 5245<\/a><\/li>\n<li><a href=\"https:\/\/utap.edu.co\/sitio\/certificado-de-existencia\/\">Certificado de Existencia y Representaci\u00f3n legal<\/a><\/li>\n<li><a href=\"https:\/\/utap.edu.co\/sitio\/regimen-tributario\/\">Certificaci\u00f3n del Rev. Fiscal- R\u00e9gimen Tributario<\/a><\/li>\n<li><a href=\"https:\/\/utap.edu.co\/sitio\/estados-financieros\/\">Estados Financieros<\/a><\/li>\n<li><a href=\"https:\/\/utap.edu.co\/sitio\/rut-ftap\/\">RUT FTAP<\/a><\/li>\n<li><a href=\"https:\/\/utap.edu.co\/sitio\/ftap-acta-asamblea\/\">Acta asamblea<\/a><\/li>\n<li><a href=\"https:\/\/utap.edu.co\/sitio\/cumplimiento-y-antecedentes-junta\/\">Certificado de cumplimiento y antecedentes de Junta<\/a><\/li>\n<li><a href=\"https:\/\/utap.edu.co\/sitio\/declaracion-de-renta\/\">Declaraci\u00f3n de renta<\/a><\/li>\n<li><a href=\"https:\/\/utap.edu.co\/sitio\/memoria-economica\/\">Memoria econ\u00f3mica<\/a><\/li>\n<li><a href=\"https:\/\/utap.edu.co\/sitio\/informe-de-gestion\/\">Informe de Gesti\u00f3n 2023<\/a><\/li>\n<\/ul>\n<\/div>\n\t\t<\/div><\/div><\/div><\/div>","protected":false},"excerpt":{"rendered":"<p>Resoluci\u00f3n ESAL Formato 5245 Certificado de Existencia y Representaci\u00f3n legal Certificaci\u00f3n del Rev. Fiscal- R\u00e9gimen Tributario Estados Financieros RUT FTAP Acta asamblea Certificado de cumplimiento&hellip;<\/p>\n","protected":false},"author":2,"featured_media":0,"parent":0,"menu_order":0,"comment_status":"closed","ping_status":"closed","template":"","meta":{"_joinchat":[]},"wf_page_folders":[],"yoast_head":"<!-- This site is optimized with the Yoast SEO plugin v21.1 - https:\/\/yoast.com\/wordpress\/plugins\/seo\/ -->\n<title>Enlaces DIAN - UTAP<\/title>\n<meta name=\"robots\" content=\"index, follow, max-snippet:-1, max-image-preview:large, max-video-preview:-1\" \/>\n<link rel=\"canonical\" href=\"https:\/\/utap.edu.co\/sitio\/enlaces-dian\/\" \/>\n<meta property=\"og:locale\" content=\"es_ES\" \/>\n<meta property=\"og:type\" content=\"article\" \/>\n<meta property=\"og:title\" content=\"Enlaces DIAN - UTAP\" \/>\n<meta property=\"og:description\" content=\"Resoluci\u00f3n ESAL Formato 5245 Certificado de Existencia y Representaci\u00f3n legal Certificaci\u00f3n del Rev. Fiscal- R\u00e9gimen Tributario Estados Financieros RUT FTAP Acta asamblea Certificado de cumplimiento&hellip;\" \/>\n<meta property=\"og:url\" content=\"https:\/\/utap.edu.co\/sitio\/enlaces-dian\/\" \/>\n<meta property=\"og:site_name\" content=\"UTAP\" \/>\n<meta property=\"article:publisher\" content=\"https:\/\/www.facebook.com\/UTAPCALI\/\" \/>\n<meta property=\"article:modified_time\" content=\"2024-07-10T16:55:05+00:00\" \/>\n<meta name=\"twitter:card\" content=\"summary_large_image\" \/>\n<meta name=\"twitter:label1\" content=\"Tiempo de lectura\" \/>\n\t<meta name=\"twitter:data1\" content=\"1 minuto\" \/>\n<script type=\"application\/ld+json\" class=\"yoast-schema-graph\">{\"@context\":\"https:\/\/schema.org\",\"@graph\":[{\"@type\":\"WebPage\",\"@id\":\"https:\/\/utap.edu.co\/sitio\/enlaces-dian\/\",\"url\":\"https:\/\/utap.edu.co\/sitio\/enlaces-dian\/\",\"name\":\"Enlaces DIAN - UTAP\",\"isPartOf\":{\"@id\":\"https:\/\/utap.edu.co\/sitio\/#website\"},\"datePublished\":\"2022-03-15T16:26:59+00:00\",\"dateModified\":\"2024-07-10T16:55:05+00:00\",\"breadcrumb\":{\"@id\":\"https:\/\/utap.edu.co\/sitio\/enlaces-dian\/#breadcrumb\"},\"inLanguage\":\"es\",\"potentialAction\":[{\"@type\":\"ReadAction\",\"target\":[\"https:\/\/utap.edu.co\/sitio\/enlaces-dian\/\"]}]},{\"@type\":\"BreadcrumbList\",\"@id\":\"https:\/\/utap.edu.co\/sitio\/enlaces-dian\/#breadcrumb\",\"itemListElement\":[{\"@type\":\"ListItem\",\"position\":1,\"name\":\"Home\",\"item\":\"https:\/\/utap.edu.co\/sitio\/\"},{\"@type\":\"ListItem\",\"position\":2,\"name\":\"Enlaces DIAN\"}]},{\"@type\":\"WebSite\",\"@id\":\"https:\/\/utap.edu.co\/sitio\/#website\",\"url\":\"https:\/\/utap.edu.co\/sitio\/\",\"name\":\"UTAP\",\"description\":\"Educaci\u00f3n Superior con Sentido Social\",\"publisher\":{\"@id\":\"https:\/\/utap.edu.co\/sitio\/#organization\"},\"potentialAction\":[{\"@type\":\"SearchAction\",\"target\":{\"@type\":\"EntryPoint\",\"urlTemplate\":\"https:\/\/utap.edu.co\/sitio\/?s={search_term_string}\"},\"query-input\":\"required name=search_term_string\"}],\"inLanguage\":\"es\"},{\"@type\":\"Organization\",\"@id\":\"https:\/\/utap.edu.co\/sitio\/#organization\",\"name\":\"Tecnol\u00f3gica Aut\u00f3noma del Pacifico\",\"url\":\"https:\/\/utap.edu.co\/sitio\/\",\"logo\":{\"@type\":\"ImageObject\",\"inLanguage\":\"es\",\"@id\":\"https:\/\/utap.edu.co\/sitio\/#\/schema\/logo\/image\/\",\"url\":\"https:\/\/utap.edu.co\/sitio\/wp-content\/uploads\/2023\/11\/Mesa-de-trabajo-1logo.png\",\"contentUrl\":\"https:\/\/utap.edu.co\/sitio\/wp-content\/uploads\/2023\/11\/Mesa-de-trabajo-1logo.png\",\"width\":401,\"height\":86,\"caption\":\"Tecnol\u00f3gica Aut\u00f3noma del Pacifico\"},\"image\":{\"@id\":\"https:\/\/utap.edu.co\/sitio\/#\/schema\/logo\/image\/\"},\"sameAs\":[\"https:\/\/www.facebook.com\/UTAPCALI\/\",\"https:\/\/www.instagram.com\/utapcali\/\",\"https:\/\/www.linkedin.com\/company\/tecnol\u00f3gica-aut\u00f3noma-del-pac\u00edfico\",\"https:\/\/www.youtube.com\/channel\/UCdh4_tECdrEEptoOuW_lo8Q\/\"]}]}<\/script>\n<!-- \/ Yoast SEO plugin. -->","yoast_head_json":{"title":"Enlaces DIAN - UTAP","robots":{"index":"index","follow":"follow","max-snippet":"max-snippet:-1","max-image-preview":"max-image-preview:large","max-video-preview":"max-video-preview:-1"},"canonical":"https:\/\/utap.edu.co\/sitio\/enlaces-dian\/","og_locale":"es_ES","og_type":"article","og_title":"Enlaces DIAN - UTAP","og_description":"Resoluci\u00f3n ESAL Formato 5245 Certificado de Existencia y Representaci\u00f3n legal Certificaci\u00f3n del Rev. Fiscal- R\u00e9gimen Tributario Estados Financieros RUT FTAP Acta asamblea Certificado de cumplimiento&hellip;","og_url":"https:\/\/utap.edu.co\/sitio\/enlaces-dian\/","og_site_name":"UTAP","article_publisher":"https:\/\/www.facebook.com\/UTAPCALI\/","article_modified_time":"2024-07-10T16:55:05+00:00","twitter_card":"summary_large_image","twitter_misc":{"Tiempo de lectura":"1 minuto"},"schema":{"@context":"https:\/\/schema.org","@graph":[{"@type":"WebPage","@id":"https:\/\/utap.edu.co\/sitio\/enlaces-dian\/","url":"https:\/\/utap.edu.co\/sitio\/enlaces-dian\/","name":"Enlaces DIAN - UTAP","isPartOf":{"@id":"https:\/\/utap.edu.co\/sitio\/#website"},"datePublished":"2022-03-15T16:26:59+00:00","dateModified":"2024-07-10T16:55:05+00:00","breadcrumb":{"@id":"https:\/\/utap.edu.co\/sitio\/enlaces-dian\/#breadcrumb"},"inLanguage":"es","potentialAction":[{"@type":"ReadAction","target":["https:\/\/utap.edu.co\/sitio\/enlaces-dian\/"]}]},{"@type":"BreadcrumbList","@id":"https:\/\/utap.edu.co\/sitio\/enlaces-dian\/#breadcrumb","itemListElement":[{"@type":"ListItem","position":1,"name":"Home","item":"https:\/\/utap.edu.co\/sitio\/"},{"@type":"ListItem","position":2,"name":"Enlaces DIAN"}]},{"@type":"WebSite","@id":"https:\/\/utap.edu.co\/sitio\/#website","url":"https:\/\/utap.edu.co\/sitio\/","name":"UTAP","description":"Educaci\u00f3n Superior con Sentido Social","publisher":{"@id":"https:\/\/utap.edu.co\/sitio\/#organization"},"potentialAction":[{"@type":"SearchAction","target":{"@type":"EntryPoint","urlTemplate":"https:\/\/utap.edu.co\/sitio\/?s={search_term_string}"},"query-input":"required name=search_term_string"}],"inLanguage":"es"},{"@type":"Organization","@id":"https:\/\/utap.edu.co\/sitio\/#organization","name":"Tecnol\u00f3gica Aut\u00f3noma del Pacifico","url":"https:\/\/utap.edu.co\/sitio\/","logo":{"@type":"ImageObject","inLanguage":"es","@id":"https:\/\/utap.edu.co\/sitio\/#\/schema\/logo\/image\/","url":"https:\/\/utap.edu.co\/sitio\/wp-content\/uploads\/2023\/11\/Mesa-de-trabajo-1logo.png","contentUrl":"https:\/\/utap.edu.co\/sitio\/wp-content\/uploads\/2023\/11\/Mesa-de-trabajo-1logo.png","width":401,"height":86,"caption":"Tecnol\u00f3gica Aut\u00f3noma del Pacifico"},"image":{"@id":"https:\/\/utap.edu.co\/sitio\/#\/schema\/logo\/image\/"},"sameAs":["https:\/\/www.facebook.com\/UTAPCALI\/","https:\/\/www.instagram.com\/utapcali\/","https:\/\/www.linkedin.com\/company\/tecnol\u00f3gica-aut\u00f3noma-del-pac\u00edfico","https:\/\/www.youtube.com\/channel\/UCdh4_tECdrEEptoOuW_lo8Q\/"]}]}},"_links":{"self":[{"href":"https:\/\/utap.edu.co\/sitio\/wp-json\/wp\/v2\/pages\/12599"}],"collection":[{"href":"https:\/\/utap.edu.co\/sitio\/wp-json\/wp\/v2\/pages"}],"about":[{"href":"https:\/\/utap.edu.co\/sitio\/wp-json\/wp\/v2\/types\/page"}],"author":[{"embeddable":true,"href":"https:\/\/utap.edu.co\/sitio\/wp-json\/wp\/v2\/users\/2"}],"replies":[{"embeddable":true,"href":"https:\/\/utap.edu.co\/sitio\/wp-json\/wp\/v2\/comments?post=12599"}],"version-history":[{"count":0,"href":"https:\/\/utap.edu.co\/sitio\/wp-json\/wp\/v2\/pages\/12599\/revisions"}],"wp:attachment":[{"href":"https:\/\/utap.edu.co\/sitio\/wp-json\/wp\/v2\/media?parent=12599"}],"wp:term":[{"taxonomy":"wf_page_folders","embeddable":true,"href":"https:\/\/utap.edu.co\/sitio\/wp-json\/wp\/v2\/wf_page_folders?post=12599"}],"curies":[{"name":"wp","href":"https:\/\/api.w.org\/{rel}","templated":true}]}}