{"id":10429,"date":"2021-10-16T10:00:55","date_gmt":"2021-10-16T15:00:55","guid":{"rendered":"https:\/\/utap.edu.co\/sitio\/?page_id=10429"},"modified":"2023-04-13T16:05:32","modified_gmt":"2023-04-13T21:05:32","slug":"empresas","status":"publish","type":"page","link":"https:\/\/utap.edu.co\/sitio\/empresas\/","title":{"rendered":"Empresas"},"content":{"rendered":"\n<div class=\"alignnormal\"><div id=\"metaslider-id-10432\" style=\"width: 100%; margin: 0 auto;\" class=\"ml-slider-3-107-0 metaslider metaslider-flex metaslider-10432 ml-slider has-dots-nav ms-theme-default\" role=\"region\" aria-label=\"Empresas\" data-height=\"579\" data-width=\"1500\">\n    <div id=\"metaslider_container_10432\">\n        <div id=\"metaslider_10432\">\n            <ul class='slides'>\n                <li style=\"display: block; width: 100%;\" class=\"slide-10434 ms-image \" aria-roledescription=\"slide\" data-date=\"2021-10-16 09:12:45\" data-filename=\"PRACTICAS-LABORALES.png\" data-slide-type=\"image\"><img src=\"https:\/\/utap.edu.co\/sitio\/wp-content\/uploads\/2021\/10\/PRACTICAS-LABORALES.png\" height=\"579\" width=\"1500\" alt=\"\" class=\"slider-10432 slide-10434 msDefaultImage\" title=\"PR\u00c1CTICAS-LABORALES\" \/><\/li>\n            <\/ul>\n        <\/div>\n        \n    <\/div>\n<\/div><\/div>\n\n\n\n<p class=\"has-text-align-center\">Estimado Se\u00f1or Empresario, para la Tecnol\u00f3gica Aut\u00f3noma del Pacifico es un privilegio contar con empresas comprometidas con el desarrollo acad\u00e9mico y profesional de nuestros estudiantes, por tanto, se hace fundamental establecer un vinculo solido entre el Sector empresarial y la Instituci\u00f3n con miras al progreso y el desarrollo municipal, regional y nacional a trav\u00e9s de nuestros procesos de Investigaci\u00f3n y <strong>Relaciones con el Sector Externo.<\/strong><\/p>\n\n\n\n<p class=\"has-text-align-center\"><br><strong>Se parte de nuestra red y accede a: <\/strong><\/p>\n\n\n\n<figure class=\"wp-block-image alignfull\"><img decoding=\"async\" loading=\"lazy\" width=\"1024\" height=\"119\" src=\"https:\/\/utap.edu.co\/sitio\/wp-content\/uploads\/2021\/10\/beneficios-1024x119.png\" alt=\"\" class=\"wp-image-10444\" srcset=\"https:\/\/utap.edu.co\/sitio\/wp-content\/uploads\/2021\/10\/beneficios-1024x119.png 1024w, https:\/\/utap.edu.co\/sitio\/wp-content\/uploads\/2021\/10\/beneficios-768x89.png 768w, https:\/\/utap.edu.co\/sitio\/wp-content\/uploads\/2021\/10\/beneficios-1536x178.png 1536w, https:\/\/utap.edu.co\/sitio\/wp-content\/uploads\/2021\/10\/beneficios.png 1920w\" sizes=\"(max-width: 1024px) 100vw, 1024px\" \/><\/figure>\n\n\n\n<div class=\"is-horizontal is-content-justification-center is-layout-flex wp-container-1 wp-block-buttons alignwide\">\n<div class=\"wp-block-button\"><a class=\"wp-block-button__link has-white-color has-text-color has-background wp-element-button\" href=\"https:\/\/forms.gle\/C7HXYSb9ujsjwbwt5\" style=\"background:linear-gradient(135deg,rgb(88,0,19) 0%,rgb(254,45,45) 50%,rgb(107,0,62) 100%)\" target=\"_blank\" rel=\"noopener\">Ingresa aqu\u00ed y solicita tus practicantes<\/a><\/div>\n<\/div>\n\n\n<div id=\"pl-gb10429-69efb47a8a2d6\"  class=\"panel-layout\" ><div id=\"pg-gb10429-69efb47a8a2d6-0\"  class=\"panel-grid panel-no-style\" ><div id=\"pgc-gb10429-69efb47a8a2d6-0-0\"  class=\"panel-grid-cell panel-grid-cell-empty\" ><\/div><\/div><div id=\"pg-gb10429-69efb47a8a2d6-1\"  class=\"panel-grid panel-no-style\" ><div id=\"pgc-gb10429-69efb47a8a2d6-1-0\"  class=\"panel-grid-cell\" ><div id=\"panel-gb10429-69efb47a8a2d6-1-0-0\" class=\"so-panel widget widget_siteorigin-panels-builder panel-first-child panel-last-child\" data-index=\"0\" ><div id=\"pl-w616b10857b81f\"  class=\"panel-layout\" ><div id=\"pg-w616b10857b81f-0\"  class=\"panel-grid panel-no-style\" ><div id=\"pgc-w616b10857b81f-0-0\"  class=\"panel-grid-cell\" ><div id=\"panel-w616b10857b81f-0-0-0\" class=\"so-panel widget widget_metaslider_widget panel-first-child panel-last-child\" data-index=\"0\" ><div id=\"metaslider-id-10445\" style=\"width: 100%; margin: 0 auto;\" class=\"ml-slider-3-107-0 metaslider metaslider-flex metaslider-10445 ml-slider has-dots-nav has-carousel-mode ms-theme-default\" role=\"region\" aria-label=\"Carrusel empresas\" data-height=\"100\" data-width=\"400\">\n    <div id=\"metaslider_container_10445\">\n        <div id=\"metaslider_10445\">\n            <ul class='slides'>\n                <li style=\"display: none; width: 100%;\" class=\"slide-10451 ms-image \" aria-roledescription=\"slide\" data-date=\"2021-10-16 12:03:52\" data-filename=\"logos-23-400x100.jpg\" data-slide-type=\"image\"><a href=\"#\" target=\"_self\" aria-label=\"Ver detalles de la diapositiva\" class=\"metaslider_image_link\"><img decoding=\"async\" loading=\"lazy\" src=\"https:\/\/utap.edu.co\/sitio\/wp-content\/uploads\/2021\/10\/logos-23-400x100.jpg\" height=\"100\" width=\"400\" alt=\"\" class=\"slider-10445 slide-10451 msDefaultImage\" title=\"logos-23\" \/><\/a><\/li>\n                <li style=\"display: none; width: 100%;\" class=\"slide-10455 ms-image \" aria-roledescription=\"slide\" data-date=\"2021-10-16 12:03:52\" data-filename=\"logos-27-400x100.jpg\" data-slide-type=\"image\"><a href=\"#\" target=\"_self\" aria-label=\"Ver detalles de la diapositiva\" class=\"metaslider_image_link\"><img decoding=\"async\" loading=\"lazy\" src=\"https:\/\/utap.edu.co\/sitio\/wp-content\/uploads\/2021\/10\/logos-27-400x100.jpg\" height=\"100\" width=\"400\" alt=\"\" class=\"slider-10445 slide-10455 msDefaultImage\" title=\"logos-27\" \/><\/a><\/li>\n                <li style=\"display: none; width: 100%;\" class=\"slide-10465 ms-image \" aria-roledescription=\"slide\" data-date=\"2021-10-16 12:38:04\" data-filename=\"LOGOS-grandes_Mesa-de-trabajo-1-copia-2-400x100.jpg\" data-slide-type=\"image\"><img decoding=\"async\" loading=\"lazy\" src=\"https:\/\/utap.edu.co\/sitio\/wp-content\/uploads\/2021\/10\/LOGOS-grandes_Mesa-de-trabajo-1-copia-2-400x100.jpg\" height=\"100\" width=\"400\" alt=\"\" class=\"slider-10445 slide-10465 msDefaultImage\" title=\"LOGOS grandes_Mesa de trabajo 1 copia 2\" \/><\/li>\n                <li style=\"display: none; width: 100%;\" class=\"slide-10466 ms-image \" aria-roledescription=\"slide\" data-date=\"2021-10-16 12:38:05\" data-filename=\"LOGOS-grandes_Mesa-de-trabajo-1-copia-3-400x100.jpg\" data-slide-type=\"image\"><img decoding=\"async\" loading=\"lazy\" src=\"https:\/\/utap.edu.co\/sitio\/wp-content\/uploads\/2021\/10\/LOGOS-grandes_Mesa-de-trabajo-1-copia-3-400x100.jpg\" height=\"100\" width=\"400\" alt=\"\" class=\"slider-10445 slide-10466 msDefaultImage\" title=\"LOGOS grandes_Mesa de trabajo 1 copia 3\" \/><\/li>\n                <li style=\"display: none; width: 100%;\" class=\"slide-10467 ms-image \" aria-roledescription=\"slide\" data-date=\"2021-10-16 12:38:05\" data-filename=\"LOGOS-grandes_Mesa-de-trabajo-1-copia-400x100.jpg\" data-slide-type=\"image\"><img decoding=\"async\" loading=\"lazy\" src=\"https:\/\/utap.edu.co\/sitio\/wp-content\/uploads\/2021\/10\/LOGOS-grandes_Mesa-de-trabajo-1-copia-400x100.jpg\" height=\"100\" width=\"400\" alt=\"\" class=\"slider-10445 slide-10467 msDefaultImage\" title=\"LOGOS grandes_Mesa de trabajo 1 copia\" \/><\/li>\n            <\/ul>\n        <\/div>\n        \n    <\/div>\n<\/div><\/div><\/div><\/div><\/div><\/div><\/div><\/div><\/div>\n\n\n<div class=\"alignnormal\"><div id=\"metaslider-id-10445\" style=\"width: 100%; margin: 0 auto;\" class=\"ml-slider-3-107-0 metaslider metaslider-flex metaslider-10445 ml-slider has-dots-nav has-carousel-mode ms-theme-default\" role=\"region\" aria-label=\"Carrusel empresas\" data-height=\"100\" data-width=\"400\">\n    <div id=\"metaslider_container_10445\">\n        <div id=\"metaslider_10445\">\n            <ul class='slides'>\n                <li style=\"display: none; width: 100%;\" class=\"slide-10451 ms-image \" aria-roledescription=\"slide\" data-date=\"2021-10-16 12:03:52\" data-filename=\"logos-23-400x100.jpg\" data-slide-type=\"image\"><a href=\"#\" target=\"_self\" aria-label=\"Ver detalles de la diapositiva\" class=\"metaslider_image_link\"><img src=\"https:\/\/utap.edu.co\/sitio\/wp-content\/uploads\/2021\/10\/logos-23-400x100.jpg\" height=\"100\" width=\"400\" alt=\"\" class=\"slider-10445 slide-10451 msDefaultImage\" title=\"logos-23\" \/><\/a><\/li>\n                <li style=\"display: none; width: 100%;\" class=\"slide-10455 ms-image \" aria-roledescription=\"slide\" data-date=\"2021-10-16 12:03:52\" data-filename=\"logos-27-400x100.jpg\" data-slide-type=\"image\"><a href=\"#\" target=\"_self\" aria-label=\"Ver detalles de la diapositiva\" class=\"metaslider_image_link\"><img src=\"https:\/\/utap.edu.co\/sitio\/wp-content\/uploads\/2021\/10\/logos-27-400x100.jpg\" height=\"100\" width=\"400\" alt=\"\" class=\"slider-10445 slide-10455 msDefaultImage\" title=\"logos-27\" \/><\/a><\/li>\n                <li style=\"display: none; width: 100%;\" class=\"slide-10465 ms-image \" aria-roledescription=\"slide\" data-date=\"2021-10-16 12:38:04\" data-filename=\"LOGOS-grandes_Mesa-de-trabajo-1-copia-2-400x100.jpg\" data-slide-type=\"image\"><img src=\"https:\/\/utap.edu.co\/sitio\/wp-content\/uploads\/2021\/10\/LOGOS-grandes_Mesa-de-trabajo-1-copia-2-400x100.jpg\" height=\"100\" width=\"400\" alt=\"\" class=\"slider-10445 slide-10465 msDefaultImage\" title=\"LOGOS grandes_Mesa de trabajo 1 copia 2\" \/><\/li>\n                <li style=\"display: none; width: 100%;\" class=\"slide-10466 ms-image \" aria-roledescription=\"slide\" data-date=\"2021-10-16 12:38:05\" data-filename=\"LOGOS-grandes_Mesa-de-trabajo-1-copia-3-400x100.jpg\" data-slide-type=\"image\"><img src=\"https:\/\/utap.edu.co\/sitio\/wp-content\/uploads\/2021\/10\/LOGOS-grandes_Mesa-de-trabajo-1-copia-3-400x100.jpg\" height=\"100\" width=\"400\" alt=\"\" class=\"slider-10445 slide-10466 msDefaultImage\" title=\"LOGOS grandes_Mesa de trabajo 1 copia 3\" \/><\/li>\n                <li style=\"display: none; width: 100%;\" class=\"slide-10467 ms-image \" aria-roledescription=\"slide\" data-date=\"2021-10-16 12:38:05\" data-filename=\"LOGOS-grandes_Mesa-de-trabajo-1-copia-400x100.jpg\" data-slide-type=\"image\"><img src=\"https:\/\/utap.edu.co\/sitio\/wp-content\/uploads\/2021\/10\/LOGOS-grandes_Mesa-de-trabajo-1-copia-400x100.jpg\" height=\"100\" width=\"400\" alt=\"\" class=\"slider-10445 slide-10467 msDefaultImage\" title=\"LOGOS grandes_Mesa de trabajo 1 copia\" \/><\/li>\n            <\/ul>\n        <\/div>\n        \n    <\/div>\n<\/div><\/div>\n","protected":false},"excerpt":{"rendered":"<p>Estimado Se\u00f1or Empresario, para la Tecnol\u00f3gica Aut\u00f3noma del Pacifico es un privilegio contar con empresas comprometidas con el desarrollo acad\u00e9mico y profesional de nuestros estudiantes,&hellip;<\/p>\n","protected":false},"author":1,"featured_media":0,"parent":0,"menu_order":0,"comment_status":"closed","ping_status":"closed","template":"","meta":{"_joinchat":[]},"wf_page_folders":[],"yoast_head":"<!-- This site is optimized with the Yoast SEO plugin v21.1 - https:\/\/yoast.com\/wordpress\/plugins\/seo\/ -->\n<title>Empresas - UTAP<\/title>\n<meta name=\"robots\" content=\"index, follow, max-snippet:-1, max-image-preview:large, max-video-preview:-1\" \/>\n<link rel=\"canonical\" href=\"https:\/\/utap.edu.co\/sitio\/empresas\/\" \/>\n<meta property=\"og:locale\" content=\"es_ES\" \/>\n<meta property=\"og:type\" content=\"article\" \/>\n<meta property=\"og:title\" content=\"Empresas - UTAP\" \/>\n<meta property=\"og:description\" content=\"Estimado Se\u00f1or Empresario, para la Tecnol\u00f3gica Aut\u00f3noma del Pacifico es un privilegio contar con empresas comprometidas con el desarrollo acad\u00e9mico y profesional de nuestros estudiantes,&hellip;\" \/>\n<meta property=\"og:url\" content=\"https:\/\/utap.edu.co\/sitio\/empresas\/\" \/>\n<meta property=\"og:site_name\" content=\"UTAP\" \/>\n<meta property=\"article:publisher\" content=\"https:\/\/www.facebook.com\/UTAPCALI\/\" \/>\n<meta property=\"article:modified_time\" content=\"2023-04-13T21:05:32+00:00\" \/>\n<meta property=\"og:image\" content=\"https:\/\/utap.edu.co\/sitio\/wp-content\/uploads\/2021\/10\/beneficios-1024x119.png\" \/>\n<meta name=\"twitter:card\" content=\"summary_large_image\" \/>\n<script type=\"application\/ld+json\" class=\"yoast-schema-graph\">{\"@context\":\"https:\/\/schema.org\",\"@graph\":[{\"@type\":\"WebPage\",\"@id\":\"https:\/\/utap.edu.co\/sitio\/empresas\/\",\"url\":\"https:\/\/utap.edu.co\/sitio\/empresas\/\",\"name\":\"Empresas - UTAP\",\"isPartOf\":{\"@id\":\"https:\/\/utap.edu.co\/sitio\/#website\"},\"datePublished\":\"2021-10-16T15:00:55+00:00\",\"dateModified\":\"2023-04-13T21:05:32+00:00\",\"breadcrumb\":{\"@id\":\"https:\/\/utap.edu.co\/sitio\/empresas\/#breadcrumb\"},\"inLanguage\":\"es\",\"potentialAction\":[{\"@type\":\"ReadAction\",\"target\":[\"https:\/\/utap.edu.co\/sitio\/empresas\/\"]}]},{\"@type\":\"BreadcrumbList\",\"@id\":\"https:\/\/utap.edu.co\/sitio\/empresas\/#breadcrumb\",\"itemListElement\":[{\"@type\":\"ListItem\",\"position\":1,\"name\":\"Home\",\"item\":\"https:\/\/utap.edu.co\/sitio\/\"},{\"@type\":\"ListItem\",\"position\":2,\"name\":\"Empresas\"}]},{\"@type\":\"WebSite\",\"@id\":\"https:\/\/utap.edu.co\/sitio\/#website\",\"url\":\"https:\/\/utap.edu.co\/sitio\/\",\"name\":\"UTAP\",\"description\":\"Educaci\u00f3n Superior con Sentido Social\",\"publisher\":{\"@id\":\"https:\/\/utap.edu.co\/sitio\/#organization\"},\"potentialAction\":[{\"@type\":\"SearchAction\",\"target\":{\"@type\":\"EntryPoint\",\"urlTemplate\":\"https:\/\/utap.edu.co\/sitio\/?s={search_term_string}\"},\"query-input\":\"required name=search_term_string\"}],\"inLanguage\":\"es\"},{\"@type\":\"Organization\",\"@id\":\"https:\/\/utap.edu.co\/sitio\/#organization\",\"name\":\"Tecnol\u00f3gica Aut\u00f3noma del Pacifico\",\"url\":\"https:\/\/utap.edu.co\/sitio\/\",\"logo\":{\"@type\":\"ImageObject\",\"inLanguage\":\"es\",\"@id\":\"https:\/\/utap.edu.co\/sitio\/#\/schema\/logo\/image\/\",\"url\":\"https:\/\/utap.edu.co\/sitio\/wp-content\/uploads\/2023\/11\/Mesa-de-trabajo-1logo.png\",\"contentUrl\":\"https:\/\/utap.edu.co\/sitio\/wp-content\/uploads\/2023\/11\/Mesa-de-trabajo-1logo.png\",\"width\":401,\"height\":86,\"caption\":\"Tecnol\u00f3gica Aut\u00f3noma del Pacifico\"},\"image\":{\"@id\":\"https:\/\/utap.edu.co\/sitio\/#\/schema\/logo\/image\/\"},\"sameAs\":[\"https:\/\/www.facebook.com\/UTAPCALI\/\",\"https:\/\/www.instagram.com\/utapcali\/\",\"https:\/\/www.linkedin.com\/company\/tecnol\u00f3gica-aut\u00f3noma-del-pac\u00edfico\",\"https:\/\/www.youtube.com\/channel\/UCdh4_tECdrEEptoOuW_lo8Q\/\"]}]}<\/script>\n<!-- \/ Yoast SEO plugin. -->","yoast_head_json":{"title":"Empresas - UTAP","robots":{"index":"index","follow":"follow","max-snippet":"max-snippet:-1","max-image-preview":"max-image-preview:large","max-video-preview":"max-video-preview:-1"},"canonical":"https:\/\/utap.edu.co\/sitio\/empresas\/","og_locale":"es_ES","og_type":"article","og_title":"Empresas - UTAP","og_description":"Estimado Se\u00f1or Empresario, para la Tecnol\u00f3gica Aut\u00f3noma del Pacifico es un privilegio contar con empresas comprometidas con el desarrollo acad\u00e9mico y profesional de nuestros estudiantes,&hellip;","og_url":"https:\/\/utap.edu.co\/sitio\/empresas\/","og_site_name":"UTAP","article_publisher":"https:\/\/www.facebook.com\/UTAPCALI\/","article_modified_time":"2023-04-13T21:05:32+00:00","og_image":[{"url":"https:\/\/utap.edu.co\/sitio\/wp-content\/uploads\/2021\/10\/beneficios-1024x119.png"}],"twitter_card":"summary_large_image","schema":{"@context":"https:\/\/schema.org","@graph":[{"@type":"WebPage","@id":"https:\/\/utap.edu.co\/sitio\/empresas\/","url":"https:\/\/utap.edu.co\/sitio\/empresas\/","name":"Empresas - UTAP","isPartOf":{"@id":"https:\/\/utap.edu.co\/sitio\/#website"},"datePublished":"2021-10-16T15:00:55+00:00","dateModified":"2023-04-13T21:05:32+00:00","breadcrumb":{"@id":"https:\/\/utap.edu.co\/sitio\/empresas\/#breadcrumb"},"inLanguage":"es","potentialAction":[{"@type":"ReadAction","target":["https:\/\/utap.edu.co\/sitio\/empresas\/"]}]},{"@type":"BreadcrumbList","@id":"https:\/\/utap.edu.co\/sitio\/empresas\/#breadcrumb","itemListElement":[{"@type":"ListItem","position":1,"name":"Home","item":"https:\/\/utap.edu.co\/sitio\/"},{"@type":"ListItem","position":2,"name":"Empresas"}]},{"@type":"WebSite","@id":"https:\/\/utap.edu.co\/sitio\/#website","url":"https:\/\/utap.edu.co\/sitio\/","name":"UTAP","description":"Educaci\u00f3n Superior con Sentido Social","publisher":{"@id":"https:\/\/utap.edu.co\/sitio\/#organization"},"potentialAction":[{"@type":"SearchAction","target":{"@type":"EntryPoint","urlTemplate":"https:\/\/utap.edu.co\/sitio\/?s={search_term_string}"},"query-input":"required name=search_term_string"}],"inLanguage":"es"},{"@type":"Organization","@id":"https:\/\/utap.edu.co\/sitio\/#organization","name":"Tecnol\u00f3gica Aut\u00f3noma del Pacifico","url":"https:\/\/utap.edu.co\/sitio\/","logo":{"@type":"ImageObject","inLanguage":"es","@id":"https:\/\/utap.edu.co\/sitio\/#\/schema\/logo\/image\/","url":"https:\/\/utap.edu.co\/sitio\/wp-content\/uploads\/2023\/11\/Mesa-de-trabajo-1logo.png","contentUrl":"https:\/\/utap.edu.co\/sitio\/wp-content\/uploads\/2023\/11\/Mesa-de-trabajo-1logo.png","width":401,"height":86,"caption":"Tecnol\u00f3gica Aut\u00f3noma del Pacifico"},"image":{"@id":"https:\/\/utap.edu.co\/sitio\/#\/schema\/logo\/image\/"},"sameAs":["https:\/\/www.facebook.com\/UTAPCALI\/","https:\/\/www.instagram.com\/utapcali\/","https:\/\/www.linkedin.com\/company\/tecnol\u00f3gica-aut\u00f3noma-del-pac\u00edfico","https:\/\/www.youtube.com\/channel\/UCdh4_tECdrEEptoOuW_lo8Q\/"]}]}},"_links":{"self":[{"href":"https:\/\/utap.edu.co\/sitio\/wp-json\/wp\/v2\/pages\/10429"}],"collection":[{"href":"https:\/\/utap.edu.co\/sitio\/wp-json\/wp\/v2\/pages"}],"about":[{"href":"https:\/\/utap.edu.co\/sitio\/wp-json\/wp\/v2\/types\/page"}],"author":[{"embeddable":true,"href":"https:\/\/utap.edu.co\/sitio\/wp-json\/wp\/v2\/users\/1"}],"replies":[{"embeddable":true,"href":"https:\/\/utap.edu.co\/sitio\/wp-json\/wp\/v2\/comments?post=10429"}],"version-history":[{"count":0,"href":"https:\/\/utap.edu.co\/sitio\/wp-json\/wp\/v2\/pages\/10429\/revisions"}],"wp:attachment":[{"href":"https:\/\/utap.edu.co\/sitio\/wp-json\/wp\/v2\/media?parent=10429"}],"wp:term":[{"taxonomy":"wf_page_folders","embeddable":true,"href":"https:\/\/utap.edu.co\/sitio\/wp-json\/wp\/v2\/wf_page_folders?post=10429"}],"curies":[{"name":"wp","href":"https:\/\/api.w.org\/{rel}","templated":true}]}}